{"id":2955,"date":"2021-02-14T11:55:41","date_gmt":"2021-02-14T10:55:41","guid":{"rendered":"https:\/\/yogaplume.fr\/?page_id=2955"},"modified":"2021-07-24T09:41:42","modified_gmt":"2021-07-24T08:41:42","slug":"le-jeu-de-sable","status":"publish","type":"page","link":"https:\/\/yogaplume.fr\/index.php\/le-jeu-de-sable\/","title":{"rendered":"LE JEU DE SABLE"},"content":{"rendered":"    <!--[section]-->\n\t\t<style>\n.bd-section-2116301925{padding:3em 0px;}\n.bd-section-2116301925{\n\tline-height:  32.4px;\n\tcolor:  #000000;\n\tfont-size:  18px;\n\ttext-align:  center;\n\tletter-spacing:  1px;\n}\n.bd-section-2116301925 p{\n\tmargin-top:  1em;\n\tmargin-bottom:  1em;\n}\n<\/style>\t\t<section id=section4 class=\" bd-section-2116301925  bd-tagstyles\" data-section-title=\"Intro Text\">\n\t\t\t<div class=\"bd-container-inner bd-margins clearfix\">\n\t\t\t\t<!--{content}-->\n\t\t\t\t\t<!--[fluid]--><!--{content}--><!--[layoutbox]--><style>\n.additional-class-1681047890{width:50vw;margin-left:auto;margin-right:auto;}\n@media (max-width: 1199px) {.additional-class-1681047890{width:75vw;}}\n@media (max-width: 767px) {.additional-class-1681047890{width:90%;}}<\/style><div class=\"clearfix  additional-class-1681047890 bd-page-width  bd-no-margins bd-no-margins\"><div class=\"bd-container-inner\"><!--{content}-->    <!--[text]-->\n        <style>\n.additional-class-939545887{margin-bottom:-77px;margin-top:-57px;}\n.additional-class-939545887{\n\tfont-family:  Arial;\n}\n<\/style>        <p class=\" additional-class-939545887  bd-content-element\">\n            <!--{content}-->\n                \u00ab L\u2019individuation n\u2019a d\u2019autre but que de lib\u00e9rer le Soi, d\u2019une part des fausses enveloppes de la persona, et d\u2019autre part de la force suggestive des images inconscientes&nbsp;\u00bb. Carl Gustave JUNG            <!--{\/content}-->\n        <\/p>\n    <!--[\/text]-->\n<!--{\/content}--><\/div><\/div><!--[\/layoutbox]--><!--{\/content}--><!--[\/fluid]-->\t\t\t\t<!--{\/content}-->\n\t\t\t<\/div>\n\t\t<\/section>\n\t<!--[\/section]-->\n\n    <!--[section]-->\n\t\t<style>\n.bd-section-338976612{\n\tline-height:  30px;\n\tcolor:  #ffffff;\n\tfont-size:  20px;\n}\n.bd-section-338976612 h1{\n\tline-height:  54px;\n\tcolor:  #ffffff;\n\tfont-size:  36px;\n\tfont-weight:  800;\n\tletter-spacing:  2px;\n\ttext-decoration:  none;\n\ttext-transform:  uppercase;\n}\n<\/style>\t\t<section id=section4 class=\" bd-section-338976612  bd-tagstyles\" data-section-title=\"One Third\">\n\t\t\t<div class=\"bd-container-inner bd-margins clearfix\">\n\t\t\t\t<!--{content}-->\n\t\t\t\t\t    <!--[columns]-->\n        <style>\n.bd-layoutcontainer-1626926218  > .bd-container-inner > .container-fluid:after{display:none;}<\/style><style>\n.bd-layoutcontainer-1626926218 > .bd-container-inner > .container-fluid, .bd-layoutcontainer-1626926218 > .bd-container-inner > .container-fluid > .row{height:100%;}<\/style><style>.bd-layoutcontainer-1626926218 > .bd-container-inner > .container-fluid {padding-left: 0; padding-right: 0;}<\/style>        <style>\n.bd-layoutcolumn-1303408604{background-color:#bc9876;z-index:3;margin:-0.5em -5em -1.55em 2em;padding:5em 2em;}\n@media (max-width: 991px) {.bd-layoutcolumn-1303408604{margin-right:-7em;}}\n@media (max-width: 767px) {.bd-layoutcolumn-1303408604{padding-right:1em;padding-left:1em;margin:0px;}}\n\n.bd-layoutcolumn-1999126366{position:relative;margin-top:-31px;}<\/style>        <div class=\" bd-layoutcontainer-1626926218  bd-columns bd-no-margins\">\n            <div class=\"bd-container-inner\">\n                <div class=\"container-fluid\">\n                    <div class=\"row bd-row-flex bd-row-align-middle\">\n                        <!--{content}-->\n                                <!--[column]-->\n        <div class=\"col-sm-6 bd-columnwrapper-1303408604\">\n            <div class=\"bd-column  bd-layoutcolumn-1303408604  bd-no-margins\">\n                <div class=\"bd-vertical-align-wrapper\">\n                    <!--{content}-->\n                            <!--[text]-->\n                <h1 class=\" additional-class-2125076003  bd-content-element\">\n            <!--{content}-->\n                <b>LES ORIGINES<\/b><b><\/b><!--EndFragment-->            <!--{\/content}-->\n        <\/h1>\n    <!--[\/text]-->\n\n\t\n\t\t    <!--[text]-->\n                <p class=\" additional-class-1946773810  bd-content-element\">\n            <!--{content}-->\n                Le Jeu de sable a \u00e9t\u00e9 cr\u00e9\u00e9 dans les ann\u00e9es 1930 par le Dr. Margaret Lowenfeld. \u00c0 partir des ann\u00e9es 1950, Dora Kalff a consid\u00e9rablement enrichi la technique en y juxtaposant les concepts de la Psychologie Analytique de Carl Gustav Jung.&nbsp;&nbsp;            <!--{\/content}-->\n        <\/p>\n    <!--[\/text]-->\n\n\t\n\t\t\n    <!--[spacer]-->\n    <style>\n.bd-spacer-2093420217{height:1em;}<\/style>    <div class=\" bd-spacer-2093420217  clearfix\">\n        <!--{content}--><!--{\/content}-->\n    <\/div>\n    <!--[\/spacer]-->\n\n                        <!--{\/content}-->\n                <\/div>\n            <\/div>\n        <\/div>\n    <!--[\/column]-->\n\n\t\n\t\t    <!--[column]-->\n        <div class=\"col-sm-6 bd-columnwrapper-1999126366\">\n            <div class=\"bd-column  bd-layoutcolumn-1999126366 \">\n                <div class=\"bd-vertical-align-wrapper\">\n                    <!--{content}-->\n                        <!--[image]--><style>\n.additional-class-2072926946{width:565px;}<\/style><style>\n            .additional-class-2072926946 > img, img.additional-class-2072926946 {\n                max-width: 100%;\n            }\n        <\/style><img src=\"https:\/\/yogaplume.fr\/wp-content\/uploads\/2021\/02\/b086c16fa8db1bd02d077fc013dd1d6a_20201118_1443220021.jpg\" class=\" additional-class-2072926946    img-responsive bd-own-margins\"><!--{content}--><!--{\/content}--><!--[\/image]-->                    <!--{\/content}-->\n                <\/div>\n            <\/div>\n        <\/div>\n    <!--[\/column]-->\n                        <!--{\/content}-->\n                    <\/div>\n                <\/div>\n            <\/div>\n        <\/div>\n    <!--[\/columns]-->\n\t\t\t\t<!--{\/content}-->\n\t\t\t<\/div>\n\t\t<\/section>\n\t<!--[\/section]-->\n\n    <!--[section]-->\n\t\t<style>\n.bd-section-2134936021{\n\tline-height:  32px;\n\ttext-align:  center;\n\tcolor:  #000000;\n\tfont-size:  16px;\n}\n.bd-section-2134936021 h2{\n\tline-height:  36px;\n\tcolor:  #ffffff;\n\tfont-size:  24px;\n\ttext-transform:  capitalize;\n\tfont-weight:  700;\n}\n.bd-section-2134936021 h1{\n\tline-height:  54px;\n\tfont-size:  36px;\n\tfont-weight:  700;\n\tcolor:  #000000;\n}\n<\/style>\t\t<section id=section4 class=\" bd-section-2134936021  bd-tagstyles\" data-section-title=\"Five Columns With Bigger Left\">\n\t\t\t<div class=\"bd-container-inner bd-margins clearfix\">\n\t\t\t\t<!--{content}-->\n\t\t\t\t\t    <!--[columns]-->\n        <style>\n.bd-layoutcontainer-877569957{background-attachment:scroll;background-size:cover;}<\/style><style>\n.bd-layoutcontainer-877569957  > .bd-container-inner > .container-fluid:after{display:none;}<\/style><style>\n.bd-layoutcontainer-877569957 > .bd-container-inner > .container-fluid, .bd-layoutcontainer-877569957 > .bd-container-inner > .container-fluid > .row{height:100%;}<\/style><style>.bd-layoutcontainer-877569957 > .bd-container-inner > .container-fluid {padding-left: 0; padding-right: 0;}<\/style>        <style>\n.bd-layoutcolumn-1797835295{margin-bottom:-124px;padding:8em 5em;}\n@media (max-width: 991px) {.bd-layoutcolumn-1797835295{height:60vw;}}\n@media (max-width: 767px) {.bd-layoutcolumn-1797835295{height:220vw;padding:20px;}}\n.bd-layoutcolumn-1797835295{\n\ttext-align:  left;\n}\n\n@media (max-width: 767px) {.bd-layoutcolumn-1797835295{\n\ttext-align:  center;\n}\n}\n\n.bd-layoutcolumn-1815878150{background-image:url(https:\/\/yogaplume.fr\/wp-content\/uploads\/2021\/02\/b2a025e3e424be1d0d1288cf197b78ff_20201118_144322003.jpg);background-repeat:repeat;background-attachment:scroll;background-position:center center;background-size:cover;padding-right:2em;padding-left:2em;margin-top:-124px;}<\/style>        <div class=\" bd-layoutcontainer-877569957  bd-columns bd-no-margins\">\n            <div class=\"bd-container-inner\">\n                <div class=\"container-fluid\">\n                    <div class=\"row bd-row-flex bd-row-align-middle\">\n                        <!--{content}-->\n                                <!--[column]-->\n        <div class=\"col-lg-6 col-md-6 col-sm-12 bd-columnwrapper-1797835295\">\n            <div class=\"bd-column  bd-layoutcolumn-1797835295 \">\n                <div class=\"bd-vertical-align-wrapper\">\n                    <!--{content}-->\n                            <!--[text]-->\n        <style>\n.additional-class-1128885902{margin-top:0px;}<\/style>        <h1 class=\" additional-class-1128885902  bd-content-element\">\n            <!--{content}-->\n                UNE TECHNIQUE THERAPEUTIQUE            <!--{\/content}-->\n        <\/h1>\n    <!--[\/text]-->\n\n\t\n\t\t\n    <!--[separator]-->\n    <style>\n.bd-separator-439557302{margin-bottom:0px;padding-top:10px;padding-bottom:10px;}<\/style>        <style>\n.bd-separator-439557302 .bd-separator-inner:before, .bd-separator-439557302 .bd-separator-inner:after{border-top:3px solid #000000;}<\/style>    <style>\n.bd-separator-439557302 .bd-separator-inner{width:50px;}<\/style>\n    <div class=\" bd-separator-439557302  hidden-xs  bd-separator-left bd-separator-content-center clearfix\">\n        <div class=\"bd-container-inner\">\n            <div class=\"bd-separator-inner\">\n                                <!--{content}--><!--{\/content}-->\n            <\/div>\n        <\/div>\n    <\/div>\n    <!--[\/separator]-->\n\n    \n\t\n\t\t\n    <!--[spacer]-->\n    <style>\n.bd-spacer-2037048150{height:2.88em;margin-top:0px;margin-bottom:-43px;}\n@media (max-width: 1199px) {.bd-spacer-2037048150{height:1em;}}\n@media (max-width: 991px) {.bd-spacer-2037048150{height:2em;}}<\/style>    <div class=\" bd-spacer-2037048150  clearfix\">\n        <!--{content}--><!--{\/content}-->\n    <\/div>\n    <!--[\/spacer]-->\n\n    \n\t\n\t\t    <!--[text]-->\n        <style>\n.additional-class-255192820{margin-bottom:0px;margin-top:-43px;}<\/style>        <p class=\" additional-class-255192820  bd-content-element\">\n            <!--{content}-->\n                C\u2019est est une m\u00e9thode de psychoth\u00e9rapie \u00e0 part enti\u00e8re permettant la \u00ab&nbsp;transformation&nbsp;\u00bb et la \u00ab&nbsp;gu\u00e9rison&nbsp;\u00bb de la psych\u00e9. Par son caract\u00e8re non verbal, libre et cr\u00e9atif les sc\u00e8nes qui \u00e9mergent du jeu de sable entre le l\u2019inconscient et le conscient. Cette technique th\u00e9rapeutique,&nbsp;dynamique et au fort potentiel expressif, compl\u00e8te naturellement tous types d'accompagnements th\u00e9rapeutiques et s'adresse aussi bien aux enfants et adolescents qu'aux adultes mais aussi aux couples, familles et groupes.&nbsp;            <!--{\/content}-->\n        <\/p>\n    <!--[\/text]-->\n                    <!--{\/content}-->\n                <\/div>\n            <\/div>\n        <\/div>\n    <!--[\/column]-->\n\n\t\n\t\t    <!--[column]-->\n        <div class=\"col-lg-6 col-md-6 col-sm-12 bd-columnwrapper-1815878150\">\n            <div class=\"bd-column  bd-layoutcolumn-1815878150 \">\n                <div class=\"bd-vertical-align-wrapper\">\n                    <!--{content}-->\n                                            <!--{\/content}-->\n                <\/div>\n            <\/div>\n        <\/div>\n    <!--[\/column]-->\n                        <!--{\/content}-->\n                    <\/div>\n                <\/div>\n            <\/div>\n        <\/div>\n    <!--[\/columns]-->\n\t\t\t\t<!--{\/content}-->\n\t\t\t<\/div>\n\t\t<\/section>\n\t<!--[\/section]-->\n\n    <!--[section]-->\n\t\t<style>\n.bd-section-265019499{background-attachment:scroll;background-color:#ffffff;}\n.bd-section-265019499{\n\tline-height:  32px;\n\tcolor:  #000000;\n\tfont-size:  16px;\n\ttext-align:  center;\n}\n.bd-section-265019499 h1{\n\tline-height:  41.4px;\n\tfont-size:  36px;\n\tfont-weight:  600;\n\tcolor:  #000000;\n\ttext-transform:  capitalize;\n}\n<\/style>\t\t<section id=section4 class=\" bd-section-265019499  bd-tagstyles\" data-section-title=\"Two Columns Image Left\">\n\t\t\t<div class=\"bd-container-inner bd-margins clearfix\">\n\t\t\t\t<!--{content}-->\n\t\t\t\t\t    <!--[columns]-->\n        <style>\n.bd-layoutcontainer-306418138{height:50vw;}\n@media (max-width: 991px) {.bd-layoutcontainer-306418138{height:auto;}}<\/style><style>\n.bd-layoutcontainer-306418138 > .bd-container-inner > .container-fluid > .row{height:100%;margin:0px;}\n.bd-layoutcontainer-306418138 > .bd-container-inner > .container-fluid > .row > div{padding:0px;}\n.bd-layoutcontainer-306418138  > .bd-container-inner > .container-fluid:after{display:none;}<\/style><style>\n.bd-layoutcontainer-306418138 > .bd-container-inner > .container-fluid, .bd-layoutcontainer-306418138 > .bd-container-inner > .container-fluid > .row{height:100%;}<\/style><style>.bd-layoutcontainer-306418138 > .bd-container-inner > .container-fluid {padding-left: 0; padding-right: 0;margin-left: 0!important; margin-right: 0!important;}<\/style>        <style>\n.bd-layoutcolumn-996600597{position:relative;}\n\n.bd-layoutcolumn-1153379398{padding-right:4em;padding-left:4em;}\n@media (max-width: 991px) {.bd-layoutcolumn-1153379398{padding-bottom:3em;padding-top:3em;}}\n@media (max-width: 767px) {.bd-layoutcolumn-1153379398{padding-right:2em;padding-left:2em;}}<\/style>        <div class=\" bd-layoutcontainer-306418138  bd-columns bd-no-margins\">\n            <div class=\"bd-container-inner\">\n                <div class=\"container-fluid\">\n                    <div class=\"row bd-row-flex bd-row-align-middle\">\n                        <!--{content}-->\n                                <!--[column]-->\n        <div class=\"col-md-6 bd-columnwrapper-996600597\">\n            <div class=\"bd-column  bd-layoutcolumn-996600597 \">\n                <div class=\"bd-vertical-align-wrapper\">\n                    <!--{content}-->\n                            <!--[image_scaling]-->\n        <style>\n.bd-imagescaling-1057506055.bd-imagescaling-img, .bd-imagescaling-1057506055 .bd-imagescaling-img{background-position:center center;background-repeat:no-repeat;background-size:cover;}<\/style>        <!--{content}-->\n            <!--[image]--><style>\n.additional-class-837068739{position:absolute;top:0%;left:0%;width:100%;height:100%;}\n@media (max-width: 991px) {.additional-class-837068739{position:relative;}}<\/style><style>\n            .additional-class-837068739 > img, img.additional-class-837068739 {\n                max-width: 100%;\n            }\n        <\/style><img src=\"https:\/\/yogaplume.fr\/wp-content\/uploads\/2021\/07\/ee0ecdaebe59488ef488764354cd5b03_20201116_1740360022.jpg\" class=\" additional-class-837068739 img-responsive bd-own-margins bd-imagescaling  bd-imagescaling-1057506055 \"><!--{content}--><!--{\/content}--><!--[\/image]-->        <!--{\/content}-->\n    <!--[\/image_scaling]-->\n                    <!--{\/content}-->\n                <\/div>\n            <\/div>\n        <\/div>\n    <!--[\/column]-->\n\n\t\n\t\t    <!--[column]-->\n        <div class=\"col-md-6 bd-columnwrapper-1153379398\">\n            <div class=\"bd-column  bd-layoutcolumn-1153379398 \">\n                <div class=\"bd-vertical-align-wrapper\">\n                    <!--{content}-->\n                            <!--[text]-->\n                <h1 class=\" additional-class-567684175  bd-content-element\">\n            <!--{content}-->\n                COMMENT SE DEROULE UNE SEANCE ?            <!--{\/content}-->\n        <\/h1>\n    <!--[\/text]-->\n\n\t\n\t\t\n    <!--[separator]-->\n    <style>\n.bd-separator-2040959874{margin-bottom:0px;padding-top:10px;padding-bottom:10px;}<\/style>        <style>\n.bd-separator-2040959874 .bd-separator-inner:before, .bd-separator-2040959874 .bd-separator-inner:after{border-top:3px solid #000000;}<\/style>    <style>\n.bd-separator-2040959874 .bd-separator-inner{width:50px;}<\/style>\n    <div class=\" bd-separator-2040959874  bd-separator-center bd-separator-content-center clearfix\">\n        <div class=\"bd-container-inner\">\n            <div class=\"bd-separator-inner\">\n                                <!--{content}--><!--{\/content}-->\n            <\/div>\n        <\/div>\n    <\/div>\n    <!--[\/separator]-->\n\n    \n\t\n\t\t\n    <!--[spacer]-->\n    <style>\n.bd-spacer-2063310860{height:2em;margin-top:0px;margin-bottom:-26px;}<\/style>    <div class=\" bd-spacer-2063310860  clearfix\">\n        <!--{content}--><!--{\/content}-->\n    <\/div>\n    <!--[\/spacer]-->\n\n    \n\t\n\t\t    <!--[text]-->\n        <style>\n.additional-class-1268070465{margin-bottom:46px;margin-top:-26px;height:375px;}\n.additional-class-1268070465{\n\tline-height:  22.85714286px;\n\ttext-align:  center;\n\tfont-size:  16px;\n}\n<\/style>        <p class=\" additional-class-1268070465  bd-content-element\">\n            <!--{content}-->\n                <br>Le consultant choisit plusieurs objets parmi une importante collection afin de repr\u00e9senter des sc\u00e8nes. Celles-ci cr\u00e9ent des passerelles entre son conscient et son inconscient. Ces reflets de son monde int\u00e9rieur favorisent la compr\u00e9hension et la gu\u00e9rison de ses probl\u00e9matiques latentes, gr\u00e2ce au soutien et \u00e0 l'accompagnement du th\u00e9rapeute.<br><br>UN PROSSESSUS D\u2019AUTOTRANSFORMATION<br><br>\u00b7 Acceptation et Confrontation avec ses contenus inconscients\u00b7 D\u00e9passement de ses blocages, peurs, souffrances, angoisses \u2026\u00b7 Int\u00e9gration de ses contenus inconscients lumineux, ses ressources et ses potentiels enfouis au plus profond de soi-m\u00eame&nbsp;<br><br>            <!--{\/content}-->\n        <\/p>\n    <!--[\/text]-->\n\n\t\n\t\t\n    <!--[spacer]-->\n    <style>\n.bd-spacer-1859272183{height:2em;margin-bottom:-78px;margin-top:46px;}<\/style>    <div class=\" bd-spacer-1859272183  clearfix\">\n        <!--{content}--><!--{\/content}-->\n    <\/div>\n    <!--[\/spacer]-->\n\n    \n\t\n\t\t<!--[button]--><style>\n.additional-class-422502527{position:absolute;top:85.802%;left:40.862%;right:auto;bottom:auto;display:block;}<\/style><style>.additional-class-422502527 {\n                    text-decoration: inherit;\n\t                display: inline-block;\n\t                speak: none;\n\t            }\n\n                .additional-class-422502527:before {\n                    font-family: 'Billion Web Font';\n\t                font-style: normal;\n\t                font-weight: normal;\n\t                text-decoration: inherit;\n\t                text-align: center;\n\t                text-transform: none;\n\t                width: 1em;\n                }.additional-class-422502527:before {width: auto; visibility: inherit;}.additional-class-422502527:before{display: inline-block;}<\/style><style>.additional-class-422502527:before {\n        vertical-align: middle;\n        text-decoration: none;\n    }<\/style><style>.additional-class-422502527:hover {\n                    text-decoration: inherit;\n\t                display: inline-block;\n\t                speak: none;\n\t            }\n\n                .additional-class-422502527:hover:before {\n                    font-family: 'Billion Web Font';\n\t                font-style: normal;\n\t                font-weight: normal;\n\t                text-decoration: inherit;\n\t                text-align: center;\n\t                text-transform: none;\n\t                width: 1em;\n                }.additional-class-422502527:hover:before {width: auto; visibility: inherit;}.additional-class-422502527:hover:before{display: inline-block;}<\/style><style>.additional-class-422502527:hover:before {\n        vertical-align: middle;\n        text-decoration: none;\n    }<\/style><a href=\"https:\/\/www.psychotherapie-matthieu-mares.com\/therapies\" class=\"btn btn-primary  additional-class-422502527  bd-own-margins bd-content-element\"><!--{content}-->\nlien du site\n<!--{\/content}--><\/a><!--[\/button]-->                    <!--{\/content}-->\n                <\/div>\n            <\/div>\n        <\/div>\n    <!--[\/column]-->\n                        <!--{\/content}-->\n                    <\/div>\n                <\/div>\n            <\/div>\n        <\/div>\n    <!--[\/columns]-->\n\t\t\t\t<!--{\/content}-->\n\t\t\t<\/div>\n\t\t<\/section>\n\t<!--[\/section]-->\n\n","protected":false},"excerpt":{"rendered":"","protected":false},"author":1,"featured_media":0,"parent":0,"menu_order":0,"comment_status":"closed","ping_status":"closed","template":"","meta":[],"_links":{"self":[{"href":"https:\/\/yogaplume.fr\/index.php\/wp-json\/wp\/v2\/pages\/2955"}],"collection":[{"href":"https:\/\/yogaplume.fr\/index.php\/wp-json\/wp\/v2\/pages"}],"about":[{"href":"https:\/\/yogaplume.fr\/index.php\/wp-json\/wp\/v2\/types\/page"}],"author":[{"embeddable":true,"href":"https:\/\/yogaplume.fr\/index.php\/wp-json\/wp\/v2\/users\/1"}],"replies":[{"embeddable":true,"href":"https:\/\/yogaplume.fr\/index.php\/wp-json\/wp\/v2\/comments?post=2955"}],"version-history":[{"count":10,"href":"https:\/\/yogaplume.fr\/index.php\/wp-json\/wp\/v2\/pages\/2955\/revisions"}],"predecessor-version":[{"id":2983,"href":"https:\/\/yogaplume.fr\/index.php\/wp-json\/wp\/v2\/pages\/2955\/revisions\/2983"}],"wp:attachment":[{"href":"https:\/\/yogaplume.fr\/index.php\/wp-json\/wp\/v2\/media?parent=2955"}],"curies":[{"name":"wp","href":"https:\/\/api.w.org\/{rel}","templated":true}]}}