{"id":2875,"date":"2019-08-27T20:37:06","date_gmt":"2019-08-27T19:37:06","guid":{"rendered":"https:\/\/yogaplume.fr\/?page_id=2875"},"modified":"2019-09-18T11:30:56","modified_gmt":"2019-09-18T10:30:56","slug":"yoga-du-son","status":"publish","type":"page","link":"https:\/\/yogaplume.fr\/index.php\/yoga-du-son\/","title":{"rendered":"YOGA DU SON ET HARPE DE CRISTAL"},"content":{"rendered":"    <!--[section]-->\n\t\t<style>\n.bd-section-1405197638{background-color:#ededed;padding-top:2em;padding-bottom:2em;}\n.bd-section-1405197638 h2{\n\tline-height:  68.57142859px;\n\tfont-size:  48px;\n}\n<\/style>\t\t<section id=section5 class=\" bd-section-1405197638  bd-tagstyles\" data-section-title=\"Two Columns Right Offset Over Image\">\n\t\t\t<div class=\"bd-container-inner bd-margins clearfix\">\n\t\t\t\t<!--{content}-->\n\t\t\t\t\t    <!--[columns]-->\n        <style>\n.bd-layoutcontainer-255435649 > .bd-container-inner > .container-fluid > .row{height:100%;margin:0px;}\n.bd-layoutcontainer-255435649 > .bd-container-inner > .container-fluid > .row > div{padding:0px;}\n.bd-layoutcontainer-255435649  > .bd-container-inner > .container-fluid:after{display:none;}<\/style><style>\n.bd-layoutcontainer-255435649 > .bd-container-inner > .container-fluid, .bd-layoutcontainer-255435649 > .bd-container-inner > .container-fluid > .row{height:100%;}<\/style><style>.bd-layoutcontainer-255435649 > .bd-container-inner > .container-fluid {padding-left: 0; padding-right: 0;}<\/style>        <style>\n.bd-layoutcolumn-1031757307{position:relative;}\n\n.bd-layoutcolumn-2035333594{margin-top:2em;margin-bottom:2em;background-color:#ffffff;min-height:250px;margin-right:2em;padding:10%;}\n@media (max-width: 767px) {.bd-layoutcolumn-2035333594{margin-top:-2em;margin-left:5%;margin-right:5%;padding:5%;}}<\/style>        <div class=\" bd-layoutcontainer-255435649  bd-columns bd-no-margins\">\n            <div class=\"bd-container-inner\">\n                <div class=\"container-fluid\">\n                    <div class=\"row bd-row-flex bd-row-align-middle\">\n                        <!--{content}-->\n                                <!--[column]-->\n        <div class=\"col-sm-6 bd-columnwrapper-1031757307\">\n            <div class=\"bd-column  bd-layoutcolumn-1031757307 \">\n                <div class=\"bd-vertical-align-wrapper\">\n                    <!--{content}-->\n                            <!--[image_scaling]-->\n        <style>\n.bd-imagescaling-537700900.bd-imagescaling-img, .bd-imagescaling-537700900 .bd-imagescaling-img{background-position:center center;background-repeat:no-repeat;background-size:contain;}<\/style>        <!--{content}-->\n            <!--[image]--><style>\n.additional-class-1282465669{position:absolute;top:0%;bottom:0%;width:115%;left:-5%;height:100%;}\n@media (max-width: 767px) {.additional-class-1282465669{width:100%;position:relative;left:0%;}}<\/style><style>\n            .additional-class-1282465669 > img, img.additional-class-1282465669 {\n                max-width: 100%;\n            }\n        <\/style><img src=\"https:\/\/yogaplume.fr\/wp-content\/uploads\/2019\/09\/dd6f3c2742c97e0b394ea8f9ee37ff27_thumbnail_yogadusonimage.jpg\" class=\" additional-class-1282465669 img-responsive bd-own-margins bd-imagescaling  bd-imagescaling-537700900 \"><!--{content}--><!--{\/content}--><!--[\/image]-->        <!--{\/content}-->\n    <!--[\/image_scaling]-->\n                    <!--{\/content}-->\n                <\/div>\n            <\/div>\n        <\/div>\n    <!--[\/column]-->\n\n\t\n\t\t    <!--[column]-->\n        <div class=\"col-sm-6 bd-columnwrapper-2035333594\">\n            <div class=\"bd-column  bd-layoutcolumn-2035333594  bd-no-margins\">\n                <div class=\"bd-vertical-align-wrapper\">\n                    <!--{content}-->\n                            <!--[text]-->\n        <style>\n.additional-class-1714227867{height:504px;margin-top:43px;}\n.additional-class-1714227867{\n\ttext-align:  left;\n}\n<\/style>        <p class=\" additional-class-1714227867  bd-content-element\">\n            <!--{content}-->\n                Depuis plus de 5000 ans, des traditions reconnaissent les bienfaits des vibrations sonores sur le Vivant.&nbsp;<br><br><br>Notre corps est compos\u00e9 de 90% d\u2019eau, \u00e0 la moindre \u00e9motion ou trauma, cette eau se cristallise et cr\u00e9e ce que l\u2019on appelle des blocages.<br>Le Yoga du son a d\u00e9velopp\u00e9 l\u2019art de prendre soin de soi par la voix. La pratique consiste \u00e0 entonner des sons-cl\u00e9s (sons semences) accessibles \u00e0 tous qui ont un effet b\u00e9n\u00e9fique sur l\u2019organisme.&nbsp;<br><br>Ces sons sont notamment en relation avec les 7 chakras (centres \u00e9nerg\u00e9tiques) principaux.            <!--{\/content}-->\n        <\/p>\n    <!--[\/text]-->\n\n\t\n\t\t    <!--[text]-->\n        <style>\n.additional-class-1816100899{position:absolute;top:6.78256%;left:9.46206%;right:auto;bottom:auto;display:block;width:451px;height:68px;}\nh2.additional-class-1816100899{\n\ttext-align:  left;\n}\n<\/style>        <h2 class=\" additional-class-1816100899  bd-content-element\">\n            <!--{content}-->\n                Yoga du Son&nbsp;            <!--{\/content}-->\n        <\/h2>\n    <!--[\/text]-->\n                    <!--{\/content}-->\n                <\/div>\n            <\/div>\n        <\/div>\n    <!--[\/column]-->\n                        <!--{\/content}-->\n                    <\/div>\n                <\/div>\n            <\/div>\n        <\/div>\n    <!--[\/columns]-->\n\t\t\t\t<!--{\/content}-->\n\t\t\t<\/div>\n\t\t<\/section>\n\t<!--[\/section]-->\n\n<!--[fluid]--><!--{content}-->    <!--[section]-->\n\t\t<style>\n.bd-section-881728832{background-color:#ededed;padding-top:4em;padding-bottom:4em;}<\/style>\t\t<section id=section5 class=\" bd-section-881728832 bd-page-width  bd-tagstyles\" data-section-title=\"Two Columns Left Offset Over Image\">\n\t\t\t<div class=\"bd-container-inner bd-margins clearfix\">\n\t\t\t\t<!--{content}-->\n\t\t\t\t\t    <!--[columns]-->\n        <style>\n.bd-layoutcontainer-1207550803 > .bd-container-inner > .container-fluid > .row{height:100%;margin:0px;}\n.bd-layoutcontainer-1207550803 > .bd-container-inner > .container-fluid > .row > div{padding:0px;}\n.bd-layoutcontainer-1207550803  > .bd-container-inner > .container-fluid:after{display:none;}<\/style><style>\n.bd-layoutcontainer-1207550803 > .bd-container-inner > .container-fluid, .bd-layoutcontainer-1207550803 > .bd-container-inner > .container-fluid > .row{height:100%;}<\/style><style>.bd-layoutcontainer-1207550803 > .bd-container-inner > .container-fluid {padding-left: 0; padding-right: 0;}<\/style>        <style>\n.bd-layoutcolumn-658809925{position:relative;background-color:#ffffff;margin-bottom:2em;z-index:1;margin-top:2em;margin-left:5%;min-height:250px;padding:10%;}\n@media (max-width: 767px) {.bd-layoutcolumn-658809925{margin-left:5%;margin-right:5%;margin-bottom:-2em;}}\n.bd-layoutcolumn-658809925{\n\ttext-align:  left;\n}\n\n\n.bd-layoutcolumn-2144224929{position:relative;}<\/style>        <div class=\" bd-layoutcontainer-1207550803  bd-columns bd-no-margins\">\n            <div class=\"bd-container-inner\">\n                <div class=\"container-fluid\">\n                    <div class=\"row bd-row-flex bd-row-align-middle\">\n                        <!--{content}-->\n                                <!--[column]-->\n        <div class=\"col-lg-7 col-sm-6 bd-columnwrapper-658809925\">\n            <div class=\"bd-column  bd-layoutcolumn-658809925  bd-no-margins\">\n                <div class=\"bd-vertical-align-wrapper\">\n                    <!--{content}-->\n                            <!--[text]-->\n        <style>\n.additional-class-1192219220{margin-bottom:0px;}<\/style>        <h2 class=\" additional-class-1192219220  bd-content-element\">\n            <!--{content}-->\n                Harpe de Cristal            <!--{\/content}-->\n        <\/h2>\n    <!--[\/text]-->\n\n\t\n\t\t    <!--[text]-->\n        <style>\n.additional-class-50887454{height:840px;margin-top:0px;margin-bottom:86px;}\n.additional-class-50887454{\n\ttext-align:  justify;\n}\n<\/style>        <p class=\" additional-class-50887454  bd-content-element\">\n            <!--{content}-->\n                Harpe de Cristal, cet instrument hors du commun est l\u2019instrument du 21\u00e8me si\u00e8cle invent\u00e9 par le qu\u00e9b\u00e9cois Gaudry Normand.<br>Il est compos\u00e9 de 8 tubes de cristal de roche. Les sons aussi doux que puissants produits par la harpe sont tr\u00e8s \u00e9lev\u00e9s vibratoirement.<br><br><br>Ils permettent :<br><br>- des gu\u00e9risons profondes de l\u2019\u00catre, un auto-nettoyage du corps<br><br>- aux \u00e9nergies de circuler plus fluidement jusqu\u2019\u00e0 aller toucher les profondeurs de l\u2019\u00c2me, du subconscient. Il s\u2019agit d\u2019un v\u00e9ritable massage Aurique. C\u2019est une exp\u00e9rience vibratoire et sensorielle unique qui transporte dans les tr\u00e9fonds de l\u2019Essence<br><br>- aux blocages, aux tensions, aux n\u0153uds de se d\u00e9cristaliser<br><br><br>Les sons de la harpe de cristal \u00e9veillent l\u2019enfant int\u00e9rieur, restructurent l\u2019aura, et am\u00e8ne un pur \u00e9tat de pl\u00e9nitude et d\u2019apaisement \u00e9motionnel et mental, et tout cela dans la plus grande des douceurs.<br><br>Il s\u2019agit une v\u00e9ritable douche de lumi\u00e8re enveloppante qui permet \u00e0 l\u2019\u00catre de se d\u00e9ployer avec gr\u00e2ce et l\u00e9g\u00e8ret\u00e9.            <!--{\/content}-->\n        <\/p>\n    <!--[\/text]-->\n                    <!--{\/content}-->\n                <\/div>\n            <\/div>\n        <\/div>\n    <!--[\/column]-->\n\n\t\n\t\t    <!--[column]-->\n        <div class=\"col-lg-5 col-sm-6 bd-columnwrapper-2144224929\">\n            <div class=\"bd-column  bd-layoutcolumn-2144224929 \">\n                <div class=\"bd-vertical-align-wrapper\">\n                    <!--{content}-->\n                            <!--[image_scaling]-->\n        <style>\n.bd-imagescaling-1602740327.bd-imagescaling-img, .bd-imagescaling-1602740327 .bd-imagescaling-img{background-repeat:no-repeat;background-size:contain;}<\/style>        <!--{content}-->\n            <!--[image]--><style>\n.additional-class-229568024{position:absolute;top:21.683%;bottom:auto;height:403px;right:auto;left:4.292%;display:block;width:438px;}\n@media (max-width: 767px) {.additional-class-229568024{right:0%;}}<\/style><img src=\"https:\/\/yogaplume.fr\/wp-content\/uploads\/2019\/09\/41dd00667e0091e4b2bd2cef32c5c751_Harpedecristalauthentiquefi13471554x2501.jpg\" class=\" additional-class-229568024 bd-imagestyles-39 bd-own-margins bd-imagescaling  bd-imagescaling-1602740327 \"><!--{content}--><!--{\/content}--><!--[\/image]-->        <!--{\/content}-->\n    <!--[\/image_scaling]-->\n                    <!--{\/content}-->\n                <\/div>\n            <\/div>\n        <\/div>\n    <!--[\/column]-->\n                        <!--{\/content}-->\n                    <\/div>\n                <\/div>\n            <\/div>\n        <\/div>\n    <!--[\/columns]-->\n\t\t\t\t<!--{\/content}-->\n\t\t\t<\/div>\n\t\t<\/section>\n\t<!--[\/section]-->\n<!--{\/content}--><!--[\/fluid]-->\n    <!--[section]-->\n\t\t\t\t<section id=section4 class=\" bd-section-1160477181  bd-tagstyles\" data-section-title=\"One \u0421olumn\">\n\t\t\t<div class=\"bd-container-inner bd-margins clearfix\">\n\t\t\t\t<!--{content}-->\n\t\t\t\t\t    <!--[columns]-->\n        <style>\n.bd-layoutcontainer-784389970  > .bd-container-inner > .container-fluid:after{display:none;}<\/style><style>\n.bd-layoutcontainer-784389970 > .bd-container-inner > .container-fluid, .bd-layoutcontainer-784389970 > .bd-container-inner > .container-fluid > .row{height:100%;}<\/style><style>.bd-layoutcontainer-784389970 > .bd-container-inner > .container-fluid {padding-left: 0; padding-right: 0;}<\/style>        <style>\n.bd-layoutcolumn-535063998{\n\ttext-align:  left;\n}\n.bd-layoutcolumn-535063998 h2{\n\ttext-align:  left;\n}\n<\/style>        <div class=\" bd-layoutcontainer-784389970  bd-columns bd-no-margins\">\n            <div class=\"bd-container-inner\">\n                <div class=\"container-fluid\">\n                    <div class=\"row bd-row-flex bd-row-align-middle\">\n                        <!--{content}-->\n                                <!--[column]-->\n        <div class=\"col-xs-12 bd-columnwrapper-535063998\">\n            <div class=\"bd-column  bd-layoutcolumn-535063998 \">\n                <div class=\"bd-vertical-align-wrapper\">\n                    <!--{content}-->\n                            <!--[text]-->\n                <h2 class=\" additional-class-1651242017  bd-content-element\">\n            <!--{content}-->\n                Pour r\u00e9sumer les bienfaits :            <!--{\/content}-->\n        <\/h2>\n    <!--[\/text]-->\n\n\t\n\t\t    <!--[text]-->\n                <p class=\" additional-class-1488534467  bd-content-element\">\n            <!--{content}-->\n                Nous percevons les ondes sonores par la peau, mais aussi par la conduction osseuse et elles se r\u00e9pandent dans tout le corps gr\u00e2ce \u00e0 l\u2019eau. Les vibrations sonores se propagent \u00e0 travers nos fluides induisant la d\u00e9tente psychique, mentale et physique. Elles renforcent la vitalit\u00e9, favorisent la concentration et le retour \u00e0 l\u2019\u00e9quilibre. En activant le flux d\u2019\u00e9nergie dans le corps, elles stimulent la joie de vivre.            <!--{\/content}-->\n        <\/p>\n    <!--[\/text]-->\n                    <!--{\/content}-->\n                <\/div>\n            <\/div>\n        <\/div>\n    <!--[\/column]-->\n                        <!--{\/content}-->\n                    <\/div>\n                <\/div>\n            <\/div>\n        <\/div>\n    <!--[\/columns]-->\n\t\t\t\t<!--{\/content}-->\n\t\t\t<\/div>\n\t\t<\/section>\n\t<!--[\/section]-->\n\n","protected":false},"excerpt":{"rendered":"","protected":false},"author":1,"featured_media":0,"parent":0,"menu_order":0,"comment_status":"closed","ping_status":"closed","template":"","meta":[],"_links":{"self":[{"href":"https:\/\/yogaplume.fr\/index.php\/wp-json\/wp\/v2\/pages\/2875"}],"collection":[{"href":"https:\/\/yogaplume.fr\/index.php\/wp-json\/wp\/v2\/pages"}],"about":[{"href":"https:\/\/yogaplume.fr\/index.php\/wp-json\/wp\/v2\/types\/page"}],"author":[{"embeddable":true,"href":"https:\/\/yogaplume.fr\/index.php\/wp-json\/wp\/v2\/users\/1"}],"replies":[{"embeddable":true,"href":"https:\/\/yogaplume.fr\/index.php\/wp-json\/wp\/v2\/comments?post=2875"}],"version-history":[{"count":15,"href":"https:\/\/yogaplume.fr\/index.php\/wp-json\/wp\/v2\/pages\/2875\/revisions"}],"predecessor-version":[{"id":2911,"href":"https:\/\/yogaplume.fr\/index.php\/wp-json\/wp\/v2\/pages\/2875\/revisions\/2911"}],"wp:attachment":[{"href":"https:\/\/yogaplume.fr\/index.php\/wp-json\/wp\/v2\/media?parent=2875"}],"curies":[{"name":"wp","href":"https:\/\/api.w.org\/{rel}","templated":true}]}}