{"id":2765,"date":"2017-11-09T20:30:10","date_gmt":"2017-11-09T19:30:10","guid":{"rendered":"https:\/\/yogaplume.fr\/?page_id=2765"},"modified":"2017-11-12T12:09:15","modified_gmt":"2017-11-12T11:09:15","slug":"offrir","status":"publish","type":"page","link":"https:\/\/yogaplume.fr\/index.php\/offrir\/","title":{"rendered":"Offrir"},"content":{"rendered":"<h3 style=\"text-align: left; padding-left: 30px;\"><strong><span style=\"color: #008000;\">Une s\u00e9ance au choix :<\/span><\/strong><\/h3>\n<h4 style=\"text-align: right;\"><span style=\"color: #800080;\"><strong>SYLVIANE PATRON<\/strong><\/span><\/h4>\n<h4 style=\"text-align: right;\"><span style=\"color: #800080;\"><strong>\u21d2par t\u00e9l\u00e9phone : 06 89 84 80 71<\/strong><\/span><\/h4>\n<p style=\"padding-left: 30px;\"><img loading=\"lazy\" class=\"size-full wp-image-2764 alignright\" src=\"https:\/\/yogaplume.fr\/wp-content\/uploads\/2017\/11\/nenuphar.jpg\" alt=\"\" width=\"259\" height=\"194\" \/><strong>*REFLEX-RELAX<\/strong> <em>(Redynamisant et relaxant)<\/em><\/p>\n<p class=\"x_MsoNormal\" style=\"padding-left: 30px;\"><em>Massage r\u00e9flexologie palmaire et Relaxation<\/em><\/p>\n<p>&nbsp;<\/p>\n<p class=\"x_MsoNormal\" style=\"padding-left: 30px;\"><strong>*YOGA-RELAX<\/strong> (<em>Redynamisant et relaxant)<\/em><\/p>\n<p class=\"x_MsoNormal\" style=\"padding-left: 30px;\"><em>Yoga et Relaxation<\/em><\/p>\n<p>&nbsp;<\/p>\n<p class=\"x_MsoNormal\" style=\"padding-left: 30px;\"><strong>*PLUME-RELAX<\/strong> (<em>Relaxant)<\/em><\/p>\n<p class=\"x_MsoNormal\" style=\"padding-left: 30px;\"><em>Ecriture et Relaxation<\/em><\/p>\n<p>&nbsp;<\/p>\n<p class=\"x_MsoNormal\" style=\"padding-left: 30px;\"><strong>*RELAX<\/strong> <em>(Relaxant)<\/em><\/p>\n<p style=\"padding-left: 30px;\"><em>Relaxation<\/em><\/p>\n<h3><span style=\"color: #800080;\">\u21d2par e-mail<\/span><\/h3>\n<div role=\"form\" class=\"wpcf7\" id=\"wpcf7-f2622-o1\" lang=\"fr-FR\" dir=\"ltr\">\n<div class=\"screen-reader-response\"><p role=\"status\" aria-live=\"polite\" aria-atomic=\"true\"><\/p> <ul><\/ul><\/div>\n<form action=\"\/index.php\/wp-json\/wp\/v2\/pages\/2765#wpcf7-f2622-o1\" method=\"post\" class=\"wpcf7-form init\" novalidate=\"novalidate\" data-status=\"init\">\n<div style=\"display: none;\">\n<input type=\"hidden\" name=\"_wpcf7\" value=\"2622\" \/>\n<input type=\"hidden\" name=\"_wpcf7_version\" value=\"5.5.6\" \/>\n<input type=\"hidden\" name=\"_wpcf7_locale\" value=\"fr_FR\" \/>\n<input type=\"hidden\" name=\"_wpcf7_unit_tag\" value=\"wpcf7-f2622-o1\" \/>\n<input type=\"hidden\" name=\"_wpcf7_container_post\" value=\"0\" \/>\n<input type=\"hidden\" name=\"_wpcf7_posted_data_hash\" value=\"\" \/>\n<input type=\"hidden\" name=\"_wpcf7_recaptcha_response\" value=\"\" \/>\n<\/div>\n<p>Votre nom (obligatoire)<br \/>\n    <span class=\"wpcf7-form-control-wrap your-name\"><input type=\"text\" name=\"your-name\" value=\"\" size=\"40\" class=\"wpcf7-form-control wpcf7-text wpcf7-validates-as-required\" aria-required=\"true\" aria-invalid=\"false\" \/><\/span> <\/p>\n<p>Votre email (obligatoire)<br \/>\n    <span class=\"wpcf7-form-control-wrap your-email\"><input type=\"email\" name=\"your-email\" value=\"\" size=\"40\" class=\"wpcf7-form-control wpcf7-text wpcf7-email wpcf7-validates-as-required wpcf7-validates-as-email\" aria-required=\"true\" aria-invalid=\"false\" \/><\/span> <\/p>\n<p>Sujet<br \/>\n    <span class=\"wpcf7-form-control-wrap your-subject\"><input type=\"text\" name=\"your-subject\" value=\"\" size=\"40\" class=\"wpcf7-form-control wpcf7-text\" aria-invalid=\"false\" \/><\/span> <\/p>\n<p>Votre message<br \/>\n    <span class=\"wpcf7-form-control-wrap your-message\"><textarea name=\"your-message\" cols=\"40\" rows=\"10\" class=\"wpcf7-form-control wpcf7-textarea\" aria-invalid=\"false\"><\/textarea><\/span> <\/p>\n\n<p><input type=\"submit\" value=\"Envoyer\" class=\"wpcf7-form-control has-spinner wpcf7-submit\" \/><\/p>\n<div class=\"wpcf7-response-output\" aria-hidden=\"true\"><\/div><\/form><\/div>\n","protected":false},"excerpt":{"rendered":"<p>Une s\u00e9ance au choix : SYLVIANE PATRON \u21d2par t\u00e9l\u00e9phone : 06 89 84 80 71 *REFLEX-RELAX (Redynamisant et relaxant) Massage r\u00e9flexologie palmaire et Relaxation &nbsp; *YOGA-RELAX (Redynamisant et relaxant) Yoga et Relaxation &nbsp; *PLUME-RELAX (Relaxant) Ecriture et Relaxation &nbsp; *RELAX (Relaxant) Relaxation \u21d2par e-mail<\/p>\n","protected":false},"author":1,"featured_media":0,"parent":0,"menu_order":0,"comment_status":"closed","ping_status":"closed","template":"","meta":[],"_links":{"self":[{"href":"https:\/\/yogaplume.fr\/index.php\/wp-json\/wp\/v2\/pages\/2765"}],"collection":[{"href":"https:\/\/yogaplume.fr\/index.php\/wp-json\/wp\/v2\/pages"}],"about":[{"href":"https:\/\/yogaplume.fr\/index.php\/wp-json\/wp\/v2\/types\/page"}],"author":[{"embeddable":true,"href":"https:\/\/yogaplume.fr\/index.php\/wp-json\/wp\/v2\/users\/1"}],"replies":[{"embeddable":true,"href":"https:\/\/yogaplume.fr\/index.php\/wp-json\/wp\/v2\/comments?post=2765"}],"version-history":[{"count":16,"href":"https:\/\/yogaplume.fr\/index.php\/wp-json\/wp\/v2\/pages\/2765\/revisions"}],"predecessor-version":[{"id":2784,"href":"https:\/\/yogaplume.fr\/index.php\/wp-json\/wp\/v2\/pages\/2765\/revisions\/2784"}],"wp:attachment":[{"href":"https:\/\/yogaplume.fr\/index.php\/wp-json\/wp\/v2\/media?parent=2765"}],"curies":[{"name":"wp","href":"https:\/\/api.w.org\/{rel}","templated":true}]}}