{"id":2640,"date":"2016-08-03T20:35:52","date_gmt":"2016-08-03T19:35:52","guid":{"rendered":"https:\/\/yogaplume.fr\/?page_id=2640"},"modified":"2016-08-08T10:54:55","modified_gmt":"2016-08-08T09:54:55","slug":"lautobiographie","status":"publish","type":"page","link":"https:\/\/yogaplume.fr\/index.php\/lautobiographie\/","title":{"rendered":"L\u2019AUTOBIOGRAPHIE"},"content":{"rendered":"<!--[fluid]--><!--{content}-->    <!--[section]-->\n\t\t<style>\n.bd-section-1353942481{background-image:url(https:\/\/yogaplume.fr\/wp-content\/uploads\/2016\/08\/9ef7218b6e58f87d0a5c160326dcac27_Untitled2.jpg);background-repeat:repeat;background-attachment:scroll;background-size:cover;background-position:right bottom;padding:6em 1em;}\n.bd-section-1353942481{\n\tline-height:  40px;\n\tfont-size:  20px;\n\tcolor:  #000000;\n\tfont-weight:  400;\n\tfont-family:  'La Belle Aurore', cursive;\n}\n.bd-section-1353942481 h1{\n\tline-height:  21.6px;\n\ttext-transform:  uppercase;\n\tfont-weight:  600;\n\tfont-size:  18px;\n\tcolor:  #269ccb;\n\tletter-spacing:  1px;\n}\n<\/style>\t\t<section id=section4 class=\" bd-section-1353942481 bd-page-width  bd-tagstyles\" data-section-title=\"row with background image\">\n\t\t\t<div class=\"bd-container-inner bd-margins clearfix\">\n\t\t\t\t<!--{content}-->\n\t\t\t\t\t<!--[fluid_1]--><!--{content}--><!--[layoutbox]--><style>\n.additional-class-1950176339{width:60%;margin-left:auto;margin-right:auto;}\n@media (max-width: 1199px) {.additional-class-1950176339{width:75%;}}\n@media (max-width: 991px) {.additional-class-1950176339{width:95%;}}\n@media (max-width: 767px) {.additional-class-1950176339{width:100%;}}<\/style><div class=\"clearfix  additional-class-1950176339 bd-page-width  bd-no-margins bd-no-margins\"><div class=\"bd-container-inner\"><!--{content}-->    <!--[text]-->\n        <style>\n.additional-class-495557641{margin-top:0px;margin-bottom:27px;}<\/style>        <h1 class=\" additional-class-495557641  bd-content-element\">\n            <!--{content}-->\n                L\u2019 Ecriture biographique et autobiographique :            <!--{\/content}-->\n        <\/h1>\n    <!--[\/text]-->\n\n\t\n\t\t    <!--[text]-->\n        <style>\n.additional-class-990061251{height:720px;margin-bottom:0px;margin-top:27px;}<\/style>        <p class=\" additional-class-990061251  bd-content-element\">\n            <!--{content}-->\n                Pour y voir plus clair ?&nbsp;<br>mieux comprendre des \u00e9l\u00e9ments de notre histoire personnelle ?<br>Pour apaiser des peines et des douleurs ?<br>Pour pr\u00e9parer l\u2019avenir, des d\u00e9cisions \u00e0 prendre ?<br>Pour transmettre une exp\u00e9rience ?<br>Pour transmettre \u00e0 ses proches, famille, amis, le r\u00e9cit de sa vie, de ses anc\u00eatres ?<br>Et ne pas savoir comment s\u2019y prendre !<br>En fonction de votre projet, je vous propose un accompagnement personnalis\u00e9 au rythme qui vous convient.&nbsp;<br>Celui-ci peut comporter deux temps en fonction de vos besoins :&nbsp;<br>&nbsp; &nbsp; &nbsp; * Un premier temps \u00e0 partir de petits exercices qui stimuleront votre m\u00e9moire et mettrons en route votre \u00e9criture.<br>Et\/ou<br>&nbsp; &nbsp; &nbsp; * Un temps suivi \u00e0 partir de votre production o\u00f9 je vous fais des retours, je vous propose des moyens de sortir des difficult\u00e9s que vous rencontrez, etc\u2026.&nbsp;<br>&nbsp; &nbsp; &nbsp; &nbsp; &nbsp; &nbsp; &nbsp; &nbsp; &nbsp; &nbsp; &nbsp; &nbsp; &nbsp; &nbsp; &nbsp; &nbsp; &nbsp; &nbsp; &nbsp; &nbsp; &nbsp; &nbsp; &nbsp; &nbsp; &nbsp; &nbsp;<br><br>            <!--{\/content}-->\n        <\/p>\n    <!--[\/text]-->\n<!--{\/content}--><\/div><\/div><!--[\/layoutbox]--><!--{\/content}--><!--[\/fluid_1]-->\t\t\t\t<!--{\/content}-->\n\t\t\t<\/div>\n\t\t<\/section>\n\t<!--[\/section]-->\n<!--{\/content}--><!--[\/fluid]-->\n","protected":false},"excerpt":{"rendered":"","protected":false},"author":1,"featured_media":0,"parent":0,"menu_order":0,"comment_status":"closed","ping_status":"closed","template":"","meta":[],"_links":{"self":[{"href":"https:\/\/yogaplume.fr\/index.php\/wp-json\/wp\/v2\/pages\/2640"}],"collection":[{"href":"https:\/\/yogaplume.fr\/index.php\/wp-json\/wp\/v2\/pages"}],"about":[{"href":"https:\/\/yogaplume.fr\/index.php\/wp-json\/wp\/v2\/types\/page"}],"author":[{"embeddable":true,"href":"https:\/\/yogaplume.fr\/index.php\/wp-json\/wp\/v2\/users\/1"}],"replies":[{"embeddable":true,"href":"https:\/\/yogaplume.fr\/index.php\/wp-json\/wp\/v2\/comments?post=2640"}],"version-history":[{"count":15,"href":"https:\/\/yogaplume.fr\/index.php\/wp-json\/wp\/v2\/pages\/2640\/revisions"}],"predecessor-version":[{"id":2668,"href":"https:\/\/yogaplume.fr\/index.php\/wp-json\/wp\/v2\/pages\/2640\/revisions\/2668"}],"wp:attachment":[{"href":"https:\/\/yogaplume.fr\/index.php\/wp-json\/wp\/v2\/media?parent=2640"}],"curies":[{"name":"wp","href":"https:\/\/api.w.org\/{rel}","templated":true}]}}