{"id":2338,"date":"2016-05-06T13:11:46","date_gmt":"2016-05-06T12:11:46","guid":{"rendered":"http:\/\/yogaplume.fr\/?page_id=2338"},"modified":"2016-05-10T14:18:11","modified_gmt":"2016-05-10T13:18:11","slug":"code-de-deontologie","status":"publish","type":"page","link":"https:\/\/yogaplume.fr\/index.php\/code-de-deontologie\/","title":{"rendered":"Code de d\u00e9ontologie"},"content":{"rendered":"<!--[overlay]--><style>\n.bd-textureoverlay-1257282890:before{background-color:#000000;opacity:0.5;}<\/style><!--{content}--><!--[fluid_10000]--><!--{content}-->    <!--[section]-->\n\t\t<style>\n.bd-section-1092070241{background-image:url(http:\/\/yogaplume.fr\/wp-content\/uploads\/2016\/05\/1569ae97dd90d63c568a9d21ba0c4004_Fleurviolette.jpg);background-repeat:repeat;background-attachment:scroll;background-size:cover;background-position:left bottom;padding:6em 1em;}\n@media (max-width: 767px) {.bd-section-1092070241{padding-top:0em;padding-bottom:8em;}}\n.bd-section-1092070241{\n\tline-height:  32px;\n\ttext-align:  left;\n\tfont-size:  16px;\n\tcolor:  #ffffff;\n\tfont-weight:  400;\n}\n.bd-section-1092070241 h1{\n\tline-height:  36px;\n\ttext-transform:  uppercase;\n\tfont-weight:  600;\n\tfont-size:  30px;\n\tcolor:  #ffffff;\n\tletter-spacing:  1px;\n}\n<\/style>\t\t<section id=section4 class=\" bd-section-1092070241 bd-page-width bd-tagstyles bd-textureoverlay  bd-textureoverlay-1257282890 \" data-section-title=\"row with background image\">\n\t\t\t<div class=\"bd-container-inner bd-margins clearfix\">\n\t\t\t\t<!--{content}-->\n\t\t\t\t\t<!--[fluid_10001]--><!--{content}--><!--[layoutbox]--><style>\n.additional-class-1421781982{width:60%;margin-left:auto;margin-right:auto;}\n@media (max-width: 1199px) {.additional-class-1421781982{width:75%;}}\n@media (max-width: 991px) {.additional-class-1421781982{width:95%;}}\n@media (max-width: 767px) {.additional-class-1421781982{width:100%;}}<\/style><div class=\"clearfix  additional-class-1421781982 bd-page-width  bd-no-margins bd-no-margins\"><div class=\"bd-container-inner\"><!--{content}-->    <!--[text]-->\n                <h1 class=\" additional-class-129965907  bd-content-element\">\n            <!--{content}-->\n                mon code de d\u00e9ontologie            <!--{\/content}-->\n        <\/h1>\n    <!--[\/text]-->\n\n\t\n\t\t    <!--[text]-->\n                <p class=\" additional-class-282505932  bd-content-element\">\n            <!--{content}-->\n                Il s\u2019inscrit d\u2019une part dans la continuit\u00e9 du code de d\u00e9ontologie de l\u2019ANAS (Association Nationale des Assistants de Service Social) auquel j\u2019ai adh\u00e9r\u00e9 durant mes quinze ann\u00e9es d\u2019exercice de cette profession et dont je retiens les valeurs et principes suivants&nbsp;:<br style=\"color: rgb(255, 255, 255); font-weight: bold; line-height: 24px; background-color: rgb(12, 50, 64);\">Respect de la dignit\u00e9 de la personne, respect de son autonomie et de ses convictions<br style=\"color: rgb(255, 255, 255); font-weight: bold; line-height: 24px; background-color: rgb(12, 50, 64);\">Non-discrimination&nbsp;<br style=\"color: rgb(255, 255, 255); font-weight: bold; line-height: 24px; background-color: rgb(12, 50, 64);\">Confidentialit\u00e9, protection des donn\u00e9es r\u00e9colt\u00e9es et de l\u2019anonymat des personnes re\u00e7ues<br style=\"color: rgb(255, 255, 255); font-weight: bold; line-height: 24px; background-color: rgb(12, 50, 64);\">Ne communiquer un travail que sur demande de la personne et avec son accord \u00e9crit et travailler en \u00e9quipe pluridisciplinaire quand cela est n\u00e9cessaire pour le bien de la personne et avec son accord.<br style=\"color: rgb(255, 255, 255); font-weight: bold; line-height: 24px; background-color: rgb(12, 50, 64);\">Obligation de comp\u00e9tence \u00e0 savoir am\u00e9liorer constamment mes connaissances par la formation continue&nbsp;<br style=\"color: rgb(255, 255, 255); font-weight: bold; line-height: 24px; background-color: rgb(12, 50, 64);\">Respect du Secret professionnel<br style=\"color: rgb(255, 255, 255); font-weight: bold; line-height: 24px; background-color: rgb(12, 50, 64);\"><br>D\u2019autre part dans celui des praticiens th\u00e9rapeutes&nbsp;:<br style=\"color: rgb(255, 255, 255); font-weight: bold; line-height: 24px; background-color: rgb(12, 50, 64);\">Bienveillance et engagement \u00e0 n\u2019utiliser abusivement le pouvoir d\u2019influence que me conf\u00e8re ma fonction de Th\u00e9rapeute&nbsp;<br style=\"color: rgb(255, 255, 255); font-weight: bold; line-height: 24px; background-color: rgb(12, 50, 64);\">Respect de l\u2019intimit\u00e9 et de la pudeur de la personne&nbsp;<br style=\"color: rgb(255, 255, 255); font-weight: bold; line-height: 24px; background-color: rgb(12, 50, 64);\">Respect du bon d\u00e9roulement du processus d\u2019accompagnement th\u00e9rapeutique&nbsp;<br style=\"color: rgb(255, 255, 255); font-weight: bold; line-height: 24px; background-color: rgb(12, 50, 64);\">En cas de maladie, de conflit d\u2019int\u00e9r\u00eat ou d\u2019incapacit\u00e9 morale qui entrave mon objectivit\u00e9 ou mes comp\u00e9tences professionnelles, j\u2019invite la personne \u00e0 s\u2019adresser \u00e0 un confr\u00e8re comp\u00e9tent. Je ne pose aucun diagnostic m\u00e9dical ni n\u2019intervient dans aucune d\u00e9cision th\u00e9rapeutique.<br style=\"color: rgb(255, 255, 255); font-weight: bold; line-height: 24px; background-color: rgb(12, 50, 64);\"><br><br><br>EN SEANCE DE GROUPES<br>Faire respecter l\u2019obligation de discr\u00e9tion quant aux contenus \u00e9voqu\u00e9s et \u00e0 l\u2019identit\u00e9 des personnes.&nbsp;<br style=\"color: rgb(255, 255, 255); font-weight: bold; line-height: 24px; background-color: rgb(12, 50, 64);\"><br><br style=\"color: rgb(255, 255, 255); font-weight: bold; line-height: 24px; background-color: rgb(12, 50, 64);\">LA PROTECTION DES MINEURS&nbsp;<br>Lors d\u2019accompagnement d\u2019une personne mineure les parents ou responsables l\u00e9gaux doivent apporter leur consentement            <!--{\/content}-->\n        <\/p>\n    <!--[\/text]-->\n<!--{\/content}--><\/div><\/div><!--[\/layoutbox]--><!--{\/content}--><!--[\/fluid_10001]-->\t\t\t\t<!--{\/content}-->\n\t\t\t<\/div>\n\t\t<\/section>\n\t<!--[\/section]-->\n<!--{\/content}--><!--[\/fluid_10000]--><!--{\/content}--><!--[\/overlay]-->\n","protected":false},"excerpt":{"rendered":"","protected":false},"author":1,"featured_media":0,"parent":0,"menu_order":0,"comment_status":"closed","ping_status":"closed","template":"","meta":[],"_links":{"self":[{"href":"https:\/\/yogaplume.fr\/index.php\/wp-json\/wp\/v2\/pages\/2338"}],"collection":[{"href":"https:\/\/yogaplume.fr\/index.php\/wp-json\/wp\/v2\/pages"}],"about":[{"href":"https:\/\/yogaplume.fr\/index.php\/wp-json\/wp\/v2\/types\/page"}],"author":[{"embeddable":true,"href":"https:\/\/yogaplume.fr\/index.php\/wp-json\/wp\/v2\/users\/1"}],"replies":[{"embeddable":true,"href":"https:\/\/yogaplume.fr\/index.php\/wp-json\/wp\/v2\/comments?post=2338"}],"version-history":[{"count":4,"href":"https:\/\/yogaplume.fr\/index.php\/wp-json\/wp\/v2\/pages\/2338\/revisions"}],"predecessor-version":[{"id":2415,"href":"https:\/\/yogaplume.fr\/index.php\/wp-json\/wp\/v2\/pages\/2338\/revisions\/2415"}],"wp:attachment":[{"href":"https:\/\/yogaplume.fr\/index.php\/wp-json\/wp\/v2\/media?parent=2338"}],"curies":[{"name":"wp","href":"https:\/\/api.w.org\/{rel}","templated":true}]}}