{"id":2255,"date":"2016-04-30T16:52:05","date_gmt":"2016-04-30T15:52:05","guid":{"rendered":"http:\/\/yogaplume.fr\/?page_id=2255"},"modified":"2016-06-03T15:04:47","modified_gmt":"2016-06-03T14:04:47","slug":"yoga-sante","status":"publish","type":"page","link":"https:\/\/yogaplume.fr\/index.php\/yoga-sante\/","title":{"rendered":"YOGA  SANT\u00c9"},"content":{"rendered":"<!--[fluid_10000]--><!--{content}-->    <!--[section]-->\n\t\t<style>\n.bd-section-900223714{background-image:url(http:\/\/yogaplume.fr\/wp-content\/uploads\/2016\/05\/637a2ed5c53f9fc8c156c93f71d9abab_Untitled2.jpg);background-repeat:repeat;background-attachment:scroll;background-size:cover;background-position:right bottom;height:885px;padding:6em 1em;}\n.bd-section-900223714{\n\tline-height:  24px;\n\ttext-align:  left;\n\tfont-size:  16px;\n\tcolor:  #000000;\n\tfont-weight:  400;\n}\n.bd-section-900223714 h1{\n\tline-height:  36px;\n\ttext-transform:  uppercase;\n\tfont-weight:  600;\n\tfont-size:  30px;\n\tcolor:  #5cb75c;\n\tletter-spacing:  1px;\n}\n<\/style>\t\t<section id=section4 class=\" bd-section-900223714 bd-page-width  bd-tagstyles\" data-section-title=\"row with background image\">\n\t\t\t<div class=\"bd-container-inner bd-margins clearfix\">\n\t\t\t\t<!--{content}-->\n\t\t\t\t\t<!--[fluid_10001]--><!--{content}--><!--[layoutbox]--><style>\n.additional-class-1423364114{width:60%;position:absolute;left:50%;top:50%;transform:translateX(-50%) translateY(-50%);}\n@media (max-width: 1199px) {.additional-class-1423364114{width:75%;}}\n@media (max-width: 991px) {.additional-class-1423364114{width:95%;}}\n@media (max-width: 767px) {.additional-class-1423364114{width:100%;}}<\/style><div class=\"clearfix  additional-class-1423364114 bd-page-width  bd-no-margins\"><div class=\"bd-container-inner\"><!--{content}-->    <!--[text]-->\n        <style>\n.additional-class-70095026{margin-bottom:40px;}<\/style>        <h1 class=\" additional-class-70095026  bd-content-element\">\n            <!--{content}-->\n                les principaux bienfaits            <!--{\/content}-->\n        <\/h1>\n    <!--[\/text]-->\n\n\t\n\t\t    <!--[text]-->\n        <style>\n.additional-class-1480506446{margin-bottom:34px;}<\/style>        <h4 class=\" additional-class-1480506446  bd-content-element\">\n            <!--{content}-->\n                Le Yoga agit au niveau de toutes les dimensions de l\u2019Etre Humain            <!--{\/content}-->\n        <\/h4>\n    <!--[\/text]-->\n\n\t\n\t\t    <!--[text]-->\n        <style>\n.additional-class-1866489771{margin-top:34px;}<\/style>        <p class=\" additional-class-1866489771  bd-content-element\">\n            <!--{content}-->\n                Effets positifs sur les syndromes de la d\u00e9pression, anxi\u00e9t\u00e9, l\u2019humeur, la gestion du stress et des&nbsp;<br>\u00e9motions, les troubles du sommeil\n<br>\n<br>\tAm\u00e9liore la m\u00e9moire et les facult\u00e9s cognitives (concentration, m\u00e9morisation, vigilance)\n<br>\n<br>\tFavorise la confiance en soi\n<br>\n<br>\tAm\u00e9liore la souplesse et renforce les articulations et des ligaments. \n<br>\n<br>\tAgit sur la sant\u00e9 cardiorespiratoire et pulmonaire. \n<br>\n<br>\tIntervient sur la r\u00e9\u00e9ducation posturale, contribue au traitement des troubles musculo-squelettiques (lombalgies, arthroses, rhumatismes, fatigue visuelle\u2026.)\n<br>\n<br>\tParticipe \u00e0 la r\u00e9gulation de l\u2019appareil locomoteur et des diff\u00e9rents organes internes (foie, poumons, intestins\u2026) \n<br>\n<br>\tFavorise la circulation et la r\u00e9g\u00e9n\u00e9ration des cellules, de l\u2019\u00e9nergie vitale...<br>\n<br><i>\"Tu ne peux devenir que ce que tu es d\u00e9j\u00e0. Il n'y a pas d'autres chemins que toi-m\u00eame. Tu es une abeille. Quand rien ne t'en emp\u00eache, tu voles directement vers le lotus ouvert de ton coeur.\"<\/i>&nbsp;<i>Po\u00e8me B\u00e2ul&nbsp;<\/i><br>            <!--{\/content}-->\n        <\/p>\n    <!--[\/text]-->\n\n\t\n\t\t<!--[button]--><style>.additional-class-528582675 {\n                    text-decoration: inherit;\n\t                display: inline-block;\n\t                speak: none;\n\t            }\n\n                .additional-class-528582675:before {\n                    font-family: 'Billion Web Font';\n\t                font-style: normal;\n\t                font-weight: normal;\n\t                text-decoration: inherit;\n\t                text-align: center;\n\t                text-transform: none;\n\t                width: 1em;\n                }.additional-class-528582675:before {width: auto; visibility: inherit;}.additional-class-528582675:before{display: inline-block;}<\/style><style>.additional-class-528582675:before {\n        vertical-align: middle;\n        text-decoration: none;\n    }<\/style><style>.additional-class-528582675:hover {\n                    text-decoration: inherit;\n\t                display: inline-block;\n\t                speak: none;\n\t            }\n\n                .additional-class-528582675:hover:before {\n                    font-family: 'Billion Web Font';\n\t                font-style: normal;\n\t                font-weight: normal;\n\t                text-decoration: inherit;\n\t                text-align: center;\n\t                text-transform: none;\n\t                width: 1em;\n                }.additional-class-528582675:hover:before {width: auto; visibility: inherit;}.additional-class-528582675:hover:before{display: inline-block;}<\/style><style>.additional-class-528582675:hover:before {\n        vertical-align: middle;\n        text-decoration: none;\n    }<\/style><a href=\"http:\/\/yogaplume.fr\/index.php\/yoga\/\" class=\"bd-button-99  additional-class-528582675  bd-own-margins bd-content-element\"><!--{content}-->\nyoga\n<!--{\/content}--><\/a><!--[\/button]-->\n\t\n\t\t<!--[button]--><style>.additional-class-165834553 {\n                    text-decoration: inherit;\n\t                display: inline-block;\n\t                speak: none;\n\t            }\n\n                .additional-class-165834553:before {\n                    font-family: 'Billion Web Font';\n\t                font-style: normal;\n\t                font-weight: normal;\n\t                text-decoration: inherit;\n\t                text-align: center;\n\t                text-transform: none;\n\t                width: 1em;\n                }.additional-class-165834553:before {width: auto; visibility: inherit;}.additional-class-165834553:before{display: inline-block;}<\/style><style>.additional-class-165834553:before {\n        vertical-align: middle;\n        text-decoration: none;\n    }<\/style><style>.additional-class-165834553:hover {\n                    text-decoration: inherit;\n\t                display: inline-block;\n\t                speak: none;\n\t            }\n\n                .additional-class-165834553:hover:before {\n                    font-family: 'Billion Web Font';\n\t                font-style: normal;\n\t                font-weight: normal;\n\t                text-decoration: inherit;\n\t                text-align: center;\n\t                text-transform: none;\n\t                width: 1em;\n                }.additional-class-165834553:hover:before {width: auto; visibility: inherit;}.additional-class-165834553:hover:before{display: inline-block;}<\/style><style>.additional-class-165834553:hover:before {\n        vertical-align: middle;\n        text-decoration: none;\n    }<\/style><a href=\"\" class=\"bd-button-107  additional-class-165834553  bd-own-margins bd-content-element\"><!--{content}-->\nles yogas\n<!--{\/content}--><\/a><!--[\/button]-->\n\t\n\t\t<!--[button]--><style>.additional-class-1654915845 {\n                    text-decoration: inherit;\n\t                display: inline-block;\n\t                speak: none;\n\t            }\n\n                .additional-class-1654915845:before {\n                    font-family: 'Billion Web Font';\n\t                font-style: normal;\n\t                font-weight: normal;\n\t                text-decoration: inherit;\n\t                text-align: center;\n\t                text-transform: none;\n\t                width: 1em;\n                }.additional-class-1654915845:before {width: auto; visibility: inherit;}.additional-class-1654915845:before{display: inline-block;}<\/style><style>.additional-class-1654915845:before {\n        vertical-align: middle;\n        text-decoration: none;\n    }<\/style><style>.additional-class-1654915845:hover {\n                    text-decoration: inherit;\n\t                display: inline-block;\n\t                speak: none;\n\t            }\n\n                .additional-class-1654915845:hover:before {\n                    font-family: 'Billion Web Font';\n\t                font-style: normal;\n\t                font-weight: normal;\n\t                text-decoration: inherit;\n\t                text-align: center;\n\t                text-transform: none;\n\t                width: 1em;\n                }.additional-class-1654915845:hover:before {width: auto; visibility: inherit;}.additional-class-1654915845:hover:before{display: inline-block;}<\/style><style>.additional-class-1654915845:hover:before {\n        vertical-align: middle;\n        text-decoration: none;\n    }<\/style><a href=\"http:\/\/yogaplume.fr\/index.php\/concentration-meditative-relaxation\/\" class=\"bd-button-111  additional-class-1654915845  bd-own-margins bd-content-element\"><!--{content}-->\nrelaxation\n<!--{\/content}--><\/a><!--[\/button]-->\n\t\n\t\t<!--[button]--><style>.additional-class-1173624867 {\n                    text-decoration: inherit;\n\t                display: inline-block;\n\t                speak: none;\n\t            }\n\n                .additional-class-1173624867:before {\n                    font-family: 'Billion Web Font';\n\t                font-style: normal;\n\t                font-weight: normal;\n\t                text-decoration: inherit;\n\t                text-align: center;\n\t                text-transform: none;\n\t                width: 1em;\n                }.additional-class-1173624867:before {width: auto; visibility: inherit;}.additional-class-1173624867:before{display: inline-block;}<\/style><style>.additional-class-1173624867:before {\n        vertical-align: middle;\n        text-decoration: none;\n    }<\/style><style>.additional-class-1173624867:hover {\n                    text-decoration: inherit;\n\t                display: inline-block;\n\t                speak: none;\n\t            }\n\n                .additional-class-1173624867:hover:before {\n                    font-family: 'Billion Web Font';\n\t                font-style: normal;\n\t                font-weight: normal;\n\t                text-decoration: inherit;\n\t                text-align: center;\n\t                text-transform: none;\n\t                width: 1em;\n                }.additional-class-1173624867:hover:before {width: auto; visibility: inherit;}.additional-class-1173624867:hover:before{display: inline-block;}<\/style><style>.additional-class-1173624867:hover:before {\n        vertical-align: middle;\n        text-decoration: none;\n    }<\/style><a href=\"http:\/\/yogaplume.fr\/index.php\/yoga-therapeutique\/\" class=\"bd-button-115  additional-class-1173624867  bd-own-margins bd-content-element\"><!--{content}-->\nth\u00e9rapeutique\n<!--{\/content}--><\/a><!--[\/button]--><!--{\/content}--><\/div><\/div><!--[\/layoutbox]--><!--{\/content}--><!--[\/fluid_10001]-->\t\t\t\t<!--{\/content}-->\n\t\t\t<\/div>\n\t\t<\/section>\n\t<!--[\/section]-->\n<!--{\/content}--><!--[\/fluid_10000]-->\n","protected":false},"excerpt":{"rendered":"","protected":false},"author":1,"featured_media":0,"parent":0,"menu_order":0,"comment_status":"closed","ping_status":"closed","template":"","meta":[],"_links":{"self":[{"href":"https:\/\/yogaplume.fr\/index.php\/wp-json\/wp\/v2\/pages\/2255"}],"collection":[{"href":"https:\/\/yogaplume.fr\/index.php\/wp-json\/wp\/v2\/pages"}],"about":[{"href":"https:\/\/yogaplume.fr\/index.php\/wp-json\/wp\/v2\/types\/page"}],"author":[{"embeddable":true,"href":"https:\/\/yogaplume.fr\/index.php\/wp-json\/wp\/v2\/users\/1"}],"replies":[{"embeddable":true,"href":"https:\/\/yogaplume.fr\/index.php\/wp-json\/wp\/v2\/comments?post=2255"}],"version-history":[{"count":8,"href":"https:\/\/yogaplume.fr\/index.php\/wp-json\/wp\/v2\/pages\/2255\/revisions"}],"predecessor-version":[{"id":2616,"href":"https:\/\/yogaplume.fr\/index.php\/wp-json\/wp\/v2\/pages\/2255\/revisions\/2616"}],"wp:attachment":[{"href":"https:\/\/yogaplume.fr\/index.php\/wp-json\/wp\/v2\/media?parent=2255"}],"curies":[{"name":"wp","href":"https:\/\/api.w.org\/{rel}","templated":true}]}}