{"id":2253,"date":"2016-04-30T16:51:50","date_gmt":"2016-04-30T15:51:50","guid":{"rendered":"http:\/\/yogaplume.fr\/?page_id=2253"},"modified":"2016-05-19T17:48:52","modified_gmt":"2016-05-19T16:48:52","slug":"yoga-therapeutique","status":"publish","type":"page","link":"https:\/\/yogaplume.fr\/index.php\/yoga-therapeutique\/","title":{"rendered":"YOGA  THERAPEUTIQUE"},"content":{"rendered":"<!--[fluid_10000]--><!--{content}-->    <!--[section]-->\n\t\t<style>\n.bd-section-1798676384{background-image:url(http:\/\/yogaplume.fr\/wp-content\/uploads\/2016\/05\/f6c2c7c2147202d505b5df76f71c44b4_Untitled2.jpg);background-repeat:repeat;background-attachment:scroll;background-size:cover;background-position:right bottom;padding:6em 1em;}\n.bd-section-1798676384{\n\tline-height:  32px;\n\ttext-align:  justify;\n\tfont-size:  16px;\n\tcolor:  #000000;\n\tfont-weight:  400;\n}\n.bd-section-1798676384 h1{\n\tline-height:  36px;\n\ttext-transform:  uppercase;\n\tfont-weight:  600;\n\tfont-size:  30px;\n\tcolor:  #5cb75c;\n\tletter-spacing:  1px;\n}\n<\/style>\t\t<section id=section4 class=\" bd-section-1798676384 bd-page-width  bd-tagstyles\" data-section-title=\"row with background image\">\n\t\t\t<div class=\"bd-container-inner bd-margins clearfix\">\n\t\t\t\t<!--{content}-->\n\t\t\t\t\t<!--[fluid_10001]--><!--{content}--><!--[layoutbox]--><style>\n.additional-class-644879364{width:60%;margin-left:auto;margin-right:auto;}\n@media (max-width: 1199px) {.additional-class-644879364{width:75%;}}\n@media (max-width: 991px) {.additional-class-644879364{width:95%;}}\n@media (max-width: 767px) {.additional-class-644879364{width:100%;}}<\/style><div class=\"clearfix  additional-class-644879364 bd-page-width  bd-no-margins bd-no-margins\"><div class=\"bd-container-inner\"><!--{content}-->    <!--[text]-->\n                <h1 class=\" additional-class-130292429  bd-content-element\">\n            <!--{content}-->\n                La yogath\u00e9rapie            <!--{\/content}-->\n        <\/h1>\n    <!--[\/text]-->\n\n\t\n\t\t    <!--[text]-->\n                <p class=\" additional-class-147368968  bd-content-element\">\n            <!--{content}-->\n                La yogath\u00e9rapie est l\u2019utilisation sp\u00e9cifique des outils du yoga appliqu\u00e9s \u00e0 la pr\u00e9vention et du traitement de personne souffrant de pathologies. La yogath\u00e9rapie part de l\u2019id\u00e9e essentielle que le corps est capable d\u2019autor\u00e9gulation, et que de nombreux maux sont avant tout li\u00e9s \u00e0 une d\u00e9r\u00e9gulation de l\u2019organisme. Le yoga permet de maintenir un \u00e9quilibre, et la yogath\u00e9rapie vise \u00e0 utiliser ces outils pour d\u00e9velopper ses ressources personnelles, et restaurer cet \u00e9quilibre naturel, tant physique que mental. La yogath\u00e9rapie s\u2019appuie ainsi sur les outils et exp\u00e9rience du yoga, coupl\u00e9s avec les connaissances scientifiques et m\u00e9dicales actuelles. Ainsi, la yogath\u00e9rapie n\u2019est en aucun cas un substitut aux th\u00e9rapies m\u00e9dicales modernes, mais est au contraire un ensemble d\u2019outils compl\u00e9mentaires utilisable conjointement aux traitements m\u00e9dicaux.            <!--{\/content}-->\n        <\/p>\n    <!--[\/text]-->\n\n\t\n\t\t<!--[button]--><style>.additional-class-1419069853 {\n                    text-decoration: inherit;\n\t                display: inline-block;\n\t                speak: none;\n\t            }\n\n                .additional-class-1419069853:before {\n                    font-family: 'Billion Web Font';\n\t                font-style: normal;\n\t                font-weight: normal;\n\t                text-decoration: inherit;\n\t                text-align: center;\n\t                text-transform: none;\n\t                width: 1em;\n                }.additional-class-1419069853:before {width: auto; visibility: inherit;}.additional-class-1419069853:before{display: inline-block;}<\/style><style>.additional-class-1419069853:before {\n        vertical-align: middle;\n        text-decoration: none;\n    }<\/style><style>.additional-class-1419069853:hover {\n                    text-decoration: inherit;\n\t                display: inline-block;\n\t                speak: none;\n\t            }\n\n                .additional-class-1419069853:hover:before {\n                    font-family: 'Billion Web Font';\n\t                font-style: normal;\n\t                font-weight: normal;\n\t                text-decoration: inherit;\n\t                text-align: center;\n\t                text-transform: none;\n\t                width: 1em;\n                }.additional-class-1419069853:hover:before {width: auto; visibility: inherit;}.additional-class-1419069853:hover:before{display: inline-block;}<\/style><style>.additional-class-1419069853:hover:before {\n        vertical-align: middle;\n        text-decoration: none;\n    }<\/style><a href=\"http:\/\/yogaplume.fr\/index.php\/yoga\/\" class=\"bd-button-110  additional-class-1419069853  bd-own-margins bd-content-element\"><!--{content}-->\nyoga\n<!--{\/content}--><\/a><!--[\/button]-->\n\t\n\t\t<!--[button]--><style>.additional-class-1062024516 {\n                    text-decoration: inherit;\n\t                display: inline-block;\n\t                speak: none;\n\t            }\n\n                .additional-class-1062024516:before {\n                    font-family: 'Billion Web Font';\n\t                font-style: normal;\n\t                font-weight: normal;\n\t                text-decoration: inherit;\n\t                text-align: center;\n\t                text-transform: none;\n\t                width: 1em;\n                }.additional-class-1062024516:before {width: auto; visibility: inherit;}.additional-class-1062024516:before{display: inline-block;}<\/style><style>.additional-class-1062024516:before {\n        vertical-align: middle;\n        text-decoration: none;\n    }<\/style><style>.additional-class-1062024516:hover {\n                    text-decoration: inherit;\n\t                display: inline-block;\n\t                speak: none;\n\t            }\n\n                .additional-class-1062024516:hover:before {\n                    font-family: 'Billion Web Font';\n\t                font-style: normal;\n\t                font-weight: normal;\n\t                text-decoration: inherit;\n\t                text-align: center;\n\t                text-transform: none;\n\t                width: 1em;\n                }.additional-class-1062024516:hover:before {width: auto; visibility: inherit;}.additional-class-1062024516:hover:before{display: inline-block;}<\/style><style>.additional-class-1062024516:hover:before {\n        vertical-align: middle;\n        text-decoration: none;\n    }<\/style><a href=\"http:\/\/yogaplume.fr\/index.php\/yogas-indien-egyptien-chinois\/\" class=\"bd-button-112  additional-class-1062024516  bd-own-margins bd-content-element\"><!--{content}-->\nles yogas\n<!--{\/content}--><\/a><!--[\/button]-->\n\t\n\t\t<!--[button]--><style>.additional-class-1832756848 {\n                    text-decoration: inherit;\n\t                display: inline-block;\n\t                speak: none;\n\t            }\n\n                .additional-class-1832756848:before {\n                    font-family: 'Billion Web Font';\n\t                font-style: normal;\n\t                font-weight: normal;\n\t                text-decoration: inherit;\n\t                text-align: center;\n\t                text-transform: none;\n\t                width: 1em;\n                }.additional-class-1832756848:before {width: auto; visibility: inherit;}.additional-class-1832756848:before{display: inline-block;}<\/style><style>.additional-class-1832756848:before {\n        vertical-align: middle;\n        text-decoration: none;\n    }<\/style><style>.additional-class-1832756848:hover {\n                    text-decoration: inherit;\n\t                display: inline-block;\n\t                speak: none;\n\t            }\n\n                .additional-class-1832756848:hover:before {\n                    font-family: 'Billion Web Font';\n\t                font-style: normal;\n\t                font-weight: normal;\n\t                text-decoration: inherit;\n\t                text-align: center;\n\t                text-transform: none;\n\t                width: 1em;\n                }.additional-class-1832756848:hover:before {width: auto; visibility: inherit;}.additional-class-1832756848:hover:before{display: inline-block;}<\/style><style>.additional-class-1832756848:hover:before {\n        vertical-align: middle;\n        text-decoration: none;\n    }<\/style><a href=\"http:\/\/yogaplume.fr\/index.php\/concentration-meditative-relaxation\/\" class=\"bd-button-114  additional-class-1832756848  bd-own-margins bd-content-element\"><!--{content}-->\nrelaxation<br>\n<!--{\/content}--><\/a><!--[\/button]-->\n\t\n\t\t<!--[button]--><style>.additional-class-1468272066 {\n                    text-decoration: inherit;\n\t                display: inline-block;\n\t                speak: none;\n\t            }\n\n                .additional-class-1468272066:before {\n                    font-family: 'Billion Web Font';\n\t                font-style: normal;\n\t                font-weight: normal;\n\t                text-decoration: inherit;\n\t                text-align: center;\n\t                text-transform: none;\n\t                width: 1em;\n                }.additional-class-1468272066:before {width: auto; visibility: inherit;}.additional-class-1468272066:before{display: inline-block;}<\/style><style>.additional-class-1468272066:before {\n        vertical-align: middle;\n        text-decoration: none;\n    }<\/style><style>.additional-class-1468272066:hover {\n                    text-decoration: inherit;\n\t                display: inline-block;\n\t                speak: none;\n\t            }\n\n                .additional-class-1468272066:hover:before {\n                    font-family: 'Billion Web Font';\n\t                font-style: normal;\n\t                font-weight: normal;\n\t                text-decoration: inherit;\n\t                text-align: center;\n\t                text-transform: none;\n\t                width: 1em;\n                }.additional-class-1468272066:hover:before {width: auto; visibility: inherit;}.additional-class-1468272066:hover:before{display: inline-block;}<\/style><style>.additional-class-1468272066:hover:before {\n        vertical-align: middle;\n        text-decoration: none;\n    }<\/style><a href=\"http:\/\/yogaplume.fr\/index.php\/yoga-sante\/\" class=\"bd-button-116  additional-class-1468272066  bd-own-margins bd-content-element\"><!--{content}-->\nsant\u00e9\n<!--{\/content}--><\/a><!--[\/button]--><!--{\/content}--><\/div><\/div><!--[\/layoutbox]--><!--{\/content}--><!--[\/fluid_10001]-->\t\t\t\t<!--{\/content}-->\n\t\t\t<\/div>\n\t\t<\/section>\n\t<!--[\/section]-->\n<!--{\/content}--><!--[\/fluid_10000]-->\n","protected":false},"excerpt":{"rendered":"","protected":false},"author":1,"featured_media":0,"parent":0,"menu_order":0,"comment_status":"closed","ping_status":"closed","template":"","meta":[],"_links":{"self":[{"href":"https:\/\/yogaplume.fr\/index.php\/wp-json\/wp\/v2\/pages\/2253"}],"collection":[{"href":"https:\/\/yogaplume.fr\/index.php\/wp-json\/wp\/v2\/pages"}],"about":[{"href":"https:\/\/yogaplume.fr\/index.php\/wp-json\/wp\/v2\/types\/page"}],"author":[{"embeddable":true,"href":"https:\/\/yogaplume.fr\/index.php\/wp-json\/wp\/v2\/users\/1"}],"replies":[{"embeddable":true,"href":"https:\/\/yogaplume.fr\/index.php\/wp-json\/wp\/v2\/comments?post=2253"}],"version-history":[{"count":6,"href":"https:\/\/yogaplume.fr\/index.php\/wp-json\/wp\/v2\/pages\/2253\/revisions"}],"predecessor-version":[{"id":2553,"href":"https:\/\/yogaplume.fr\/index.php\/wp-json\/wp\/v2\/pages\/2253\/revisions\/2553"}],"wp:attachment":[{"href":"https:\/\/yogaplume.fr\/index.php\/wp-json\/wp\/v2\/media?parent=2253"}],"curies":[{"name":"wp","href":"https:\/\/api.w.org\/{rel}","templated":true}]}}