{"id":2251,"date":"2016-04-30T16:51:33","date_gmt":"2016-04-30T15:51:33","guid":{"rendered":"http:\/\/yogaplume.fr\/?page_id=2251"},"modified":"2019-08-27T21:28:37","modified_gmt":"2019-08-27T20:28:37","slug":"yogas-indien-egyptien-chinois","status":"publish","type":"page","link":"https:\/\/yogaplume.fr\/index.php\/yogas-indien-egyptien-chinois\/","title":{"rendered":"YOGAS INDIEN, \u00c9GYPTIEN, CHINOIS&#8230;"},"content":{"rendered":"    <!--[section]-->\n\t\t<style>\n.bd-section-1384368903{background-color:#ffffff;padding-top:2em;padding-bottom:2em;}\n@media (max-width: 767px) {.bd-section-1384368903{padding-top:1em;padding-bottom:1em;}}\n.bd-section-1384368903{\n\tline-height:  27.2px;\n\tcolor:  #ffffff;\n\tfont-size:  16px;\n\tfont-weight:  500;\n}\n.bd-section-1384368903 h1{\n\tline-height:  36px;\n\tfont-size:  30px;\n\tfont-weight:  400;\n\tcolor:  #000000;\n\ttext-transform:  uppercase;\n}\n\n@media (max-width: 767px) {.bd-section-1384368903 h1{\n\tline-height:  42.85714287px;\n\tfont-size:  30px;\n}\n}<\/style>\t\t<section id=section4 class=\" bd-section-1384368903  bd-tagstyles\" data-section-title=\"Two Thirds\">\n\t\t\t<div class=\"bd-container-inner bd-margins clearfix\">\n\t\t\t\t<!--{content}-->\n\t\t\t\t\t    <!--[columns]-->\n        <style>\n.bd-layoutcontainer-1423312975{border-radius:5px;}<\/style><style>\n.bd-layoutcontainer-1423312975  > .bd-container-inner > .container-fluid:after{display:none;}<\/style><style>\n.bd-layoutcontainer-1423312975 > .bd-container-inner > .container-fluid, .bd-layoutcontainer-1423312975 > .bd-container-inner > .container-fluid > .row{height:100%;}<\/style><style>.bd-layoutcontainer-1423312975 > .bd-container-inner > .container-fluid {padding-left: 0; padding-right: 0;}<\/style>        <style>\n.bd-layoutcolumn-1678612346{padding:10px;}\n.bd-layoutcolumn-1678612346{\n\ttext-align:  left;\n}\n\n\n.bd-layoutcolumn-361424084{background-color:#ffffff;padding:7%;}\n@media (max-width: 991px) {.bd-layoutcolumn-361424084{padding:3%;}}\n.bd-layoutcolumn-361424084{\n\ttext-align:  center;\n}\n\n@media (max-width: 767px) {.bd-layoutcolumn-361424084{\n\ttext-align:  left;\n}\n}<\/style>        <div class=\" bd-layoutcontainer-1423312975  bd-columns bd-no-margins\">\n            <div class=\"bd-container-inner\">\n                <div class=\"container-fluid\">\n                    <div class=\"row bd-row-flex bd-row-align-middle\">\n                        <!--{content}-->\n                                <!--[column]-->\n        <div class=\"col-lg-7 col-sm-8 bd-columnwrapper-1678612346\">\n            <div class=\"bd-column  bd-layoutcolumn-1678612346 \">\n                <div class=\"bd-vertical-align-wrapper\">\n                    <!--{content}-->\n                            <!--[text]-->\n        <style>\nh3.additional-class-1229432818{\n\tcolor:  #000000;\n}\n<\/style>        <h3 class=\" additional-class-1229432818  bd-content-element\">\n            <!--{content}-->\n                LE YOGA ENSEIGN\u00c9 \" BABACAR KHANE\"            <!--{\/content}-->\n        <\/h3>\n    <!--[\/text]-->\n                    <!--{\/content}-->\n                <\/div>\n            <\/div>\n        <\/div>\n    <!--[\/column]-->\n\n\t\n\t\t    <!--[column]-->\n        <div class=\"col-lg-5 col-sm-4 bd-columnwrapper-361424084\">\n            <div class=\"bd-column  bd-layoutcolumn-361424084 \">\n                <div class=\"bd-vertical-align-wrapper\">\n                    <!--{content}-->\n                        <!--[button]--><style>\n.additional-class-346807832{position:absolute;top:34.426%;left:1.590%;right:auto;bottom:auto;display:block;}<\/style><style>.additional-class-346807832 {\n                    text-decoration: inherit;\n\t                display: inline-block;\n\t                speak: none;\n\t            }\n\n                .additional-class-346807832:before {\n                    font-family: 'Billion Web Font';\n\t                font-style: normal;\n\t                font-weight: normal;\n\t                text-decoration: inherit;\n\t                text-align: center;\n\t                text-transform: none;\n\t                width: 1em;\n                }.additional-class-346807832:before {width: auto; visibility: inherit;}.additional-class-346807832:before{display: inline-block;}<\/style><style>.additional-class-346807832:before {\n        vertical-align: middle;\n        text-decoration: none;\n    }<\/style><style>.additional-class-346807832:hover {\n                    text-decoration: inherit;\n\t                display: inline-block;\n\t                speak: none;\n\t            }\n\n                .additional-class-346807832:hover:before {\n                    font-family: 'Billion Web Font';\n\t                font-style: normal;\n\t                font-weight: normal;\n\t                text-decoration: inherit;\n\t                text-align: center;\n\t                text-transform: none;\n\t                width: 1em;\n                }.additional-class-346807832:hover:before {width: auto; visibility: inherit;}.additional-class-346807832:hover:before{display: inline-block;}<\/style><style>.additional-class-346807832:hover:before {\n        vertical-align: middle;\n        text-decoration: none;\n    }<\/style><a href=\"http:\/\/www.iiy-yogikhane.ch\/home.html\" class=\"btn btn-success  additional-class-346807832  bd-own-margins bd-content-element\"><!--{content}-->\nEN SAVOIR PLUS\n<!--{\/content}--><\/a><!--[\/button]-->                    <!--{\/content}-->\n                <\/div>\n            <\/div>\n        <\/div>\n    <!--[\/column]-->\n                        <!--{\/content}-->\n                    <\/div>\n                <\/div>\n            <\/div>\n        <\/div>\n    <!--[\/columns]-->\n\t\t\t\t<!--{\/content}-->\n\t\t\t<\/div>\n\t\t<\/section>\n\t<!--[\/section]-->\n\n<!--[fluid]--><!--{content}-->    <!--[section]-->\n\t\t<style>\n.bd-section-1141967919{background-image:url(http:\/\/yogaplume.fr\/wp-content\/uploads\/2016\/04\/68a885fbb72d62830cd785b195ba0e69_Untitled2.jpg);background-repeat:repeat;background-attachment:scroll;background-size:cover;background-position:right bottom;padding:6em 1em;}\n.bd-section-1141967919{\n\tline-height:  32px;\n\ttext-align:  center;\n\tfont-size:  16px;\n\tcolor:  #000000;\n\tfont-weight:  400;\n\ttext-decoration:  none;\n}\n.bd-section-1141967919 h1{\n\tline-height:  36px;\n\ttext-transform:  uppercase;\n\tfont-weight:  600;\n\tfont-size:  30px;\n\tcolor:  #5cb75c;\n\tletter-spacing:  1px;\n}\n<\/style>\t\t<section id=section4 class=\" bd-section-1141967919 bd-page-width  bd-tagstyles\" data-section-title=\"row with background image\">\n\t\t\t<div class=\"bd-container-inner bd-margins clearfix\">\n\t\t\t\t<!--{content}-->\n\t\t\t\t\t<!--[fluid_1]--><!--{content}--><!--[layoutbox]--><style>\n.additional-class-1639100153{width:60%;margin-left:auto;margin-right:auto;}\n@media (max-width: 1199px) {.additional-class-1639100153{width:75%;}}\n@media (max-width: 991px) {.additional-class-1639100153{width:95%;}}\n@media (max-width: 767px) {.additional-class-1639100153{width:100%;}}<\/style><div class=\"clearfix  additional-class-1639100153 bd-page-width  bd-no-margins bd-no-margins\"><div class=\"bd-container-inner\"><!--{content}-->    <!--[text]-->\n                <h1 class=\" additional-class-1249554560  bd-content-element\">\n            <!--{content}-->\n                YOGAS            <!--{\/content}-->\n        <\/h1>\n    <!--[\/text]-->\n\n\t\n\t\t    <!--[text]-->\n                <p class=\" additional-class-915810273  bd-content-element\">\n            <!--{content}-->\n                <b>Le YOGA INDIEN \u2013 HATHA YOGA\n<\/b><br>\n<br>En sanskrit (langue litt\u00e9raire de l\u2019Inde ancienne) le yoga signifie union spirituel et corporel. Une discipline d'unification du corps et de l'esprit, et d'harmonisation de l'\u00e9nergie vitale.&nbsp;\n<br>\n<br><b>Le YOGA EGYPTIEN\/PHARAONIQUE de LA VERTICALITE<\/b>\n<br>\n<br>Bas\u00e9 sur l'ensemble des postures de l'Egypte qui se caract\u00e9risent par leur verticalit\u00e9.\n<br>Tout en comportant des postures communes avec le hatha-yoga, le&nbsp;yoga \u00e9gyptien pr\u00e9sente une vari\u00e9t\u00e9 de postures et d'encha\u00eenements qui lui sont propres et qui mettent l'accent tout particuli\u00e8rement sur la verticalit\u00e9, la r\u00e9\u00e9ducation de la colonne vert\u00e9brale, la ma\u00eetrise des diff\u00e9rents \u00e9tages pulmonaires et le d\u00e9veloppement de la concentration.&nbsp;&nbsp;<br><br><b>Le YOGA CHINOIS TAO\u00cfSTE\n<\/b><br>\n<br><b>\t\tKung Fu<\/b>\n<br>\n<br>Le kung-fu comporte deux grandes branches :\n<br>&nbsp;&nbsp;&nbsp;-&nbsp;&nbsp;les styles externes ou WAI CHIA, orient\u00e9s vers le combat, &nbsp;&nbsp;&nbsp;\n<br>&nbsp;&nbsp;&nbsp;-&nbsp;&nbsp;les styles internes ou NEI CHIA, orient\u00e9s vers l'harmonisation du corps et de l'esprit, et le&nbsp;\n<br>contr\u00f4le de l'\u00e9nergie.\n<br>\n<br><b>\t\tChi Kong<\/b>\n<br>\n<br>Le ch'i kong ou qi gong est une technique de contr\u00f4le de l'\u00e9nergie originaire de Chine. Le mot chi ou Qi d\u00e9signe l'\u00e9nergie vitale. On peut le rapprocher du terme indien \"prana\" qui d\u00e9signe, lui aussi, l'\u00e9nergie subtile.\n<br>Pratique de la concentration m\u00e9ditative sur un circuit de points \u00e9nerg\u00e9tiques.&nbsp;<br>            <!--{\/content}-->\n        <\/p>\n    <!--[\/text]-->\n\n\t\n\t\t<!--[button]--><style>.additional-class-1912603997 {\n                    text-decoration: inherit;\n\t                display: inline-block;\n\t                speak: none;\n\t            }\n\n                .additional-class-1912603997:before {\n                    font-family: 'Billion Web Font';\n\t                font-style: normal;\n\t                font-weight: normal;\n\t                text-decoration: inherit;\n\t                text-align: center;\n\t                text-transform: none;\n\t                width: 1em;\n                }.additional-class-1912603997:before {width: auto; visibility: inherit;}.additional-class-1912603997:before{display: inline-block;}<\/style><style>.additional-class-1912603997:before {\n        vertical-align: middle;\n        text-decoration: none;\n    }<\/style><style>.additional-class-1912603997:hover {\n                    text-decoration: inherit;\n\t                display: inline-block;\n\t                speak: none;\n\t            }\n\n                .additional-class-1912603997:hover:before {\n                    font-family: 'Billion Web Font';\n\t                font-style: normal;\n\t                font-weight: normal;\n\t                text-decoration: inherit;\n\t                text-align: center;\n\t                text-transform: none;\n\t                width: 1em;\n                }.additional-class-1912603997:hover:before {width: auto; visibility: inherit;}.additional-class-1912603997:hover:before{display: inline-block;}<\/style><style>.additional-class-1912603997:hover:before {\n        vertical-align: middle;\n        text-decoration: none;\n    }<\/style><a href=\"http:\/\/yogaplume.fr\/index.php\/yoga\/\" class=\"bd-button-97  additional-class-1912603997  bd-own-margins bd-content-element\"><!--{content}-->\nyoga\n<!--{\/content}--><\/a><!--[\/button]-->\n\t\n\t\t<!--[button]--><style>.additional-class-1215891619 {\n                    text-decoration: inherit;\n\t                display: inline-block;\n\t                speak: none;\n\t            }\n\n                .additional-class-1215891619:before {\n                    font-family: 'Billion Web Font';\n\t                font-style: normal;\n\t                font-weight: normal;\n\t                text-decoration: inherit;\n\t                text-align: center;\n\t                text-transform: none;\n\t                width: 1em;\n                }.additional-class-1215891619:before {width: auto; visibility: inherit;}.additional-class-1215891619:before{display: inline-block;}<\/style><style>.additional-class-1215891619:before {\n        vertical-align: middle;\n        text-decoration: none;\n    }<\/style><style>.additional-class-1215891619:hover {\n                    text-decoration: inherit;\n\t                display: inline-block;\n\t                speak: none;\n\t            }\n\n                .additional-class-1215891619:hover:before {\n                    font-family: 'Billion Web Font';\n\t                font-style: normal;\n\t                font-weight: normal;\n\t                text-decoration: inherit;\n\t                text-align: center;\n\t                text-transform: none;\n\t                width: 1em;\n                }.additional-class-1215891619:hover:before {width: auto; visibility: inherit;}.additional-class-1215891619:hover:before{display: inline-block;}<\/style><style>.additional-class-1215891619:hover:before {\n        vertical-align: middle;\n        text-decoration: none;\n    }<\/style><a href=\"http:\/\/yogaplume.fr\/index.php\/concentration-meditative-relaxation\/\" class=\"bd-button-104  additional-class-1215891619  bd-own-margins bd-content-element\"><!--{content}-->\nrelaxation\n<!--{\/content}--><\/a><!--[\/button]-->\n\t\n\t\t<!--[button]--><style>.additional-class-130816748 {\n                    text-decoration: inherit;\n\t                display: inline-block;\n\t                speak: none;\n\t            }\n\n                .additional-class-130816748:before {\n                    font-family: 'Billion Web Font';\n\t                font-style: normal;\n\t                font-weight: normal;\n\t                text-decoration: inherit;\n\t                text-align: center;\n\t                text-transform: none;\n\t                width: 1em;\n                }.additional-class-130816748:before {width: auto; visibility: inherit;}.additional-class-130816748:before{display: inline-block;}<\/style><style>.additional-class-130816748:before {\n        vertical-align: middle;\n        text-decoration: none;\n    }<\/style><style>.additional-class-130816748:hover {\n                    text-decoration: inherit;\n\t                display: inline-block;\n\t                speak: none;\n\t            }\n\n                .additional-class-130816748:hover:before {\n                    font-family: 'Billion Web Font';\n\t                font-style: normal;\n\t                font-weight: normal;\n\t                text-decoration: inherit;\n\t                text-align: center;\n\t                text-transform: none;\n\t                width: 1em;\n                }.additional-class-130816748:hover:before {width: auto; visibility: inherit;}.additional-class-130816748:hover:before{display: inline-block;}<\/style><style>.additional-class-130816748:hover:before {\n        vertical-align: middle;\n        text-decoration: none;\n    }<\/style><a href=\"http:\/\/yogaplume.fr\/index.php\/yoga-sante\/\" class=\"bd-button-106  additional-class-130816748  bd-own-margins bd-content-element\"><!--{content}-->\nsant\u00e9\n<!--{\/content}--><\/a><!--[\/button]-->\n\t\n\t\t<!--[button]--><style>.additional-class-167197943 {\n                    text-decoration: inherit;\n\t                display: inline-block;\n\t                speak: none;\n\t            }\n\n                .additional-class-167197943:before {\n                    font-family: 'Billion Web Font';\n\t                font-style: normal;\n\t                font-weight: normal;\n\t                text-decoration: inherit;\n\t                text-align: center;\n\t                text-transform: none;\n\t                width: 1em;\n                }.additional-class-167197943:before {width: auto; visibility: inherit;}.additional-class-167197943:before{display: inline-block;}<\/style><style>.additional-class-167197943:before {\n        vertical-align: middle;\n        text-decoration: none;\n    }<\/style><style>.additional-class-167197943:hover {\n                    text-decoration: inherit;\n\t                display: inline-block;\n\t                speak: none;\n\t            }\n\n                .additional-class-167197943:hover:before {\n                    font-family: 'Billion Web Font';\n\t                font-style: normal;\n\t                font-weight: normal;\n\t                text-decoration: inherit;\n\t                text-align: center;\n\t                text-transform: none;\n\t                width: 1em;\n                }.additional-class-167197943:hover:before {width: auto; visibility: inherit;}.additional-class-167197943:hover:before{display: inline-block;}<\/style><style>.additional-class-167197943:hover:before {\n        vertical-align: middle;\n        text-decoration: none;\n    }<\/style><a href=\"http:\/\/yogaplume.fr\/index.php\/yoga-therapeutique\/\" class=\"bd-button-108  additional-class-167197943  bd-own-margins bd-content-element\"><!--{content}-->\nth\u00e9rapeutique\n<!--{\/content}--><\/a><!--[\/button]--><!--{\/content}--><\/div><\/div><!--[\/layoutbox]--><!--{\/content}--><!--[\/fluid_1]-->\t\t\t\t<!--{\/content}-->\n\t\t\t<\/div>\n\t\t<\/section>\n\t<!--[\/section]-->\n<!--{\/content}--><!--[\/fluid]-->\n","protected":false},"excerpt":{"rendered":"","protected":false},"author":1,"featured_media":0,"parent":0,"menu_order":0,"comment_status":"closed","ping_status":"closed","template":"","meta":[],"_links":{"self":[{"href":"https:\/\/yogaplume.fr\/index.php\/wp-json\/wp\/v2\/pages\/2251"}],"collection":[{"href":"https:\/\/yogaplume.fr\/index.php\/wp-json\/wp\/v2\/pages"}],"about":[{"href":"https:\/\/yogaplume.fr\/index.php\/wp-json\/wp\/v2\/types\/page"}],"author":[{"embeddable":true,"href":"https:\/\/yogaplume.fr\/index.php\/wp-json\/wp\/v2\/users\/1"}],"replies":[{"embeddable":true,"href":"https:\/\/yogaplume.fr\/index.php\/wp-json\/wp\/v2\/comments?post=2251"}],"version-history":[{"count":10,"href":"https:\/\/yogaplume.fr\/index.php\/wp-json\/wp\/v2\/pages\/2251\/revisions"}],"predecessor-version":[{"id":2893,"href":"https:\/\/yogaplume.fr\/index.php\/wp-json\/wp\/v2\/pages\/2251\/revisions\/2893"}],"wp:attachment":[{"href":"https:\/\/yogaplume.fr\/index.php\/wp-json\/wp\/v2\/media?parent=2251"}],"curies":[{"name":"wp","href":"https:\/\/api.w.org\/{rel}","templated":true}]}}