{"id":2246,"date":"2016-04-30T16:48:41","date_gmt":"2016-04-30T15:48:41","guid":{"rendered":"http:\/\/yogaplume.fr\/?page_id=2246"},"modified":"2016-08-08T11:03:56","modified_gmt":"2016-08-08T10:03:56","slug":"lieu","status":"publish","type":"page","link":"https:\/\/yogaplume.fr\/index.php\/lieu\/","title":{"rendered":"UN LIEU&#8230;"},"content":{"rendered":"<!--[fluid]--><!--{content}-->    <!--[section]-->\n\t\t<style>\n.bd-section-599944395{background-image:url(http:\/\/yogaplume.fr\/wp-content\/uploads\/2016\/04\/51c3084c66ab8d029beef59ca46034c2_Untitled2.jpg);background-repeat:repeat;background-attachment:scroll;background-size:cover;background-position:left bottom;padding:6em 1em;}\n@media (max-width: 767px) {.bd-section-599944395{padding-top:0em;padding-bottom:8em;}}\n.bd-section-599944395{\n\tline-height:  32px;\n\ttext-align:  left;\n\tfont-size:  16px;\n\tcolor:  #000000;\n\tfont-weight:  400;\n}\n.bd-section-599944395 h1{\n\tline-height:  36px;\n\ttext-transform:  uppercase;\n\tfont-weight:  600;\n\tfont-size:  30px;\n\tcolor:  #00abc3;\n\tletter-spacing:  1px;\n}\n<\/style>\t\t<section id=section4 class=\" bd-section-599944395 bd-page-width  bd-tagstyles\" data-section-title=\"row with background image\">\n\t\t\t<div class=\"bd-container-inner bd-margins clearfix\">\n\t\t\t\t<!--{content}-->\n\t\t\t\t\t<!--[fluid_1]--><!--{content}--><!--[layoutbox]--><style>\n.additional-class-1067584976{height:683px;margin-bottom:0px;width:60%;margin-left:auto;margin-right:auto;}\n@media (max-width: 1199px) {.additional-class-1067584976{width:75%;}}\n@media (max-width: 991px) {.additional-class-1067584976{width:95%;}}\n@media (max-width: 767px) {.additional-class-1067584976{width:100%;}}<\/style><div class=\"clearfix  additional-class-1067584976 bd-page-width  bd-no-margins bd-no-margins\"><div class=\"bd-container-inner\"><!--{content}-->    <!--[text]-->\n        <style>\n.additional-class-429035249{margin-bottom:29px;}<\/style>        <h1 class=\" additional-class-429035249  bd-content-element\">\n            <!--{content}-->\n                Un&nbsp;atelier d'\u00e9criture            <!--{\/content}-->\n        <\/h1>\n    <!--[\/text]-->\n\n\t\n\t\t    <!--[text]-->\n        <style>\n.additional-class-217240651{margin-top:29px;margin-bottom:50px;height:448px;}<\/style>        <p class=\" additional-class-217240651  bd-content-element\">\n            <!--{content}-->\n                Un&nbsp;atelier d'\u00e9criture&nbsp;est un lieu et un moment o\u00f9 un groupe est r\u00e9uni&nbsp;<br>par le d\u00e9sir d\u2019\u00e9crire et soutenu dans ce d\u00e9sir par un animateur.\n<br>Un lieu qui suscite et sollicite la cr\u00e9ativit\u00e9 des participants,&nbsp;<br>au moyen d'inducteurs et de \u00ab&nbsp;contraintes&nbsp;\u00bb artistiques volontaires propos\u00e9es au groupe par l'animateur ou co-construites par l\u2019ensemble du groupe.&nbsp;<br><br><br>L\u2019'atelier peut avoir diff\u00e9rents objectifs&nbsp;:\n<br>cr\u00e9ation, \n<br>formation, \n<br>initiation, \n<br>lutte contre l'illettrisme, \n<br>vis\u00e9e th\u00e9rapeutique\u2026\n<br>en fonction du public et des lieux institutionnels dans lesquels il se d\u00e9veloppe.&nbsp;<br>            <!--{\/content}-->\n        <\/p>\n    <!--[\/text]-->\n\n\t\n\t\t<!--[button]--><style>\n.additional-class-1100768355{margin-bottom:0px;margin-top:83px;}<\/style><style>.additional-class-1100768355 {\n                    text-decoration: inherit;\n\t                display: inline-block;\n\t                speak: none;\n\t            }\n\n                .additional-class-1100768355:before {\n                    font-family: 'Billion Web Font';\n\t                font-style: normal;\n\t                font-weight: normal;\n\t                text-decoration: inherit;\n\t                text-align: center;\n\t                text-transform: none;\n\t                width: 1em;\n                }.additional-class-1100768355:before {width: auto; visibility: inherit;}.additional-class-1100768355:before{display: inline-block;}<\/style><style>.additional-class-1100768355:before {\n        vertical-align: middle;\n        text-decoration: none;\n    }<\/style><style>.additional-class-1100768355:hover {\n                    text-decoration: inherit;\n\t                display: inline-block;\n\t                speak: none;\n\t            }\n\n                .additional-class-1100768355:hover:before {\n                    font-family: 'Billion Web Font';\n\t                font-style: normal;\n\t                font-weight: normal;\n\t                text-decoration: inherit;\n\t                text-align: center;\n\t                text-transform: none;\n\t                width: 1em;\n                }.additional-class-1100768355:hover:before {width: auto; visibility: inherit;}.additional-class-1100768355:hover:before{display: inline-block;}<\/style><style>.additional-class-1100768355:hover:before {\n        vertical-align: middle;\n        text-decoration: none;\n    }<\/style><a href=\"http:\/\/yogaplume.fr\/index.php\/objectifs\/\" class=\"bd-button-72  additional-class-1100768355  bd-own-margins bd-content-element\"><!--{content}-->\nLes objectifs\n<!--{\/content}--><\/a><!--[\/button]-->\n\t\n\t\t<!--[button]--><style>\n.additional-class-1309676368{margin-top:82px;}<\/style><style>.additional-class-1309676368 {\n                    text-decoration: inherit;\n\t                display: inline-block;\n\t                speak: none;\n\t            }\n\n                .additional-class-1309676368:before {\n                    font-family: 'Billion Web Font';\n\t                font-style: normal;\n\t                font-weight: normal;\n\t                text-decoration: inherit;\n\t                text-align: center;\n\t                text-transform: none;\n\t                width: 1em;\n                }.additional-class-1309676368:before {width: auto; visibility: inherit;}.additional-class-1309676368:before{display: inline-block;}<\/style><style>.additional-class-1309676368:before {\n        vertical-align: middle;\n        text-decoration: none;\n    }<\/style><style>.additional-class-1309676368:hover {\n                    text-decoration: inherit;\n\t                display: inline-block;\n\t                speak: none;\n\t            }\n\n                .additional-class-1309676368:hover:before {\n                    font-family: 'Billion Web Font';\n\t                font-style: normal;\n\t                font-weight: normal;\n\t                text-decoration: inherit;\n\t                text-align: center;\n\t                text-transform: none;\n\t                width: 1em;\n                }.additional-class-1309676368:hover:before {width: auto; visibility: inherit;}.additional-class-1309676368:hover:before{display: inline-block;}<\/style><style>.additional-class-1309676368:hover:before {\n        vertical-align: middle;\n        text-decoration: none;\n    }<\/style><a href=\"http:\/\/yogaplume.fr\/index.php\/la-demarche-therapeutique\/\" class=\"bd-button-76  additional-class-1309676368  bd-own-margins bd-content-element\"><!--{content}-->\nLa D\u00c9MARCHE th\u00e9rapeutique\n<!--{\/content}--><\/a><!--[\/button]-->\n\t\n\t\t<!--[button]--><style>\n.additional-class-895363012{margin-top:80px;}<\/style><style>.additional-class-895363012 {\n                    text-decoration: inherit;\n\t                display: inline-block;\n\t                speak: none;\n\t            }\n\n                .additional-class-895363012:before {\n                    font-family: 'Billion Web Font';\n\t                font-style: normal;\n\t                font-weight: normal;\n\t                text-decoration: inherit;\n\t                text-align: center;\n\t                text-transform: none;\n\t                width: 1em;\n                }.additional-class-895363012:before {width: auto; visibility: inherit;}.additional-class-895363012:before{display: inline-block;}<\/style><style>.additional-class-895363012:before {\n        vertical-align: middle;\n        text-decoration: none;\n    }<\/style><style>.additional-class-895363012:hover {\n                    text-decoration: inherit;\n\t                display: inline-block;\n\t                speak: none;\n\t            }\n\n                .additional-class-895363012:hover:before {\n                    font-family: 'Billion Web Font';\n\t                font-style: normal;\n\t                font-weight: normal;\n\t                text-decoration: inherit;\n\t                text-align: center;\n\t                text-transform: none;\n\t                width: 1em;\n                }.additional-class-895363012:hover:before {width: auto; visibility: inherit;}.additional-class-895363012:hover:before{display: inline-block;}<\/style><style>.additional-class-895363012:hover:before {\n        vertical-align: middle;\n        text-decoration: none;\n    }<\/style><a href=\"http:\/\/yogaplume.fr\/index.php\/atelier-decriture\/\" class=\"bd-button-94  additional-class-895363012  bd-own-margins bd-content-element\"><!--{content}-->\natelier d'\u00e9criture\n<!--{\/content}--><\/a><!--[\/button]--><!--{\/content}--><\/div><\/div><!--[\/layoutbox]--><!--{\/content}--><!--[\/fluid_1]-->\t\t\t\t<!--{\/content}-->\n\t\t\t<\/div>\n\t\t<\/section>\n\t<!--[\/section]-->\n<!--{\/content}--><!--[\/fluid]-->\n","protected":false},"excerpt":{"rendered":"","protected":false},"author":1,"featured_media":0,"parent":0,"menu_order":0,"comment_status":"closed","ping_status":"closed","template":"","meta":[],"_links":{"self":[{"href":"https:\/\/yogaplume.fr\/index.php\/wp-json\/wp\/v2\/pages\/2246"}],"collection":[{"href":"https:\/\/yogaplume.fr\/index.php\/wp-json\/wp\/v2\/pages"}],"about":[{"href":"https:\/\/yogaplume.fr\/index.php\/wp-json\/wp\/v2\/types\/page"}],"author":[{"embeddable":true,"href":"https:\/\/yogaplume.fr\/index.php\/wp-json\/wp\/v2\/users\/1"}],"replies":[{"embeddable":true,"href":"https:\/\/yogaplume.fr\/index.php\/wp-json\/wp\/v2\/comments?post=2246"}],"version-history":[{"count":21,"href":"https:\/\/yogaplume.fr\/index.php\/wp-json\/wp\/v2\/pages\/2246\/revisions"}],"predecessor-version":[{"id":2671,"href":"https:\/\/yogaplume.fr\/index.php\/wp-json\/wp\/v2\/pages\/2246\/revisions\/2671"}],"wp:attachment":[{"href":"https:\/\/yogaplume.fr\/index.php\/wp-json\/wp\/v2\/media?parent=2246"}],"curies":[{"name":"wp","href":"https:\/\/api.w.org\/{rel}","templated":true}]}}