{"id":2154,"date":"2016-04-28T19:24:22","date_gmt":"2016-04-28T18:24:22","guid":{"rendered":"http:\/\/yogaplume.fr\/?page_id=2154"},"modified":"2016-05-19T17:23:36","modified_gmt":"2016-05-19T16:23:36","slug":"la-demarche-therapeutique","status":"publish","type":"page","link":"https:\/\/yogaplume.fr\/index.php\/la-demarche-therapeutique\/","title":{"rendered":"LA D\u00c9MARCHE TH\u00c9RAPEUTIQUE"},"content":{"rendered":"<!--[fluid_10000]--><!--{content}-->    <!--[section]-->\n\t\t<style>\n.bd-section-3687214{background-image:url(http:\/\/yogaplume.fr\/wp-content\/uploads\/2016\/04\/f51d455b750fcd160e684926c4db6c53_Untitled2.jpg);background-repeat:repeat;background-attachment:scroll;background-size:cover;background-position:right bottom;padding:6em 1em;}\n.bd-section-3687214{\n\tline-height:  32px;\n\ttext-align:  justify;\n\tfont-size:  16px;\n\tcolor:  #000000;\n\tfont-weight:  400;\n}\n.bd-section-3687214 h1{\n\tline-height:  36px;\n\ttext-transform:  uppercase;\n\tfont-weight:  600;\n\tfont-size:  30px;\n\tcolor:  #00abc3;\n\tletter-spacing:  1px;\n}\n<\/style>\t\t<section id=section4 class=\" bd-section-3687214 bd-page-width  bd-tagstyles\" data-section-title=\"row with background image\">\n\t\t\t<div class=\"bd-container-inner bd-margins clearfix\">\n\t\t\t\t<!--{content}-->\n\t\t\t\t\t<!--[fluid_10001]--><!--{content}--><!--[layoutbox]--><style>\n.additional-class-1981688197{width:60%;margin-left:auto;margin-right:auto;}\n@media (max-width: 1199px) {.additional-class-1981688197{width:75%;}}\n@media (max-width: 991px) {.additional-class-1981688197{width:95%;}}\n@media (max-width: 767px) {.additional-class-1981688197{width:100%;}}<\/style><div class=\"clearfix  additional-class-1981688197 bd-page-width  bd-no-margins bd-no-margins\"><div class=\"bd-container-inner\"><!--{content}-->    <!--[text]-->\n                <h1 class=\" additional-class-1530104760  bd-content-element\">\n            <!--{content}-->\n                La d\u00e9marche th\u00e9rapeutique&nbsp;            <!--{\/content}-->\n        <\/h1>\n    <!--[\/text]-->\n\n\t\n\t\t    <!--[text]-->\n        <style>\n.additional-class-57318410{height:474px;}<\/style>        <p class=\" additional-class-57318410  bd-content-element\">\n            <!--{content}-->\n                <br>En raison des r\u00e8gles pr\u00e9cises qui l'encadrent - temps, dur\u00e9e, lieu, objectifs - l'\u00e9criture en atelier peut permettre de se situer dans une d\u00e9marche th\u00e9rapeutique.<br>Aux contraintes codifi\u00e9es de l'atelier s'ajoutent les r\u00e8gles propres aux genres prosa\u00efque ou po\u00e9tique de l'\u00e9criture, aux consignes de l'\u00e9nonc\u00e9 d'un th\u00e8me, aux mod\u00e8les, etc.&nbsp;<br><br><br>Cet environnement qui instaure un cadre contenant et structurant permet \u00e0 l\u2019individu de se sentir suffisamment rassur\u00e9 et \u00e9tay\u00e9 pour pouvoir d\u00e9couvrir, exp\u00e9rimenter d'autres champs de connaissance et mieux se d\u00e9couvrir lui-m\u00eame en lui donnant acc\u00e8s \u00e0 sa vie imaginaire.&nbsp;<br>&nbsp;\n<br>Dans le cadre d\u2019un accompagnement individuel, l\u2019\u00e9coute bienveillante, sans jugement et non interpr\u00e9tative du th\u00e9rapeute, lui permet de s\u2019inscrire dans un dans un processus d\u2019\u00e9volution et de bien-\u00eatre personnel tout en s\u2019appropriant peu \u00e0 peu sa propre histoire.&nbsp;<br>            <!--{\/content}-->\n        <\/p>\n    <!--[\/text]-->\n\n\t\n\t\t<!--[button]--><style>.additional-class-1463950296 {\n                    text-decoration: inherit;\n\t                display: inline-block;\n\t                speak: none;\n\t            }\n\n                .additional-class-1463950296:before {\n                    font-family: 'Billion Web Font';\n\t                font-style: normal;\n\t                font-weight: normal;\n\t                text-decoration: inherit;\n\t                text-align: center;\n\t                text-transform: none;\n\t                width: 1em;\n                }.additional-class-1463950296:before {width: auto; visibility: inherit;}.additional-class-1463950296:before{display: inline-block;}<\/style><style>.additional-class-1463950296:before {\n        vertical-align: middle;\n        text-decoration: none;\n    }<\/style><style>.additional-class-1463950296:hover {\n                    text-decoration: inherit;\n\t                display: inline-block;\n\t                speak: none;\n\t            }\n\n                .additional-class-1463950296:hover:before {\n                    font-family: 'Billion Web Font';\n\t                font-style: normal;\n\t                font-weight: normal;\n\t                text-decoration: inherit;\n\t                text-align: center;\n\t                text-transform: none;\n\t                width: 1em;\n                }.additional-class-1463950296:hover:before {width: auto; visibility: inherit;}.additional-class-1463950296:hover:before{display: inline-block;}<\/style><style>.additional-class-1463950296:hover:before {\n        vertical-align: middle;\n        text-decoration: none;\n    }<\/style><a href=\"http:\/\/yogaplume.fr\/index.php\/atelier-decriture\/\" class=\"bd-button-96  additional-class-1463950296  bd-own-margins bd-content-element\"><!--{content}-->\natelier d'\u00e9criture\n<!--{\/content}--><\/a><!--[\/button]-->\n\t\n\t\t<!--[button]--><style>.additional-class-2017478622 {\n                    text-decoration: inherit;\n\t                display: inline-block;\n\t                speak: none;\n\t            }\n\n                .additional-class-2017478622:before {\n                    font-family: 'Billion Web Font';\n\t                font-style: normal;\n\t                font-weight: normal;\n\t                text-decoration: inherit;\n\t                text-align: center;\n\t                text-transform: none;\n\t                width: 1em;\n                }.additional-class-2017478622:before {width: auto; visibility: inherit;}.additional-class-2017478622:before{display: inline-block;}<\/style><style>.additional-class-2017478622:before {\n        vertical-align: middle;\n        text-decoration: none;\n    }<\/style><style>.additional-class-2017478622:hover {\n                    text-decoration: inherit;\n\t                display: inline-block;\n\t                speak: none;\n\t            }\n\n                .additional-class-2017478622:hover:before {\n                    font-family: 'Billion Web Font';\n\t                font-style: normal;\n\t                font-weight: normal;\n\t                text-decoration: inherit;\n\t                text-align: center;\n\t                text-transform: none;\n\t                width: 1em;\n                }.additional-class-2017478622:hover:before {width: auto; visibility: inherit;}.additional-class-2017478622:hover:before{display: inline-block;}<\/style><style>.additional-class-2017478622:hover:before {\n        vertical-align: middle;\n        text-decoration: none;\n    }<\/style><a href=\"\" class=\"bd-button-101  additional-class-2017478622  bd-own-margins bd-content-element\"><!--{content}-->\nles objectifs\n<!--{\/content}--><\/a><!--[\/button]-->\n\t\n\t\t<!--[button]--><style>.additional-class-1873053331 {\n                    text-decoration: inherit;\n\t                display: inline-block;\n\t                speak: none;\n\t            }\n\n                .additional-class-1873053331:before {\n                    font-family: 'Billion Web Font';\n\t                font-style: normal;\n\t                font-weight: normal;\n\t                text-decoration: inherit;\n\t                text-align: center;\n\t                text-transform: none;\n\t                width: 1em;\n                }.additional-class-1873053331:before {width: auto; visibility: inherit;}.additional-class-1873053331:before{display: inline-block;}<\/style><style>.additional-class-1873053331:before {\n        vertical-align: middle;\n        text-decoration: none;\n    }<\/style><style>.additional-class-1873053331:hover {\n                    text-decoration: inherit;\n\t                display: inline-block;\n\t                speak: none;\n\t            }\n\n                .additional-class-1873053331:hover:before {\n                    font-family: 'Billion Web Font';\n\t                font-style: normal;\n\t                font-weight: normal;\n\t                text-decoration: inherit;\n\t                text-align: center;\n\t                text-transform: none;\n\t                width: 1em;\n                }.additional-class-1873053331:hover:before {width: auto; visibility: inherit;}.additional-class-1873053331:hover:before{display: inline-block;}<\/style><style>.additional-class-1873053331:hover:before {\n        vertical-align: middle;\n        text-decoration: none;\n    }<\/style><a href=\"\" class=\"bd-button-103  additional-class-1873053331  bd-own-margins bd-content-element\"><!--{content}-->\nun lieu\n<!--{\/content}--><\/a><!--[\/button]--><!--{\/content}--><\/div><\/div><!--[\/layoutbox]--><!--{\/content}--><!--[\/fluid_10001]-->\t\t\t\t<!--{\/content}-->\n\t\t\t<\/div>\n\t\t<\/section>\n\t<!--[\/section]-->\n<!--{\/content}--><!--[\/fluid_10000]-->\n","protected":false},"excerpt":{"rendered":"","protected":false},"author":1,"featured_media":0,"parent":0,"menu_order":0,"comment_status":"closed","ping_status":"closed","template":"","meta":[],"_links":{"self":[{"href":"https:\/\/yogaplume.fr\/index.php\/wp-json\/wp\/v2\/pages\/2154"}],"collection":[{"href":"https:\/\/yogaplume.fr\/index.php\/wp-json\/wp\/v2\/pages"}],"about":[{"href":"https:\/\/yogaplume.fr\/index.php\/wp-json\/wp\/v2\/types\/page"}],"author":[{"embeddable":true,"href":"https:\/\/yogaplume.fr\/index.php\/wp-json\/wp\/v2\/users\/1"}],"replies":[{"embeddable":true,"href":"https:\/\/yogaplume.fr\/index.php\/wp-json\/wp\/v2\/comments?post=2154"}],"version-history":[{"count":8,"href":"https:\/\/yogaplume.fr\/index.php\/wp-json\/wp\/v2\/pages\/2154\/revisions"}],"predecessor-version":[{"id":2550,"href":"https:\/\/yogaplume.fr\/index.php\/wp-json\/wp\/v2\/pages\/2154\/revisions\/2550"}],"wp:attachment":[{"href":"https:\/\/yogaplume.fr\/index.php\/wp-json\/wp\/v2\/media?parent=2154"}],"curies":[{"name":"wp","href":"https:\/\/api.w.org\/{rel}","templated":true}]}}