{"id":1965,"date":"2016-04-08T11:43:28","date_gmt":"2016-04-08T11:43:28","guid":{"rendered":"http:\/\/127.0.0.1:12080\/themler_1515493704\/wordpress\/?page_id=1965"},"modified":"2016-05-27T20:25:40","modified_gmt":"2016-05-27T19:25:40","slug":"psycho-genealogie","status":"publish","type":"page","link":"https:\/\/yogaplume.fr\/index.php\/psycho-genealogie\/","title":{"rendered":"PSYCHOGENEALOGIE"},"content":{"rendered":"<!--[fluid_10002]--><!--{content}-->    <!--[section]-->\n\t\t<style>\n.bd-section-2057474967{background-image:url(http:\/\/yogaplume.fr\/wp-content\/uploads\/2016\/05\/951330_bd_media_id_81b511218db056575a53088f742c15a2.png);background-repeat:no-repeat;background-attachment:scroll;background-position:right center;position:relative;margin-top:0px;margin-bottom:0px;padding-top:173.5px;padding-bottom:45.5px;}\n@media (max-width: 1199px) {.bd-section-2057474967{background-position:center bottom;padding-top:12em;padding-bottom:6em;}}\n@media (max-width: 991px) {.bd-section-2057474967{padding-top:8em;padding-bottom:4em;}}\n@media (max-width: 767px) {.bd-section-2057474967{padding-top:4em;}}\n.bd-section-2057474967{\n\tline-height:  24px;\n\ttext-align:  left;\n\tcolor:  #000000;\n\tfont-size:  16px;\n}\n.bd-section-2057474967 h1{\n\tline-height:  48px;\n\ttext-transform:  uppercase;\n\tcolor:  #000000;\n\tfont-size:  48px;\n}\n\n@media (max-width: 991px) {.bd-section-2057474967{\n\ttext-align:  center;\n}\n.bd-section-2057474967 h1{\n\tline-height:  36px;\n\tfont-size:  36px;\n}\n}\n@media (max-width: 767px) {.bd-section-2057474967{\n\ttext-align:  center;\n}\n.bd-section-2057474967 h1{\n\tline-height:  42.85714287px;\n\tfont-size:  30px;\n}\n}<\/style>\t\t<section id=section5 class=\" bd-section-2057474967 bd-page-width  bd-tagstyles\" data-section-title=\"Text Left with Button on Image\">\n\t\t\t<div class=\"bd-container-inner bd-margins clearfix\">\n\t\t\t\t<!--{content}-->\n\t\t\t\t\t<!--[fluid_10003]--><!--{content}--><!--[layoutbox_10000]--><style>\n.additional-class-1783589893{width:75%;margin-left:0px auto auto;margin-right:0px auto auto;}\n@media (max-width: 1199px) {.additional-class-1783589893{width:90%;}}<\/style><div class=\"clearfix  additional-class-1783589893 bd-page-width  bd-no-margins bd-no-margins\"><div class=\"bd-container-inner\"><!--{content}-->    <!--[text]-->\n        <style>\n.additional-class-2121283858{margin-bottom:83px;margin-top:0px;}<\/style>        <h1 class=\" additional-class-2121283858  bd-content-element\">\n            <!--{content}-->\n                La famille            <!--{\/content}-->\n        <\/h1>\n    <!--[\/text]-->\n\n\t\n\t\t    <!--[text]-->\n        <style>\n.additional-class-871133902{width:363px;height:266px;margin-top:83px;margin-bottom:0px;}\n@media (max-width: 1199px) {.additional-class-871133902{width:60%;}}\n@media (max-width: 991px) {.additional-class-871133902{width:100%;}}\n@media (max-width: 767px) {.additional-class-871133902{width:100%;}}<\/style>        <h6 class=\" additional-class-871133902  bd-content-element\">\n            <!--{content}-->\n                \u00ab La fid\u00e9lit\u00e9 aux anc\u00eatres, devenue inconsciente ou invisible (la loyaut\u00e9 invisible) nous gouverne : il est important de la rendre visible, d'en prendre conscience, de comprendre ce qui nous oblige, ce qui nous gouverne et si \u00e9ventuellement, il ne faudrait pas recadrer cette loyaut\u00e9, pour redevenir libre de vivre sa vie. \u00bb\n\nAnne Ancelin Sch\u00fctzenberger            <!--{\/content}-->\n        <\/h6>\n    <!--[\/text]-->\n\n\t\n\t\t\n    <!--[spacer]-->\n    <style>\n.bd-spacer-1052414240{height:20px;margin-top:0px;}<\/style>    <div class=\" bd-spacer-1052414240  clearfix\">\n        <!--{content}--><!--{\/content}-->\n    <\/div>\n    <!--[\/spacer]-->\n\n    \n\t\n\t\t<!--[background_width]--><!--{content}-->    <!--[text]-->\n                <h2 class=\" additional-class-1972709496 bd-background-width  bd-content-element\">\n            <!--{content}-->\n                ...pour redevenir libre de vivre sa vie.            <!--{\/content}-->\n        <\/h2>\n    <!--[\/text]-->\n<!--{\/content}--><!--[\/background_width]--><!--{\/content}--><\/div><\/div><!--[\/layoutbox_10000]--><!--{\/content}--><!--[\/fluid_10003]-->\t\t\t\t<!--{\/content}-->\n\t\t\t<\/div>\n\t\t<\/section>\n\t<!--[\/section]-->\n<!--{\/content}--><!--[\/fluid_10002]-->\n<!--[background_width_10001]--><!--{content}-->    <!--[section]-->\n\t\t<style>\n.bd-section-1304024391{background-color:#f7f7f7;margin-top:0px;padding-top:2em;padding-bottom:2em;}\n.bd-section-1304024391{\n\tline-height:  22.85714286px;\n\tfont-size:  16px;\n\ttext-align:  justify;\n}\n.bd-section-1304024391 p{\n\tmargin-left:  15px;\n\tmargin-right:  15px;\n}\n.bd-section-1304024391 h6{\n\ttext-align:  right;\n}\n.bd-section-1304024391 h3{\n\ttext-align:  left;\n}\n<\/style>\t\t<section id=section4 class=\" bd-section-1304024391 bd-background-width  bd-tagstyles\" data-section-title=\"Row With Bottom Offset Over Images\">\n\t\t\t<div class=\"bd-container-inner bd-margins clearfix\">\n\t\t\t\t<!--{content}-->\n\t\t\t\t\t    <!--[columns]-->\n        <style>\n.bd-layoutcontainer-48277282 > .bd-container-inner > .container-fluid > .row{height:100%;margin:0px -1em;}\n.bd-layoutcontainer-48277282 > .bd-container-inner > .container-fluid > .row > div{padding:0px 1em;}\n.bd-layoutcontainer-48277282  > .bd-container-inner > .container-fluid:after{display:none;}<\/style><style>\n.bd-layoutcontainer-48277282 > .bd-container-inner > .container-fluid, .bd-layoutcontainer-48277282 > .bd-container-inner > .container-fluid > .row{height:100%;}<\/style><style>.bd-layoutcontainer-48277282 > .bd-container-inner > .container-fluid {padding-left: 0; padding-right: 0;}<\/style>        <style>\n.bd-layoutcolumn-220334701{margin-bottom:0px;}\n\n.bd-layoutcolumn-1113639446{margin-top:0px;}<\/style>        <div class=\" bd-layoutcontainer-48277282  bd-columns bd-no-margins\">\n            <div class=\"bd-container-inner\">\n                <div class=\"container-fluid\">\n                    <div class=\"row bd-row-flex bd-row-align-middle\">\n                        <!--{content}-->\n                                <!--[column]-->\n        <div class=\"col-md-6 bd-columnwrapper-220334701\">\n            <div class=\"bd-column  bd-layoutcolumn-220334701 \">\n                <div class=\"bd-vertical-align-wrapper\">\n                    <!--{content}-->\n                            <!--[columns_1]-->\n        <style>\n.bd-layoutcontainer-100981247 > .bd-container-inner > .container-fluid > .row{height:100%;margin:0px;}\n.bd-layoutcontainer-100981247 > .bd-container-inner > .container-fluid > .row > div{padding:0px;}\n.bd-layoutcontainer-100981247  > .bd-container-inner > .container-fluid:after{display:none;}<\/style><style>\n.bd-layoutcontainer-100981247 > .bd-container-inner > .container-fluid, .bd-layoutcontainer-100981247 > .bd-container-inner > .container-fluid > .row{height:100%;}<\/style><style>.bd-layoutcontainer-100981247 > .bd-container-inner > .container-fluid {padding-left: 0; padding-right: 0;}<\/style>        <style>\n.bd-layoutcolumn-567899847{margin-top:-4em;background-color:#ffffff;margin-left:4em;margin-right:4em;min-height:250px;padding:10%;}\n@media (max-width: 767px) {.bd-layoutcolumn-567899847{margin-top:-2em;margin-left:2em;margin-right:2em;padding:5%;}}<\/style>        <div class=\" bd-layoutcontainer-100981247  bd-columns bd-no-margins\">\n            <div class=\"bd-container-inner\">\n                <div class=\"container-fluid\">\n                    <div class=\"row bd-row-flex bd-row-align-middle\">\n                        <!--{content}-->\n                                <!--[column_1]-->\n        <div class=\"col-lg-12 bd-columnwrapper-567899847\">\n            <div class=\"bd-column  bd-layoutcolumn-567899847  bd-no-margins\">\n                <div class=\"bd-vertical-align-wrapper\">\n                    <!--{content}-->\n                            <!--[text]-->\n                <h3 class=\" additional-class-1014763158  bd-content-element\">\n            <!--{content}-->\n                OBJECTIFS            <!--{\/content}-->\n        <\/h3>\n    <!--[\/text]-->\n\n\t\n\t\t    <!--[text]-->\n        <style>\n.additional-class-1107204114{height:289px;}<\/style>        <p class=\" additional-class-1107204114  bd-content-element\">\n            <!--{content}-->\n                Rep\u00e9rer ce qui a pu se transmettre d\u2019une g\u00e9n\u00e9ration \u00e0 l\u2019autre et s\u2019en lib\u00e9rer.<br>Donner du sens \u00e0 ses choix et \u00e0 ses comportements&nbsp;<br>Franchir une \u00e9tape difficile&nbsp;<br>Faire le point sur son parcours\n\n\n\nComprendre ou r\u00e9soudre un conflit\n\nTrouver sa place et son r\u00f4le            <!--{\/content}-->\n        <\/p>\n    <!--[\/text]-->\n                    <!--{\/content}-->\n                <\/div>\n            <\/div>\n        <\/div>\n    <!--[\/column_1]-->\n                        <!--{\/content}-->\n                    <\/div>\n                <\/div>\n            <\/div>\n        <\/div>\n    <!--[\/columns_1]-->\n                    <!--{\/content}-->\n                <\/div>\n            <\/div>\n        <\/div>\n    <!--[\/column]-->\n\n\t\n\t\t    <!--[column]-->\n        <div class=\"col-md-6 bd-columnwrapper-1113639446\">\n            <div class=\"bd-column  bd-layoutcolumn-1113639446 \">\n                <div class=\"bd-vertical-align-wrapper\">\n                    <!--{content}-->\n                            <!--[columns_1]-->\n        <style>\n.bd-layoutcontainer-293703618 > .bd-container-inner > .container-fluid > .row{height:100%;margin:0px;}\n.bd-layoutcontainer-293703618 > .bd-container-inner > .container-fluid > .row > div{padding:0px;}\n.bd-layoutcontainer-293703618  > .bd-container-inner > .container-fluid:after{display:none;}<\/style><style>\n.bd-layoutcontainer-293703618 > .bd-container-inner > .container-fluid, .bd-layoutcontainer-293703618 > .bd-container-inner > .container-fluid > .row{height:100%;}<\/style><style>.bd-layoutcontainer-293703618 > .bd-container-inner > .container-fluid {padding-left: 0; padding-right: 0;}<\/style>        <style>\n.bd-layoutcolumn-1403248161{background-color:#ffffff;min-height:250px;margin:0px 4em 44px;padding:10%;}\n@media (max-width: 767px) {.bd-layoutcolumn-1403248161{margin-top:-2em;margin-left:2em;margin-right:2em;padding:5%;}}<\/style>        <div class=\" bd-layoutcontainer-293703618  bd-columns bd-no-margins\">\n            <div class=\"bd-container-inner\">\n                <div class=\"container-fluid\">\n                    <div class=\"row bd-row-flex bd-row-align-middle\">\n                        <!--{content}-->\n                                <!--[column_1]-->\n        <div class=\"col-lg-12 bd-columnwrapper-1403248161\">\n            <div class=\"bd-column  bd-layoutcolumn-1403248161  bd-no-margins\">\n                <div class=\"bd-vertical-align-wrapper\">\n                    <!--{content}-->\n                            <!--[text]-->\n        <style>\n.additional-class-639374694{height:354px;margin-top:0px;}<\/style>        <p class=\" additional-class-639374694  bd-content-element\">\n            <!--{content}-->\n                Mes 15 ann\u00e9es d\u2019exercice en qualit\u00e9 d\u2019Assistante de Service Social m\u2019ont amen\u00e9e \u00e0 travailler r\u00e9guli\u00e8rement avec ces diff\u00e9rentes techniques et outils que sont l\u2019arbre g\u00e9n\u00e9alogique, la syst\u00e9mie familiale, l\u2019analyse transg\u00e9n\u00e9rationnelle. Outils que j\u2019ai r\u00e9guli\u00e8rement approfondis \u00e0 travers diff\u00e9rents stages et modules de formation.\nAussi je souhaite vous accompagner en mettant \u00e0 profit cette exp\u00e9rience et ces techniques \u00e0 partir desquelles vous d\u00e9nouerez peu \u00e0 peu les fils tiss\u00e9s par vos ascendants entra\u00eenant des blocages et des r\u00e9p\u00e9titions souvent inconscientes que l\u2019\u00eatre humain met en place.            <!--{\/content}-->\n        <\/p>\n    <!--[\/text]-->\n                    <!--{\/content}-->\n                <\/div>\n            <\/div>\n        <\/div>\n    <!--[\/column_1]-->\n                        <!--{\/content}-->\n                    <\/div>\n                <\/div>\n            <\/div>\n        <\/div>\n    <!--[\/columns_1]-->\n                    <!--{\/content}-->\n                <\/div>\n            <\/div>\n        <\/div>\n    <!--[\/column]-->\n                        <!--{\/content}-->\n                    <\/div>\n                <\/div>\n            <\/div>\n        <\/div>\n    <!--[\/columns]-->\n\t\t\t\t<!--{\/content}-->\n\t\t\t<\/div>\n\t\t<\/section>\n\t<!--[\/section]-->\n<!--{\/content}--><!--[\/background_width_10001]-->\n<!--[fluid_10004]--><!--{content}-->    <!--[section]-->\n\t\t<style>\n.bd-section-675025156{\n\tline-height:  25.71428572px;\n\ttext-align:  justify;\n\tfont-size:  18px;\n\tfont-weight:  normal;\n}\n<\/style>\t\t<section id=section4 class=\" bd-section-675025156 bd-page-width  bd-tagstyles\" data-section-title=\"Two Columns Image Left\">\n\t\t\t<div class=\"bd-container-inner bd-margins clearfix\">\n\t\t\t\t<!--{content}-->\n\t\t\t\t\t<!--[fluid_10005]--><!--{content}-->    <!--[columns]-->\n        <style>\n.bd-layoutcontainer-238965151{height:50vw;}\n@media (max-width: 991px) {.bd-layoutcontainer-238965151{height:auto;}}<\/style><style>\n.bd-layoutcontainer-238965151 > .bd-container-inner > .container-fluid > .row{height:100%;margin:0px;}\n.bd-layoutcontainer-238965151 > .bd-container-inner > .container-fluid > .row > div{padding:0px;}\n.bd-layoutcontainer-238965151  > .bd-container-inner > .container-fluid:after{display:none;}<\/style><style>\n.bd-layoutcontainer-238965151 > .bd-container-inner > .container-fluid, .bd-layoutcontainer-238965151 > .bd-container-inner > .container-fluid > .row{height:100%;}<\/style><style>.bd-layoutcontainer-238965151 > .bd-container-inner > .container-fluid {padding-left: 0; padding-right: 0;}<\/style>        <style>\n.bd-layoutcolumn-638119001{position:relative;margin-bottom:0px;}\n\n.bd-layoutcolumn-1351456400{margin-top:0px;padding:10%;}<\/style>        <div class=\" bd-layoutcontainer-238965151 bd-page-width  bd-columns bd-no-margins\">\n            <div class=\"bd-container-inner\">\n                <div class=\"container-fluid\">\n                    <div class=\"row bd-row-flex bd-row-align-middle\">\n                        <!--{content}-->\n                                <!--[column]-->\n        <div class=\"col-md-6 bd-columnwrapper-638119001\">\n            <div class=\"bd-column  bd-layoutcolumn-638119001 \">\n                <div class=\"bd-vertical-align-wrapper\">\n                    <!--{content}-->\n                            <!--[image_scaling]-->\n        <style>\n.bd-imagescaling-865363199.bd-imagescaling-img, .bd-imagescaling-865363199 .bd-imagescaling-img{background-position:center center;background-repeat:no-repeat;background-size:contain;}<\/style>        <!--{content}-->\n            <!--[image]--><style>\n.additional-class-1964976448{position:absolute;width:100%;height:100%;top:0%;left:0%;}\n@media (max-width: 991px) {.additional-class-1964976448{position:relative;}}<\/style><img src=\"http:\/\/yogaplume.fr\/wp-content\/uploads\/2016\/05\/930794_bd_media_id_49a68d9e0f20e68ea0e6e87276aba5c3.png\" class=\" additional-class-1964976448 bd-own-margins bd-imagescaling  bd-imagescaling-865363199 \"><!--{content}--><!--{\/content}--><!--[\/image]-->        <!--{\/content}-->\n    <!--[\/image_scaling]-->\n                    <!--{\/content}-->\n                <\/div>\n            <\/div>\n        <\/div>\n    <!--[\/column]-->\n\n\t\n\t\t    <!--[column]-->\n        <div class=\"col-md-6 bd-columnwrapper-1351456400\">\n            <div class=\"bd-column  bd-layoutcolumn-1351456400 \">\n                <div class=\"bd-vertical-align-wrapper\">\n                    <!--{content}-->\n                            <!--[text]-->\n                <h3 class=\" additional-class-795086949  bd-content-element\">\n            <!--{content}-->\n                PSYCHOGENEALOGIE            <!--{\/content}-->\n        <\/h3>\n    <!--[\/text]-->\n\n\t\n\t\t    <!--[text]-->\n        <style>\n.additional-class-997360773{margin-bottom:58px;}<\/style>        <h6 class=\" additional-class-997360773  bd-content-element\">\n            <!--{content}-->\n                La psychog\u00e9n\u00e9alogie est une clinique d\u00e9velopp\u00e9e dans les ann\u00e9es 1970 par le Pr Anne Ancelin Sch\u00fctzenberger selon laquelle les \u00e9v\u00e9nements, les traumatismes, les secrets et les conflits v\u00e9cus par les ascendants d'un individu conditionnent ses faiblesses constitutionnelles, ses troubles psychologiques, ses maladies, voire ses comportements \u00e9tranges ou inexplicables.\n\nDepuis, cette pratique clinique a \u00e9t\u00e9 th\u00e9oris\u00e9e par de nombreux psychanalystes, tels Fran\u00e7oise Dolto, Didier Dumas ou Nicolas Abraham et Maria Torok.Ils donneront naissance \u00e0 la psychanalyse transg\u00e9n\u00e9rationnelle.\n\nCette approche, repose sur le concept d'inconscient collectif d\u00e9velopp\u00e9 par Carl Gustav Jung et celui de loyaut\u00e9 familiale invisible selon lequel il existe des dettes familiales dont il faut s'acquitter.Pour \u00e9laborer cette clinique, Anne Ancelin Sch\u00fctzenberger s'est fond\u00e9e sur ses propres observations et sur des concepts issus de la psychanalyse, de la psychologie, de la psychoth\u00e9rapie et de la syst\u00e9mique.            <!--{\/content}-->\n        <\/h6>\n    <!--[\/text]-->\n\n\t\n\t\t    <!--[text]-->\n        <style>\n.additional-class-1014776871{margin-top:58px;}\nh6.additional-class-1014776871{\n\tfont-style:  italic;\n}\n<\/style>        <h6 class=\" additional-class-1014776871  bd-content-element\">\n            <!--{content}-->\n                \u00ab Si vous ne faites pas face \u00e0 votre ombre, elle vous viendra sous la forme du destin. \u00bb<br>&nbsp;Carl Yung            <!--{\/content}-->\n        <\/h6>\n    <!--[\/text]-->\n                    <!--{\/content}-->\n                <\/div>\n            <\/div>\n        <\/div>\n    <!--[\/column]-->\n                        <!--{\/content}-->\n                    <\/div>\n                <\/div>\n            <\/div>\n        <\/div>\n    <!--[\/columns]-->\n<!--{\/content}--><!--[\/fluid_10005]-->\t\t\t\t<!--{\/content}-->\n\t\t\t<\/div>\n\t\t<\/section>\n\t<!--[\/section]-->\n<!--{\/content}--><!--[\/fluid_10004]-->\n","protected":false},"excerpt":{"rendered":"","protected":false},"author":1,"featured_media":0,"parent":0,"menu_order":0,"comment_status":"closed","ping_status":"closed","template":"","meta":[],"_links":{"self":[{"href":"https:\/\/yogaplume.fr\/index.php\/wp-json\/wp\/v2\/pages\/1965"}],"collection":[{"href":"https:\/\/yogaplume.fr\/index.php\/wp-json\/wp\/v2\/pages"}],"about":[{"href":"https:\/\/yogaplume.fr\/index.php\/wp-json\/wp\/v2\/types\/page"}],"author":[{"embeddable":true,"href":"https:\/\/yogaplume.fr\/index.php\/wp-json\/wp\/v2\/users\/1"}],"replies":[{"embeddable":true,"href":"https:\/\/yogaplume.fr\/index.php\/wp-json\/wp\/v2\/comments?post=1965"}],"version-history":[{"count":14,"href":"https:\/\/yogaplume.fr\/index.php\/wp-json\/wp\/v2\/pages\/1965\/revisions"}],"predecessor-version":[{"id":2594,"href":"https:\/\/yogaplume.fr\/index.php\/wp-json\/wp\/v2\/pages\/1965\/revisions\/2594"}],"wp:attachment":[{"href":"https:\/\/yogaplume.fr\/index.php\/wp-json\/wp\/v2\/media?parent=1965"}],"curies":[{"name":"wp","href":"https:\/\/api.w.org\/{rel}","templated":true}]}}