{"id":1785,"date":"2016-03-31T09:32:15","date_gmt":"2016-03-31T09:32:15","guid":{"rendered":"http:\/\/127.0.0.1:12080\/themler_1515493704\/wordpress\/?page_id=1785"},"modified":"2022-10-13T14:05:50","modified_gmt":"2022-10-13T13:05:50","slug":"presentation","status":"publish","type":"page","link":"https:\/\/yogaplume.fr\/index.php\/presentation\/","title":{"rendered":"PRESENTATION"},"content":{"rendered":"<!--[fluid]--><!--{content}-->    <!--[section]-->\n\t\t<style>\n.bd-section-1193297247{\n\tline-height:  27.2px;\n\tfont-size:  16px;\n}\n.bd-section-1193297247 h1{\n\tline-height:  48px;\n\tfont-size:  48px;\n\tfont-weight:  bold;\n\ttext-transform:  uppercase;\n\tcolor:  #000000;\n}\n<\/style>\t\t<section id=section4 class=\" bd-section-1193297247 bd-page-width  bd-tagstyles\" data-section-title=\"Two Columns Image Left\">\n\t\t\t<div class=\"bd-container-inner bd-margins clearfix\">\n\t\t\t\t<!--{content}-->\n\t\t\t\t\t<!--[fluid_1]--><!--{content}-->    <!--[columns]-->\n        <style>\n@media (max-width: 991px) {.bd-layoutcontainer-1189750800{height:auto;}}<\/style><style>\n.bd-layoutcontainer-1189750800 > .bd-container-inner > .container-fluid > .row{height:100%;margin:0px;}\n.bd-layoutcontainer-1189750800 > .bd-container-inner > .container-fluid > .row > div{padding:0px;}\n.bd-layoutcontainer-1189750800  > .bd-container-inner > .container-fluid:after{display:none;}<\/style><style>\n.bd-layoutcontainer-1189750800 > .bd-container-inner > .container-fluid, .bd-layoutcontainer-1189750800 > .bd-container-inner > .container-fluid > .row{height:100%;}<\/style><style>.bd-layoutcontainer-1189750800 > .bd-container-inner > .container-fluid {padding-left: 0; padding-right: 0;}<\/style>        <style>\n.bd-layoutcolumn-151009115{margin-bottom:0px;padding:10%;}\n@media (max-width: 1199px) {.bd-layoutcolumn-151009115{padding:10%;}}\n.bd-layoutcolumn-151009115{\n\ttext-align:  center;\n}\n\n\n.bd-layoutcolumn-551055023{margin-top:0px;padding:10%;}<\/style>        <div class=\" bd-layoutcontainer-1189750800 bd-page-width  bd-columns bd-no-margins\">\n            <div class=\"bd-container-inner\">\n                <div class=\"container-fluid\">\n                    <div class=\"row bd-row-flex bd-row-align-middle\">\n                        <!--{content}-->\n                                <!--[column]-->\n        <div class=\"col-lg-6 col-md-6 bd-columnwrapper-151009115\">\n            <div class=\"bd-column  bd-layoutcolumn-151009115 \">\n                <div class=\"bd-vertical-align-wrapper\">\n                    <!--{content}-->\n                            <!--[text]-->\n        <style>\n.additional-class-960218844{margin-top:0px;margin-bottom:0px;}<\/style>        <h3 class=\" additional-class-960218844  bd-content-element\">\n            <!--{content}-->\n                Qui suis-je ?            <!--{\/content}-->\n        <\/h3>\n    <!--[\/text]-->\n\n\t\n\t\t\n    <!--[separator]-->\n    <style>\n.bd-separator-1611776154{height:50px;margin-top:0px;margin-bottom:0px;}<\/style>        <style>\n.bd-separator-1611776154 .bd-separator-inner:before, .bd-separator-1611776154 .bd-separator-inner:after{border-top:2px solid #000000;}<\/style>    <style>\n.bd-separator-1611776154 .bd-separator-inner{width:10%;}<\/style>\n    <div class=\" bd-separator-1611776154  bd-separator-center bd-separator-content-center clearfix\">\n        <div class=\"bd-container-inner\">\n            <div class=\"bd-separator-inner\">\n                                <!--{content}--><!--{\/content}-->\n            <\/div>\n        <\/div>\n    <\/div>\n    <!--[\/separator]-->\n\n    \n\t\n\t\t    <!--[text]-->\n        <style>\n.additional-class-593521847{margin-top:0px;}<\/style>        <p class=\" additional-class-593521847  bd-content-element\">\n            <!--{content}-->\n                Praticienne en Th\u00e9rapie Holistique : Relation d\u2019aide \u2013 Ecriture\u2013&nbsp;Jeu de Sable &nbsp;\u2013Yoga\/Relaxation \u2013 R\u00e9flexologie \u2013 Psychog\u00e9n\u00e9alogie &nbsp;\u2013Aromath\u00e9rapie .Je vous accompagne \u00e0 travers ces diff\u00e9rentes pratiques seules ou combin\u00e9es en fonction de votre demande et en prenant en compte tout ce qui vous caract\u00e9rise dans la globalit\u00e9 de votre \u00eatre (physique, psychique, \u00e9nerg\u00e9tique).            <!--{\/content}-->\n        <\/p>\n    <!--[\/text]-->\n\n\t\n\t\t\n    <!--[spacer]-->\n    <style>\n.bd-spacer-367261694{height:30px;}<\/style>    <div class=\" bd-spacer-367261694  clearfix\">\n        <!--{content}--><!--{\/content}-->\n    <\/div>\n    <!--[\/spacer]-->\n\n                        <!--{\/content}-->\n                <\/div>\n            <\/div>\n        <\/div>\n    <!--[\/column]-->\n\n\t\n\t\t    <!--[column]-->\n        <div class=\"col-lg-6 col-md-6 bd-columnwrapper-551055023\">\n            <div class=\"bd-column  bd-layoutcolumn-551055023 \">\n                <div class=\"bd-vertical-align-wrapper\">\n                    <!--{content}-->\n                        <!--[image]--><style>\n.additional-class-1983113333{width:400px;margin-top:0px;}<\/style><style>\n            .additional-class-1983113333 > img, img.additional-class-1983113333 {\n                max-width: 100%;\n            }\n        <\/style><img src=\"https:\/\/yogaplume.fr\/wp-content\/uploads\/2018\/09\/68897a57b00d2559189337434fb62858_sylvianePatron.jpg\" class=\" additional-class-1983113333    img-responsive bd-own-margins\"><!--{content}--><!--{\/content}--><!--[\/image]-->\n\t\n\t\t    <!--[text]-->\n        <style>\n.additional-class-922561888{position:absolute;top:91.924%;left:7.143%;right:auto;bottom:auto;display:block;}\nh3.additional-class-922561888{\n\tfont-weight:  normal;\n}\n<\/style>        <h3 class=\" additional-class-922561888  bd-content-element\">\n            <!--{content}-->\n                Ma formation            <!--{\/content}-->\n        <\/h3>\n    <!--[\/text]-->\n                    <!--{\/content}-->\n                <\/div>\n            <\/div>\n        <\/div>\n    <!--[\/column]-->\n                        <!--{\/content}-->\n                    <\/div>\n                <\/div>\n            <\/div>\n        <\/div>\n    <!--[\/columns]-->\n<!--{\/content}--><!--[\/fluid_1]-->\t\t\t\t<!--{\/content}-->\n\t\t\t<\/div>\n\t\t<\/section>\n\t<!--[\/section]-->\n<!--{\/content}--><!--[\/fluid]-->\n<!--[fluid]--><!--{content}-->    <!--[section]-->\n\t\t<style>\n.bd-section-1653607605{margin-bottom:721px;}\n@media (max-width: 767px) {.bd-section-1653607605{margin-bottom:1012px;}}\n.bd-section-1653607605{\n\tline-height:  40px;\n\tcolor:  #555555;\n\tfont-size:  16px;\n\tfont-family:  Arial, 'Arial Unicode MS', Helvetica, Sans-Serif;\n\tfont-weight:  bold;\n}\n.bd-section-1653607605 h5{\n\tline-height:  22.85714286px;\n\tcolor:  #9c9c9c;\n\tfont-weight:  600;\n\tfont-size:  16px;\n\ttext-transform:  uppercase;\n}\n.bd-section-1653607605 h3{\n\tline-height:  36px;\n\tcolor:  #000000;\n\ttext-transform:  none;\n\tfont-size:  30px;\n\tmargin-bottom:  1em;\n}\n\n@media (max-width: 767px) {.bd-section-1653607605 h5{\n\tline-height:  20.00000001px;\n\tfont-size:  14px;\n}\n.bd-section-1653607605 h3{\n\tline-height:  40.00000001px;\n\tfont-size:  28px;\n}\n}<\/style>\t\t<section id=section16 class=\" bd-section-1653607605 bd-page-width  bd-tagstyles\" data-section-title=\"Architecture Two Columns Image Left\">\n\t\t\t<div class=\"bd-container-inner bd-margins clearfix\">\n\t\t\t\t<!--{content}-->\n\t\t\t\t\t<!--[fluid_1]--><!--{content}-->    <!--[columns]-->\n        <style>\n.bd-layoutcontainer-688437682{height:50vw;}\n@media (max-width: 991px) {.bd-layoutcontainer-688437682{height:auto;}}<\/style><style>\n.bd-layoutcontainer-688437682 > .bd-container-inner > .container-fluid > .row{height:100%;margin:0px;}\n.bd-layoutcontainer-688437682 > .bd-container-inner > .container-fluid > .row > div{padding:0px;}\n.bd-layoutcontainer-688437682  > .bd-container-inner > .container-fluid:after{display:none;}<\/style><style>\n.bd-layoutcontainer-688437682 > .bd-container-inner > .container-fluid, .bd-layoutcontainer-688437682 > .bd-container-inner > .container-fluid > .row{height:100%;}<\/style><style>.bd-layoutcontainer-688437682 > .bd-container-inner > .container-fluid {padding-left: 0; padding-right: 0;}<\/style>        <style>\n.bd-layoutcolumn-1119773031{position:relative;}\n\n.bd-layoutcolumn-1460999264{margin-bottom:-114px;position:relative;padding:10%;}<\/style>        <div class=\" bd-layoutcontainer-688437682 bd-page-width  bd-columns bd-no-margins\">\n            <div class=\"bd-container-inner\">\n                <div class=\"container-fluid\">\n                    <div class=\"row bd-row-flex bd-row-align-middle\">\n                        <!--{content}-->\n                                <!--[column]-->\n        <div class=\"col-md-6 bd-columnwrapper-1119773031\">\n            <div class=\"bd-column  bd-layoutcolumn-1119773031 \">\n                <div class=\"bd-vertical-align-wrapper\">\n                    <!--{content}-->\n                            <!--[image_scaling]-->\n        <style>\n.bd-imagescaling-65546817.bd-imagescaling-img, .bd-imagescaling-65546817 .bd-imagescaling-img{background-position:center center;background-repeat:no-repeat;background-size:cover;}<\/style>        <!--{content}-->\n            <!--[image]--><style>\n.additional-class-266773852{position:absolute;top:0%;left:3.63208%;width:520px;height:983px;right:auto;bottom:auto;}\n@media (max-width: 991px) {.additional-class-266773852{position:relative;}}<\/style><style>\n            .additional-class-266773852 > img, img.additional-class-266773852 {\n                max-width: 100%;\n            }\n        <\/style><img src=\"http:\/\/yogaplume.fr\/wp-content\/uploads\/2016\/05\/893dbc9e3b20ea2e0c010cb7fce6335f_Chemin5MODIF1.jpg\" class=\" additional-class-266773852 img-responsive bd-own-margins bd-imagescaling  bd-imagescaling-65546817 \"><!--{content}--><!--{\/content}--><!--[\/image]-->        <!--{\/content}-->\n    <!--[\/image_scaling]-->\n                    <!--{\/content}-->\n                <\/div>\n            <\/div>\n        <\/div>\n    <!--[\/column]-->\n\n\t\n\t\t    <!--[column]-->\n        <div class=\"col-md-6 bd-columnwrapper-1460999264\">\n            <div class=\"bd-column  bd-layoutcolumn-1460999264 \">\n                <div class=\"bd-vertical-align-wrapper\">\n                    <!--{content}-->\n                            <!--[text]-->\n        <style>\n.additional-class-661911472{margin-bottom:0px;height:880px;margin-top:0px;}\n.additional-class-661911472{\n\tfont-weight:  bold;\n}\n<\/style>        <p class=\" additional-class-661911472  bd-content-element\">\n            <!--{content}-->\n                <a href=\"https:\/\/www.ecolederire.org\/\">\n            \n                YOGA DU RIRE ECOLE INTERNATIONALE DU RIRE \u20132020<\/a><br>AROMATHERAPIE<br>JEU DE SABLE<br><span style=\"font-weight: normal;\">I<\/span><a href=\"https:\/\/www.cassiopee-formation.com\/\" style=\"\">NSTITUT CASSIOPEE \u2013 20<\/a><a href=\"https:\/\/www.cassiopee-formation.com\/\">20<\/a><br>MASSAGES BIEN-\u00caTRE&nbsp;R\u00c9FLEXOLOGIE&nbsp;<br>INSTITUT CASSIOPEE \u2013 2017<br>\n            \n                ANIMATION D\u2019ATELIERS D\u2019ECRITURE\n<br> VEFA \u2013Vivre et l\u2019Ecrire Formation Animation - Orl\u00e9ans 2005\/2006&nbsp;<br>CICLOP \u2013 Centre Interculturel de Communication, Langues et Orientation P\u00e9dagogique 2016<br>EXPRESSION&nbsp;CR\u00c9ATRICE&nbsp;<br>Form\u00e9e aux cours de Dessin\/Peinture\/Modelage de B\u00e9n\u00e9dicte Charpentier \u2013 de 2010 \u00e0 2017 - 78 Vernouillet&nbsp;<br><a href=\"https:\/\/www.benedictecharpentier.fr\/\" style=\"\">https:\/\/www.benedictecharpentier.fr\/<\/a><br>PROFESSEUR de YOGA&nbsp;<br>dipl\u00f4m\u00e9e de l\u2019IIY - INSTITUT INTERNATIONAL DE YOGA et <a href=\"http:\/\/www.iiy-yogikhane.ch\/home.html\">YOGATHERAPIE \u2013 2018&nbsp;<\/a><br>http:\/\/www.iiy-yogikhane.ch\/home.html<br>LA RELATION D\u2019AIDE\n<br>2001 DEAS (Dipl\u00f4me d\u2019Etat d\u2019Assistant de Service Social)\n<br>\n<br><br>            <!--{\/content}-->\n        <\/p>\n    <!--[\/text]-->\n                    <!--{\/content}-->\n                <\/div>\n            <\/div>\n        <\/div>\n    <!--[\/column]-->\n                        <!--{\/content}-->\n                    <\/div>\n                <\/div>\n            <\/div>\n        <\/div>\n    <!--[\/columns]-->\n<!--{\/content}--><!--[\/fluid_1]-->\t\t\t\t<!--{\/content}-->\n\t\t\t<\/div>\n\t\t<\/section>\n\t<!--[\/section]-->\n<!--{\/content}--><!--[\/fluid]-->\n<!--[button]--><style>\n.additional-class-92767253{display:block;left:64.397%;bottom:auto;right:auto;top:63.843%;position:absolute;}\n@media (max-width: 767px) {.additional-class-92767253{display:block;bottom:auto;top:68.233%;right:auto;left:0.000%;}}<\/style><style>.additional-class-92767253 {\n                    text-decoration: inherit;\n\t                display: inline-block;\n\t                speak: none;\n\t            }\n\n                .additional-class-92767253:before {\n                    font-family: 'Billion Web Font';\n\t                font-style: normal;\n\t                font-weight: normal;\n\t                text-decoration: inherit;\n\t                text-align: center;\n\t                text-transform: none;\n\t                width: 1em;\n                }.additional-class-92767253:before {width: auto; visibility: inherit;}.additional-class-92767253:before{display: inline-block;}<\/style><style>.additional-class-92767253:before {\n        vertical-align: middle;\n        text-decoration: none;\n    }<\/style><style>.additional-class-92767253:hover {\n                    text-decoration: inherit;\n\t                display: inline-block;\n\t                speak: none;\n\t            }\n\n                .additional-class-92767253:hover:before {\n                    font-family: 'Billion Web Font';\n\t                font-style: normal;\n\t                font-weight: normal;\n\t                text-decoration: inherit;\n\t                text-align: center;\n\t                text-transform: none;\n\t                width: 1em;\n                }.additional-class-92767253:hover:before {width: auto; visibility: inherit;}.additional-class-92767253:hover:before{display: inline-block;}<\/style><style>.additional-class-92767253:hover:before {\n        vertical-align: middle;\n        text-decoration: none;\n    }<\/style><a href=\"http:\/\/yogaplume.fr\/index.php\/cv\/\" class=\"btn btn-primary  additional-class-92767253  bd-own-margins bd-content-element\"><!--{content}-->\nen savoir plus\n<!--{\/content}--><\/a><!--[\/button]-->\n    <!--[section]-->\n\t\t<style>\n.bd-section-560140714{background-color:#269ccb;padding-top:2em;padding-bottom:2em;display:block;}\n@media (max-width: 767px) {.bd-section-560140714{margin-top:1012px;}}\n.bd-section-560140714{\n\tline-height:  30.6px;\n\tcolor:  #ffffff;\n\tfont-size:  18px;\n}\n.bd-section-560140714 h4{\n\tline-height:  24px;\n\tfont-weight:  400;\n\tfont-size:  20px;\n\tmargin-top:  0.7em;\n\tmargin-bottom:  0.7em;\n\tcolor:  #ffffff;\n\tfont-style:  italic;\n\tletter-spacing:  1px;\n}\n.bd-section-560140714 h1{\n\tline-height:  72px;\n\tfont-weight:  500;\n\tfont-size:  72px;\n\ttext-transform:  uppercase;\n\tletter-spacing:  1px;\n\tcolor:  #ffffff;\n}\n\n@media (max-width: 991px) {.bd-section-560140714 h1{\n\tline-height:  50px;\n\tfont-size:  50px;\n}\n}<\/style>\t\t<section id=section3 class=\" bd-section-560140714  bd-tagstyles\" data-section-title=\"Full Page Text Left\">\n\t\t\t<div class=\"bd-container-inner bd-margins clearfix\">\n\t\t\t\t<!--{content}-->\n\t\t\t\t\t<!--[layoutbox]--><style>\n.additional-class-1657017933{padding-right:1em;padding-left:1em;width:75%;margin-left:0px;margin-right:auto;}\n@media (max-width: 1199px) {.additional-class-1657017933{width:80%;}}\n@media (max-width: 767px) {.additional-class-1657017933{width:100%;padding:10px;}}<\/style><div class=\"clearfix  additional-class-1657017933  bd-no-margins bd-no-margins\"><div class=\"bd-container-inner\"><!--{content}-->    <!--[text]-->\n        <style>\n.additional-class-893993254{margin:0px;}\n@media (max-width: 991px) {.additional-class-893993254{margin-bottom:0px;}}<\/style>        <h4 class=\" additional-class-893993254  bd-no-margins bd-content-element\">\n            <!--{content}-->\n                            <!--{\/content}-->\n        <\/h4>\n    <!--[\/text]-->\n\n\t\n\t\t    <!--[text]-->\n        <style>\n@media (max-width: 991px) {.additional-class-1071901622{margin-top:0px;}}<\/style>        <h1 class=\" additional-class-1071901622  bd-content-element\">\n            <!--{content}-->\n                Mes objectifs            <!--{\/content}-->\n        <\/h1>\n    <!--[\/text]-->\n\n\t\n\t\t\n    <!--[spacer]-->\n    <style>\n.bd-spacer-712594882{height:2em;}<\/style>    <div class=\" bd-spacer-712594882  clearfix\">\n        <!--{content}--><!--{\/content}-->\n    <\/div>\n    <!--[\/spacer]-->\n\n    \n\t\n\t\t    <!--[text]-->\n        <style>\n.additional-class-1032390369{height:275px;margin-bottom:-60px;}<\/style>        <p class=\" additional-class-1032390369  bd-content-element\">\n            <!--{content}-->\n                MES OBJECTIFS&nbsp;et ENGAGEMENTS&nbsp;<br style=\"font-size: 16px; background-color: rgb(255, 255, 255); color: rgb(85, 85, 85); line-height: 27.2px;\">En toutes circonstances&nbsp;je m\u2019engage&nbsp;:&nbsp;<br style=\"font-size: 16px; background-color: rgb(255, 255, 255); color: rgb(85, 85, 85); line-height: 27.2px;\">A faire preuve de neutralit\u00e9 et d\u2019une absence de pros\u00e9lytisme de mes convictions et id\u00e9aux tant politiques, philosophiques que religieux.&nbsp;<br style=\"font-size: 16px; background-color: rgb(255, 255, 255); color: rgb(85, 85, 85); line-height: 27.2px;\">A vous accompagner sans jugement, ni interpr\u00e9tation, ni critique par une approche th\u00e9rapeutique et une \u00e9coute active, non directive et cr\u00e9atrice afin de&nbsp;vous aider&nbsp;:&nbsp;<br><br><br><br>            <!--{\/content}-->\n        <\/p>\n    <!--[\/text]-->\n\n\t\n\t\t\n    <!--[spacer]-->\n    <style>\n.bd-spacer-1160703669{height:2em;margin-top:-60px;}<\/style>    <div class=\" bd-spacer-1160703669  clearfix\">\n        <!--{content}--><!--{\/content}-->\n    <\/div>\n    <!--[\/spacer]-->\n\n    <!--{\/content}--><\/div><\/div><!--[\/layoutbox]-->\t\t\t\t<!--{\/content}-->\n\t\t\t<\/div>\n\t\t<\/section>\n\t<!--[\/section]-->\n\n<!--[background_width]--><!--{content}-->    <!--[section]-->\n\t\t<style>\n.bd-section-1612128364{background-attachment:scroll;background-size:cover;padding-top:0px;padding-bottom:0px;margin-top:4px;margin-bottom:0px;}\n.bd-section-1612128364{\n\tline-height:  32px;\n\tfont-size:  16px;\n\tcolor:  #333333;\n\tfont-family:  Arial;\n\ttext-align:  left;\n}\n.bd-section-1612128364 p{\n\tmargin-left:  20px;\n\tmargin-right:  10px;\n}\n.bd-section-1612128364 h2{\n\tline-height:  42.85714287px;\n\tfont-size:  30px;\n}\n.bd-section-1612128364 h1{\n\tline-height:  57.6px;\n\tfont-size:  48px;\n\tfont-weight:  700;\n\tcolor:  #000000;\n\ttext-transform:  uppercase;\n}\n\n@media (max-width: 767px) {.bd-section-1612128364 h1{\n\tline-height:  42.85714287px;\n\tfont-size:  30px;\n}\n}<\/style>\t\t<section id=section2 class=\" bd-section-1612128364 bd-background-width  bd-tagstyles\" data-section-title=\"Centered Text With Button\">\n\t\t\t<div class=\"bd-container-inner bd-margins clearfix\">\n\t\t\t\t<!--{content}-->\n\t\t\t\t\t\t\t\t\t<!--{\/content}-->\n\t\t\t<\/div>\n\t\t<\/section>\n\t<!--[\/section]-->\n<!--{\/content}--><!--[\/background_width]-->\n","protected":false},"excerpt":{"rendered":"","protected":false},"author":1,"featured_media":0,"parent":0,"menu_order":0,"comment_status":"closed","ping_status":"closed","template":"","meta":[],"_links":{"self":[{"href":"https:\/\/yogaplume.fr\/index.php\/wp-json\/wp\/v2\/pages\/1785"}],"collection":[{"href":"https:\/\/yogaplume.fr\/index.php\/wp-json\/wp\/v2\/pages"}],"about":[{"href":"https:\/\/yogaplume.fr\/index.php\/wp-json\/wp\/v2\/types\/page"}],"author":[{"embeddable":true,"href":"https:\/\/yogaplume.fr\/index.php\/wp-json\/wp\/v2\/users\/1"}],"replies":[{"embeddable":true,"href":"https:\/\/yogaplume.fr\/index.php\/wp-json\/wp\/v2\/comments?post=1785"}],"version-history":[{"count":51,"href":"https:\/\/yogaplume.fr\/index.php\/wp-json\/wp\/v2\/pages\/1785\/revisions"}],"predecessor-version":[{"id":2993,"href":"https:\/\/yogaplume.fr\/index.php\/wp-json\/wp\/v2\/pages\/1785\/revisions\/2993"}],"wp:attachment":[{"href":"https:\/\/yogaplume.fr\/index.php\/wp-json\/wp\/v2\/media?parent=1785"}],"curies":[{"name":"wp","href":"https:\/\/api.w.org\/{rel}","templated":true}]}}