{"id":1718,"date":"2016-03-29T14:17:13","date_gmt":"2016-03-29T14:17:13","guid":{"rendered":"http:\/\/127.0.0.1:12080\/themler_1515493704\/wordpress\/?page_id=1718"},"modified":"2016-06-03T14:57:36","modified_gmt":"2016-06-03T13:57:36","slug":"en-entreprise","status":"publish","type":"page","link":"https:\/\/yogaplume.fr\/index.php\/en-entreprise\/","title":{"rendered":"EN ENTREPRISE"},"content":{"rendered":"<!--[fluid_10001]--><!--{content}-->    <!--[section]-->\n\t\t<style>\n.bd-section-267420768{background-image:url(http:\/\/yogaplume.fr\/wp-content\/uploads\/2016\/05\/190374931e3910ffd4270f9b3ab24f62_EnentrepriseYogaPlume23.png);background-repeat:no-repeat;background-attachment:scroll;height:1080px;margin-bottom:143px;margin-top:32px;background-size:contain;background-position:center top;}\n.bd-section-267420768{\n\tline-height:  28.57142858px;\n\tfont-size:  20px;\n\tcolor:  #ffffff;\n\ttext-transform:  uppercase;\n\ttext-align:  center;\n\tletter-spacing:  5px;\n}\n.bd-section-267420768 h1{\n\tline-height:  96px;\n\tfont-size:  96px;\n\tletter-spacing:  -2px;\n\tfont-weight:  800;\n}\n<\/style>\t\t<section id=section3 class=\" bd-section-267420768 bd-page-width  bd-tagstyles\" data-section-title=\"Container in Full-Width Section\">\n\t\t\t<div class=\"bd-container-inner bd-margins clearfix\">\n\t\t\t\t<!--{content}-->\n\t\t\t\t\t<!--[background_width]--><!--{content}--><!--[layoutbox]--><style>\n.additional-class-2010514977{position:absolute;left:50%;top:50%;transform:translateX(-50%) translateY(-50%);}<\/style><div class=\"clearfix  additional-class-2010514977 bd-background-width  bd-no-margins\"><div class=\"bd-container-inner\"><!--{content}-->    <!--[text]-->\n                <p class=\" additional-class-792854429  bd-content-element\">\n            <!--{content}-->\n                            <!--{\/content}-->\n        <\/p>\n    <!--[\/text]-->\n<!--{\/content}--><\/div><\/div><!--[\/layoutbox]--><!--{\/content}--><!--[\/background_width]-->\t\t\t\t<!--{\/content}-->\n\t\t\t<\/div>\n\t\t<\/section>\n\t<!--[\/section]-->\n<!--{\/content}--><!--[\/fluid_10001]-->\n<!--[background_width_10000]--><!--{content}-->    <!--[section]-->\n\t\t<style>\n.bd-section-1063879852{background-color:#dddddd;padding-top:0px;padding-bottom:0px;}\n.bd-section-1063879852{\n\tline-height:  27.2px;\n\tcolor:  #000000;\n\tfont-size:  16px;\n\ttext-align:  left;\n}\n.bd-section-1063879852 h4{\n\tline-height:  24px;\n\tfont-weight:  400;\n\tfont-size:  20px;\n\tmargin-top:  0.7em;\n\tmargin-bottom:  0.7em;\n\tcolor:  #ffffff;\n\tfont-style:  italic;\n\tletter-spacing:  1px;\n}\n.bd-section-1063879852 h1{\n\tline-height:  72px;\n\tfont-weight:  500;\n\tfont-size:  72px;\n\ttext-transform:  uppercase;\n\tletter-spacing:  1px;\n\tcolor:  #ffffff;\n}\n\n@media (max-width: 991px) {.bd-section-1063879852 h1{\n\tline-height:  50px;\n\tfont-size:  50px;\n}\n}<\/style>\t\t<section id=section3 class=\" bd-section-1063879852 bd-background-width  bd-tagstyles\" data-section-title=\"Full Page Text Left\">\n\t\t\t<div class=\"bd-container-inner bd-margins clearfix\">\n\t\t\t\t<!--{content}-->\n\t\t\t\t\t<!--[layoutbox]--><style>\n.additional-class-95215001{padding-right:1em;padding-left:1em;height:242px;width:75%;margin-left:auto auto auto 0px;margin-right:auto auto auto 0px;}\n@media (max-width: 1199px) {.additional-class-95215001{width:80%;}}\n@media (max-width: 767px) {.additional-class-95215001{padding:10px;width:100%;}}<\/style><div class=\"clearfix  additional-class-95215001  bd-no-margins bd-no-margins\"><div class=\"bd-container-inner\"><!--{content}-->\n    <!--[spacer]-->\n    <style>\n.bd-spacer-2026320420{height:2em;}<\/style>    <div class=\" bd-spacer-2026320420  clearfix\">\n        <!--{content}--><!--{\/content}-->\n    <\/div>\n    <!--[\/spacer]-->\n\n    \n\t\n\t\t    <!--[text]-->\n        <style>\n.additional-class-1970478483{margin-right:10px;margin-left:-6px;padding-right:14px;padding-left:14px;}<\/style>        <p class=\" additional-class-1970478483  bd-no-margins bd-content-element\">\n            <!--{content}-->\n                Je vous propose de vous accompagner vers cet objectif de Qualit\u00e9 de Vie au Travail sous forme d'ateliers \u00e0 th\u00e8mes que nous aurons \u00e9tablies \u00e0 l'avance en fonctions de votre R\u00e9alit\u00e9 d'Entreprise et de vos besoins.&nbsp;<br style=\"color: rgb(85, 85, 85); font-size: 14px; line-height: 20px; text-align: center; background-color: rgb(255, 255, 255);\">Je viens vous rencontrer afin de pouvoir r\u00e9pondre \u00e0 toutes vos questions.            <!--{\/content}-->\n        <\/p>\n    <!--[\/text]-->\n\n\t\n\t\t<!--[button]--><style>\n.additional-class-365636131{margin-top:0px;}<\/style><style>.additional-class-365636131 {\n                    text-decoration: inherit;\n\t                display: inline-block;\n\t                speak: none;\n\t            }\n\n                .additional-class-365636131:before {\n                    font-family: 'Billion Web Font';\n\t                font-style: normal;\n\t                font-weight: normal;\n\t                text-decoration: inherit;\n\t                text-align: center;\n\t                text-transform: none;\n\t                width: 1em;\n                }.additional-class-365636131:before { content: '\\252'; }.additional-class-365636131:before {width: auto; visibility: inherit;}.additional-class-365636131:before{display: inline-block;}<\/style><style>\n.additional-class-365636131:before{color:#ffffff;float:right;font-size:16px;margin-left:10px;-webkit-transition:all 300ms;transition:all 300ms;line-height:22.85714286px;line-height:22.85714286px;}<\/style><style>.additional-class-365636131:before{line-height: 16px;}<\/style><style>.additional-class-365636131:before {\n        vertical-align: middle;\n        text-decoration: none;\n    }<\/style><style>.additional-class-365636131:hover {\n                    text-decoration: inherit;\n\t                display: inline-block;\n\t                speak: none;\n\t            }\n\n                .additional-class-365636131:hover:before {\n                    font-family: 'Billion Web Font';\n\t                font-style: normal;\n\t                font-weight: normal;\n\t                text-decoration: inherit;\n\t                text-align: center;\n\t                text-transform: none;\n\t                width: 1em;\n                }.additional-class-365636131:hover:before {width: auto; visibility: inherit;}.additional-class-365636131:hover:before{display: inline-block;}<\/style><style>\n.additional-class-365636131:hover:before{color:#269ccb;}<\/style><style>.additional-class-365636131:hover:before {\n        vertical-align: middle;\n        text-decoration: none;\n    }<\/style><a href=\"http:\/\/yogaplume.fr\/index.php\/interventions\/\" class=\"bd-button-109  additional-class-365636131  bd-icon bd-own-margins bd-content-element\"><!--{content}-->\nCONTACTEZ-MOI\n<!--{\/content}--><\/a><!--[\/button]--><!--{\/content}--><\/div><\/div><!--[\/layoutbox]-->\t\t\t\t<!--{\/content}-->\n\t\t\t<\/div>\n\t\t<\/section>\n\t<!--[\/section]-->\n<!--{\/content}--><!--[\/background_width_10000]-->\n","protected":false},"excerpt":{"rendered":"","protected":false},"author":1,"featured_media":0,"parent":0,"menu_order":0,"comment_status":"closed","ping_status":"closed","template":"","meta":[],"_links":{"self":[{"href":"https:\/\/yogaplume.fr\/index.php\/wp-json\/wp\/v2\/pages\/1718"}],"collection":[{"href":"https:\/\/yogaplume.fr\/index.php\/wp-json\/wp\/v2\/pages"}],"about":[{"href":"https:\/\/yogaplume.fr\/index.php\/wp-json\/wp\/v2\/types\/page"}],"author":[{"embeddable":true,"href":"https:\/\/yogaplume.fr\/index.php\/wp-json\/wp\/v2\/users\/1"}],"replies":[{"embeddable":true,"href":"https:\/\/yogaplume.fr\/index.php\/wp-json\/wp\/v2\/comments?post=1718"}],"version-history":[{"count":17,"href":"https:\/\/yogaplume.fr\/index.php\/wp-json\/wp\/v2\/pages\/1718\/revisions"}],"predecessor-version":[{"id":2614,"href":"https:\/\/yogaplume.fr\/index.php\/wp-json\/wp\/v2\/pages\/1718\/revisions\/2614"}],"wp:attachment":[{"href":"https:\/\/yogaplume.fr\/index.php\/wp-json\/wp\/v2\/media?parent=1718"}],"curies":[{"name":"wp","href":"https:\/\/api.w.org\/{rel}","templated":true}]}}