{"id":1713,"date":"2016-03-29T13:46:14","date_gmt":"2016-03-29T13:46:14","guid":{"rendered":"http:\/\/127.0.0.1:12080\/themler_1515493704\/wordpress\/?page_id=1713"},"modified":"2016-06-10T08:34:57","modified_gmt":"2016-06-10T07:34:57","slug":"relation-daide","status":"publish","type":"page","link":"https:\/\/yogaplume.fr\/index.php\/relation-daide\/","title":{"rendered":"RELATION D&rsquo;AIDE"},"content":{"rendered":"<!--[background_width_10000]--><!--{content}-->    <!--[section]-->\n\t\t<style>\n.bd-section-655441799{background-image:url(http:\/\/yogaplume.fr\/wp-content\/uploads\/2016\/05\/082bcad2785578f3161203f8ee44ad51_2chaisesuntable.jpg);background-attachment:scroll;background-position:center center;background-repeat:repeat;background-size:cover;}\n.bd-section-655441799{\n\tline-height:  23.8px;\n\tcolor:  #333333;\n\tfont-size:  14px;\n\ttext-align:  right;\n\ttext-decoration:  none;\n}\n.bd-section-655441799 h1{\n\tline-height:  52.85714287px;\n\tcolor:  #9a95c6;\n\ttext-transform:  uppercase;\n\tfont-size:  37px;\n\tfont-weight:  700;\n}\n\n@media (max-width: 991px) {.bd-section-655441799 h1{\n\tline-height:  37.14285715px;\n\tfont-size:  26px;\n}\n}<\/style>\t\t<section id=section4 class=\" bd-section-655441799 bd-background-width  bd-tagstyles\" data-section-title=\"Two Thirds Image Left\">\n\t\t\t<div class=\"bd-container-inner bd-margins clearfix\">\n\t\t\t\t<!--{content}-->\n\t\t\t\t\t    <!--[columns]-->\n        <style>\n.bd-layoutcontainer-1131815609 > .bd-container-inner > .container-fluid > .row{height:100%;margin:0px;}\n.bd-layoutcontainer-1131815609 > .bd-container-inner > .container-fluid > .row > div{padding:0px;}\n.bd-layoutcontainer-1131815609  > .bd-container-inner > .container-fluid:after{display:none;}<\/style><style>\n.bd-layoutcontainer-1131815609 > .bd-container-inner > .container-fluid, .bd-layoutcontainer-1131815609 > .bd-container-inner > .container-fluid > .row{height:100%;}<\/style><style>.bd-layoutcontainer-1131815609 > .bd-container-inner > .container-fluid {padding-left: 0; padding-right: 0;}<\/style>        <style>\n@media (max-width: 767px) {.bd-layoutcolumn-370323387{height:100vw;}}\n\n.bd-layoutcolumn-1615958264{min-height:50vw;background-color:#f5f5f5;padding:3em 2em;}<\/style>        <div class=\" bd-layoutcontainer-1131815609  bd-columns bd-no-margins\">\n            <div class=\"bd-container-inner\">\n                <div class=\"container-fluid\">\n                    <div class=\"row bd-row-flex bd-row-align-middle\">\n                        <!--{content}-->\n                                <!--[column]-->\n        <div class=\"col-sm-8 bd-columnwrapper-370323387\">\n            <div class=\"bd-column  bd-layoutcolumn-370323387 \">\n                <div class=\"bd-vertical-align-wrapper\">\n                    <!--{content}-->\n                                            <!--{\/content}-->\n                <\/div>\n            <\/div>\n        <\/div>\n    <!--[\/column]-->\n\n\t\n\t\t    <!--[column]-->\n        <div class=\"col-sm-4 bd-columnwrapper-1615958264\">\n            <div class=\"bd-column  bd-layoutcolumn-1615958264 \">\n                <div class=\"bd-vertical-align-wrapper\">\n                    <!--{content}-->\n                            <!--[text]-->\n        <style>\n.additional-class-1889137523{height:104px;}<\/style>        <h1 class=\" additional-class-1889137523  bd-content-element\">\n            <!--{content}-->\n                la relation d'aide            <!--{\/content}-->\n        <\/h1>\n    <!--[\/text]-->\n\n\t\n\t\t    <!--[text]-->\n        <style>\n.additional-class-1355892356{margin-bottom:44px;}<\/style>        <p class=\" additional-class-1355892356  bd-content-element\">\n            <!--{content}-->\n                &nbsp;Tout au long de la vie, l\u2019individu est confront\u00e9 \u00e0 des changements importants. Ces changements le plus souvent sont g\u00e9n\u00e9rateurs de peur de perdre&nbsp;ce \u00e0 qui ou \u00e0 quoi nous sommes attach\u00e9s\u2026C\u2019est lors de ces situations de \u00ab crise \u00bb que la personne a besoin d\u2019\u00eatre aid\u00e9.            <!--{\/content}-->\n        <\/p>\n    <!--[\/text]-->\n\n\t\n\t\t    <!--[text]-->\n        <style>\n.additional-class-1253761077{margin-top:44px;}\n.additional-class-1253761077{\n\tfont-style:  italic;\n}\n<\/style>        <p class=\" additional-class-1253761077  bd-content-element\">\n            <!--{content}-->\n                Une approche cr\u00e9atrice et non directive\n\nIniti\u00e9e par Carl ROGERS en 1942, fondateur de la Th\u00e9rapie Centr\u00e9e sur la Personne            <!--{\/content}-->\n        <\/p>\n    <!--[\/text]-->\n                    <!--{\/content}-->\n                <\/div>\n            <\/div>\n        <\/div>\n    <!--[\/column]-->\n                        <!--{\/content}-->\n                    <\/div>\n                <\/div>\n            <\/div>\n        <\/div>\n    <!--[\/columns]-->\n\t\t\t\t<!--{\/content}-->\n\t\t\t<\/div>\n\t\t<\/section>\n\t<!--[\/section]-->\n<!--{\/content}--><!--[\/background_width_10000]-->\n<!--[background_width_10001]--><!--{content}-->    <!--[section]-->\n\t\t<style>\n.bd-section-517849948{background-color:rgba(154, 149, 198, 0.75);padding-top:4em;}\n.bd-section-517849948{\n\tline-height:  32px;\n\tfont-size:  16px;\n\ttext-align:  center;\n}\n.bd-section-517849948 h4{\n\tline-height:  32px;\n\tmargin-bottom:  4px;\n\tmargin-top:  4px;\n\tcolor:  #000000;\n\ttext-transform:  uppercase;\n\tfont-size:  16px;\n}\n.bd-section-517849948 h1{\n\tline-height:  41.4px;\n\tfont-size:  36px;\n\tfont-weight:  600;\n\ttext-transform:  uppercase;\n\tcolor:  #000000;\n\tmargin-bottom:  0px;\n}\n\n@media (max-width: 767px) {.bd-section-517849948 h4{\n\tline-height:  21px;\n\tmargin-top:  20px;\n}\n.bd-section-517849948 h1{\n\tline-height:  30px;\n\tfont-size:  30px;\n}\n}<\/style>\t\t<section id=section5 class=\" bd-section-517849948 bd-background-width  bd-tagstyles\" data-section-title=\"Two Columns Top Offset Over Image\">\n\t\t\t<div class=\"bd-container-inner bd-margins clearfix\">\n\t\t\t\t<!--{content}-->\n\t\t\t\t\t    <!--[columns]-->\n        <style>\n.bd-layoutcontainer-1925276743 > .bd-container-inner > .container-fluid > .row{height:100%;margin:0px;}\n.bd-layoutcontainer-1925276743 > .bd-container-inner > .container-fluid > .row > div{padding:0px;}\n.bd-layoutcontainer-1925276743  > .bd-container-inner > .container-fluid:after{display:none;}<\/style><style>\n.bd-layoutcontainer-1925276743 > .bd-container-inner > .container-fluid, .bd-layoutcontainer-1925276743 > .bd-container-inner > .container-fluid > .row{height:100%;}<\/style><style>.bd-layoutcontainer-1925276743 > .bd-container-inner > .container-fluid {padding-left: 0; padding-right: 0;}<\/style>        <style>\n.bd-layoutcolumn-1868695810{background-color:#ffffff;margin-left:4em;margin-right:4em;margin-bottom:0px;z-index:1;position:relative;padding:10%;}\n@media (max-width: 767px) {.bd-layoutcolumn-1868695810{margin-left:2em;margin-right:2em;margin-bottom:-2em;padding:5%;}}\n\n.bd-layoutcolumn-1016751960{height:40vh;position:relative;margin-top:0px;margin-bottom:0px;}<\/style>        <div class=\" bd-layoutcontainer-1925276743  bd-columns bd-no-margins\">\n            <div class=\"bd-container-inner\">\n                <div class=\"container-fluid\">\n                    <div class=\"row bd-row-flex bd-row-align-middle\">\n                        <!--{content}-->\n                                <!--[column]-->\n        <div class=\"col-lg-12 bd-columnwrapper-1868695810\">\n            <div class=\"bd-column  bd-layoutcolumn-1868695810  bd-no-margins\">\n                <div class=\"bd-vertical-align-wrapper\">\n                    <!--{content}-->\n                            <!--[text]-->\n        <style>\nh1.additional-class-1298312568{\n\tfont-weight:  normal;\n}\n<\/style>        <h1 class=\" additional-class-1298312568  bd-content-element\">\n            <!--{content}-->\n                la relation d'aide            <!--{\/content}-->\n        <\/h1>\n    <!--[\/text]-->\n\n\t\n\t\t    <!--[text]-->\n                <h4 class=\" additional-class-1952750734  bd-content-element\">\n            <!--{content}-->\n                l\u2019empathie, l\u2019\u00e9coute active, le non jugement            <!--{\/content}-->\n        <\/h4>\n    <!--[\/text]-->\n\n\t\n\t\t\n    <!--[separator]-->\n    <style>\n.bd-separator-1637759736{display:inline-block;}<\/style>        <style>\n.bd-separator-1637759736 .bd-separator-inner:before, .bd-separator-1637759736 .bd-separator-inner:after{height:40px;display:inline-block;margin-top:40px;border-top:1px solid #555555;}<\/style>    <style>\n.bd-separator-1637759736 .bd-separator-inner{width:50px;}<\/style>\n    <div class=\" bd-separator-1637759736  bd-separator-center bd-separator-content-center clearfix\">\n        <div class=\"bd-container-inner\">\n            <div class=\"bd-separator-inner\">\n                                <!--{content}--><!--{\/content}-->\n            <\/div>\n        <\/div>\n    <\/div>\n    <!--[\/separator]-->\n\n    \n\t\n\t\t    <!--[text]-->\n        <style>\n.additional-class-12279673{margin-top:0px;}<\/style>        <p class=\" additional-class-12279673  bd-content-element\">\n            <!--{content}-->\n                Ce besoin d\u2019aide varie non en fonction de l\u2019\u00e9v\u00e9nement mais essentiellement en fonction du v\u00e9cu de la personne aid\u00e9e et de son \u00ab bagage \u00bb psycho-sociaux -culturel et environnemental.\nPar son accompagnement le th\u00e9rapeute permet \u00e0 l\u2019individu de lib\u00e9rer le potentiel qu\u2019il a en lui pour r\u00e9soudre par lui-m\u00eame ses probl\u00e8mes personnels.\nLa relation d\u2019aide est bas\u00e9e sur trois principaux concepts :&nbsp;<br><b>&nbsp;l\u2019empathie,<\/b>\n<b>&nbsp;<\/b><br><b>l\u2019\u00e9coute active,<\/b>\n<b>&nbsp;<\/b><br><b>le non jugement.<\/b><br>\nCette relation se d\u00e9veloppe au cours d\u2019un entretien visant la compr\u00e9hension profonde de ce qu\u2019il vit l\u2019aid\u00e9, de sa mani\u00e8re de comprendre sa situation et de percevoir les moyens dont il dispose pour r\u00e9soudre ses probl\u00e8mes et pour \u00e9voluer.\nIl s\u2019agit d\u2019un \u00e9change \u00e0 la fois verbal et non verbal qui favorise la cr\u00e9ation d\u2019un climat de compr\u00e9hension et l\u2019apport d\u2019un soutien dont la personne a besoin au cours d\u2019une \u00e9preuve.            <!--{\/content}-->\n        <\/p>\n    <!--[\/text]-->\n                    <!--{\/content}-->\n                <\/div>\n            <\/div>\n        <\/div>\n    <!--[\/column]-->\n\n\t\n\t\t    <!--[column]-->\n        <div class=\"col-lg-12 bd-columnwrapper-1016751960\">\n            <div class=\"bd-column  bd-layoutcolumn-1016751960 \">\n                <div class=\"bd-vertical-align-wrapper\">\n                    <!--{content}-->\n                        <!--[image]--><style>\n.additional-class-10910366{width:1162px;}<\/style><img src=\"http:\/\/yogaplume.fr\/wp-content\/uploads\/2016\/05\/f704fff9f6fd6ce9241196fde08f7d4d_PontAEouRAide.jpg\" class=\" additional-class-10910366    bd-own-margins\"><!--{content}--><!--{\/content}--><!--[\/image]-->                    <!--{\/content}-->\n                <\/div>\n            <\/div>\n        <\/div>\n    <!--[\/column]-->\n                        <!--{\/content}-->\n                    <\/div>\n                <\/div>\n            <\/div>\n        <\/div>\n    <!--[\/columns]-->\n\t\t\t\t<!--{\/content}-->\n\t\t\t<\/div>\n\t\t<\/section>\n\t<!--[\/section]-->\n<!--{\/content}--><!--[\/background_width_10001]-->\n<!--[background_width_10002]--><!--{content}-->    <!--[section]-->\n\t\t<style>\n.bd-section-1633841845{background-color:#ededed;padding-top:2em;}\n.bd-section-1633841845{\n\tline-height:  32px;\n\tcolor:  #000000;\n\tfont-size:  16px;\n\tletter-spacing:  1px;\n\ttext-align:  center;\n}\n.bd-section-1633841845 h3{\n\ttext-align:  center;\n}\n.bd-section-1633841845 h2{\n\tline-height:  57.1429px;\n\tcolor:  #000000;\n\tfont-size:  40px;\n\tfont-weight:  600;\n\ttext-transform:  uppercase;\n}\n\n@media (max-width: 767px) {.bd-section-1633841845{\n\tline-height:  23.8px;\n\tfont-size:  14px;\n}\n.bd-section-1633841845 h2{\n\tline-height:  44.2857px;\n\tfont-size:  31px;\n}\n}<\/style>\t\t<section id=section4 class=\" bd-section-1633841845 bd-background-width  bd-tagstyles\" data-section-title=\"Row With Bottom Offset Over Image in Left Column\">\n\t\t\t<div class=\"bd-container-inner bd-margins clearfix\">\n\t\t\t\t<!--{content}-->\n\t\t\t\t\t    <!--[columns]-->\n        <style>\n.bd-layoutcontainer-1419146592  > .bd-container-inner > .container-fluid:after{display:none;}<\/style><style>\n.bd-layoutcontainer-1419146592 > .bd-container-inner > .container-fluid, .bd-layoutcontainer-1419146592 > .bd-container-inner > .container-fluid > .row{height:100%;}<\/style><style>.bd-layoutcontainer-1419146592 > .bd-container-inner > .container-fluid {padding-left: 0; padding-right: 0;}<\/style>        <style>\n.bd-layoutcolumn-1784953436{background-color:#ffffff;margin:2em;padding:10%;}\n@media (max-width: 767px) {.bd-layoutcolumn-1784953436{margin-left:1em;margin-right:1em;padding:5%;}}<\/style>        <div class=\" bd-layoutcontainer-1419146592  bd-columns bd-no-margins\">\n            <div class=\"bd-container-inner\">\n                <div class=\"container-fluid\">\n                    <div class=\"row bd-row-flex bd-row-align-middle\">\n                        <!--{content}-->\n                                <!--[column]-->\n        <div class=\"col-md-6 bd-columnwrapper-1027811604\">\n            <div class=\"bd-column  bd-layoutcolumn-1027811604 \">\n                <div class=\"bd-vertical-align-wrapper\">\n                    <!--{content}-->\n                            <!--[columns_1]-->\n        <style>\n.bd-layoutcontainer-1041281893 > .bd-container-inner > .container-fluid > .row{height:100%;margin:0px;}\n.bd-layoutcontainer-1041281893 > .bd-container-inner > .container-fluid > .row > div{padding:0px;}\n.bd-layoutcontainer-1041281893  > .bd-container-inner > .container-fluid:after{display:none;}<\/style><style>\n.bd-layoutcontainer-1041281893 > .bd-container-inner > .container-fluid, .bd-layoutcontainer-1041281893 > .bd-container-inner > .container-fluid > .row{height:100%;}<\/style><style>.bd-layoutcontainer-1041281893 > .bd-container-inner > .container-fluid {padding-left: 0; padding-right: 0;}<\/style>        <style>\n.bd-layoutcolumn-1678559179{position:relative;height:40vh;margin-bottom:0px;}\n\n.bd-layoutcolumn-229694283{background-color:rgba(255, 255, 255, 0.9);min-height:250px;margin:0px 2em;padding:10%;}\n@media (max-width: 767px) {.bd-layoutcolumn-229694283{margin-top:-2em;margin-left:1em;margin-right:1em;padding:5%;}}<\/style>        <div class=\" bd-layoutcontainer-1041281893  bd-columns bd-no-margins\">\n            <div class=\"bd-container-inner\">\n                <div class=\"container-fluid\">\n                    <div class=\"row bd-row-flex bd-row-align-middle\">\n                        <!--{content}-->\n                                <!--[column_1]-->\n        <div class=\"col-lg-12 bd-columnwrapper-1678559179\">\n            <div class=\"bd-column  bd-layoutcolumn-1678559179 \">\n                <div class=\"bd-vertical-align-wrapper\">\n                    <!--{content}-->\n                                            <!--{\/content}-->\n                <\/div>\n            <\/div>\n        <\/div>\n    <!--[\/column_1]-->\n\n\t\n\t\t    <!--[column_1]-->\n        <div class=\"col-lg-12 bd-columnwrapper-229694283\">\n            <div class=\"bd-column  bd-layoutcolumn-229694283  bd-no-margins\">\n                <div class=\"bd-vertical-align-wrapper\">\n                    <!--{content}-->\n                            <!--[text]-->\n        <style>\n.additional-class-1438975270{margin-bottom:58px;margin-top:0px;}\nh3.additional-class-1438975270{\n\tcolor:  #000000;\n}\n<\/style>        <h3 class=\" additional-class-1438975270  bd-content-element\">\n            <!--{content}-->\n                DIFFICULT\u00c9S RENCONTR\u00c9ES            <!--{\/content}-->\n        <\/h3>\n    <!--[\/text]-->\n\n\t\n\t\t    <!--[text]-->\n        <style>\n.additional-class-1298029138{height:368px;margin-top:58px;width:392px;}\n.additional-class-1298029138{\n\tcolor:  #555555;\n}\n<\/style>        <p class=\" additional-class-1298029138  bd-content-element\">\n            <!--{content}-->\n                Stress\nInqui\u00e9tude&nbsp;<br>Difficult\u00e9s relationnelles&nbsp;<br>Mal de vivre<br>souffrance psychique&nbsp;<br>Conflit familial&nbsp;<br>Conflit au travail&nbsp;<br>Perte de sens&nbsp;<br>D\u00e9pendance \u00e0 l\u2019autre&nbsp;<br>&nbsp;Perte d\u2019emploi, d\u2019un \u00eatre cher\u2026<br>Manque d\u2019estime et de confiance en soi\u2026&nbsp;            <!--{\/content}-->\n        <\/p>\n    <!--[\/text]-->\n                    <!--{\/content}-->\n                <\/div>\n            <\/div>\n        <\/div>\n    <!--[\/column_1]-->\n                        <!--{\/content}-->\n                    <\/div>\n                <\/div>\n            <\/div>\n        <\/div>\n    <!--[\/columns_1]-->\n                    <!--{\/content}-->\n                <\/div>\n            <\/div>\n        <\/div>\n    <!--[\/column]-->\n\n\t\n\t\t    <!--[column]-->\n        <div class=\"col-md-6 bd-columnwrapper-1784953436\">\n            <div class=\"bd-column  bd-layoutcolumn-1784953436  bd-no-margins\">\n                <div class=\"bd-vertical-align-wrapper\">\n                    <!--{content}-->\n                            <!--[text]-->\n        <style>\n.additional-class-1930599859{margin-top:0px;margin-bottom:39px;}<\/style>        <h3 class=\" additional-class-1930599859  bd-content-element\">\n            <!--{content}-->\n                OBJECTIFS D'\u00c9VOLUTION&nbsp;            <!--{\/content}-->\n        <\/h3>\n    <!--[\/text]-->\n\n\t\n\t\t    <!--[text]-->\n        <style>\n.additional-class-1974788186{height:198px;margin-top:39px;}<\/style>        <p class=\" additional-class-1974788186  bd-content-element\">\n            <!--{content}-->\n                Acc\u00e9der \u00e0 une meilleure connaissance de soi\nApprendre \u00e0 s\u2019accepter&nbsp;<br>G\u00e9rer ses \u00e9motions&nbsp;<br>Oser faire des choix&nbsp;<br>Am\u00e9liorer les relations et la communication\nDevenir auteur et acteur de sa propre vie\u2026            <!--{\/content}-->\n        <\/p>\n    <!--[\/text]-->\n\n\t\n\t\t    <!--[image_scaling]-->\n        <style>\n.bd-imagescaling-1118455926.bd-imagescaling-img, .bd-imagescaling-1118455926 .bd-imagescaling-img{background-position:center center;background-repeat:no-repeat;background-size:cover;}<\/style>        <!--{content}-->\n            <!--[image]--><style>\n.additional-class-1881087906{width:0px;}<\/style><img src=\"http:\/\/yogaplume.fr\/wp-content\/uploads\/2016\/05\/a460bbea6f71489cd16869d4d9ec066c_chemin7.jpg\" class=\" additional-class-1881087906 bd-own-margins bd-imagescaling  bd-imagescaling-1118455926 \"><!--{content}--><!--{\/content}--><!--[\/image]-->        <!--{\/content}-->\n    <!--[\/image_scaling]-->\n\n\t\n\t\t<!--[image]--><style>\n.additional-class-1526861285{width:254px;height:381px;}<\/style><img src=\"http:\/\/yogaplume.fr\/wp-content\/uploads\/2016\/05\/23e384041dbc9a4454b46db27bd682f4_chemin7.jpg\" class=\" additional-class-1526861285    bd-own-margins\"><!--{content}--><!--{\/content}--><!--[\/image]-->                    <!--{\/content}-->\n                <\/div>\n            <\/div>\n        <\/div>\n    <!--[\/column]-->\n                        <!--{\/content}-->\n                    <\/div>\n                <\/div>\n            <\/div>\n        <\/div>\n    <!--[\/columns]-->\n\t\t\t\t<!--{\/content}-->\n\t\t\t<\/div>\n\t\t<\/section>\n\t<!--[\/section]-->\n<!--{\/content}--><!--[\/background_width_10002]-->\n","protected":false},"excerpt":{"rendered":"","protected":false},"author":1,"featured_media":0,"parent":0,"menu_order":0,"comment_status":"closed","ping_status":"closed","template":"","meta":[],"_links":{"self":[{"href":"https:\/\/yogaplume.fr\/index.php\/wp-json\/wp\/v2\/pages\/1713"}],"collection":[{"href":"https:\/\/yogaplume.fr\/index.php\/wp-json\/wp\/v2\/pages"}],"about":[{"href":"https:\/\/yogaplume.fr\/index.php\/wp-json\/wp\/v2\/types\/page"}],"author":[{"embeddable":true,"href":"https:\/\/yogaplume.fr\/index.php\/wp-json\/wp\/v2\/users\/1"}],"replies":[{"embeddable":true,"href":"https:\/\/yogaplume.fr\/index.php\/wp-json\/wp\/v2\/comments?post=1713"}],"version-history":[{"count":26,"href":"https:\/\/yogaplume.fr\/index.php\/wp-json\/wp\/v2\/pages\/1713\/revisions"}],"predecessor-version":[{"id":2633,"href":"https:\/\/yogaplume.fr\/index.php\/wp-json\/wp\/v2\/pages\/1713\/revisions\/2633"}],"wp:attachment":[{"href":"https:\/\/yogaplume.fr\/index.php\/wp-json\/wp\/v2\/media?parent=1713"}],"curies":[{"name":"wp","href":"https:\/\/api.w.org\/{rel}","templated":true}]}}